{"id":672,"date":"2022-07-05T07:16:41","date_gmt":"2022-07-05T07:16:41","guid":{"rendered":"http:\/\/lacamaazul.com\/?page_id=672"},"modified":"2024-11-11T17:18:43","modified_gmt":"2024-11-11T17:18:43","slug":"politica-de-privacidad","status":"publish","type":"page","link":"https:\/\/lacamaazul.com\/es\/en\/politica-de-privacidad\/","title":{"rendered":"Polit\u00edca de privacidad"},"content":{"rendered":"<p>Protecci\u00f3n de datos de car\u00e1cter personal:<\/p>\n\n\n\n<p>El responsable del tratamiento de estos datos es La Cama Azul C\/Madera 9, 1\u00baB \u2013 Madrid C.I.F.: 26202279N &#8211;\u00a0\u00a0<a href=\"mailto:infolacamaazul@gmail.com\">info@lacamaazul.es<\/a>. Los datos suministrados o manejados por el responsable en la p\u00e1gina web, siguen el estricto dictado de lo dispuesto en el RGPD.<\/p>\n\n\n\n<p>Todos los datos utilizados en el proceso de compra, siguen el dictado establecido en el formulario de consentimiento para dicho proceso, que viene detallado en este mismo apartado.(\u00abREGISTRARSE\u00bb)<\/p>\n\n\n\n<p>Le informamos que no se realizar\u00e1 ninguna cesi\u00f3n de datos a terceros, salvo aquellas necesarias para el cumplimiento de la relaci\u00f3n contractual, as\u00ed como en los supuestos legalmente exigidos.<\/p>\n\n\n\n<p>Los datos de car\u00e1cter personal ser\u00e1n tratados cumpliendo con las medidas t\u00e9cnicas y organizativas necesarias para garantizar la seguridad, integridad y confidencialidad de los datos de car\u00e1cter personal conforme a lo dispuesto en el Reglamento General de Protecci\u00f3n de Datos de Car\u00e1cter Personal UE 679\/2016.<\/p>\n\n\n\n<p>El usuario garantiza que los datos proporcionados a trav\u00e9s de los formularios u otras formas de comunicaci\u00f3n son correctos y exactos.&nbsp;<\/p>\n\n\n\n<p>Los contenidos de esta p\u00e1gina web no est\u00e1n dirigidos a menores de 14 a\u00f1os, adopt\u00e1ndose en consecuencia todas las medidas necesarias a tal efecto.&nbsp;<\/p>\n\n\n\n<p>Podr\u00e1 ejercitar sus derechos de acceso, rectificaci\u00f3n, cancelaci\u00f3n, oposici\u00f3n y portabilidad en la direcci\u00f3n C\/Madera 9, 1\u00baB \u2013 Madrid C.I.F.: 26202279N &#8211;\u00a0<a href=\"mailto:infolacamaazul@gmail.com\">info@lacamaazul.es<\/a>. Tenga en cuenta que, en el caso del FORMULARIO DE CONTACTO ( \u00abCONTACTAR\u00bb):<\/p>\n\n\n\n<p>Le informamos que sus datos personales, en aplicaci\u00f3n del Reglamento General de Protecci\u00f3n de \u00e1mbito europeo 679\/2016, ser\u00e1n utilizados para&nbsp;la realizaci\u00f3n de las gestiones y operaciones necesarias derivadas de su consulta por la v\u00eda web, y con la marcaci\u00f3n de la casilla \u00abAcepto las condiciones de Pol\u00edtica de Privacidad\u00bb , se entiende que consiente expresamente el uso de los datos para esta finalidad.<\/p>\n\n\n\n<p>Las finalidades aceptadas, permiten que bajo el inter\u00e9s leg\u00edtimo del&nbsp;tratamiento, se puedan utilizar dichos datos y cesi\u00f3n de datos a terceros con los que el Responsable trabaje, teniendo en cuenta los supuestos legalmente exigidos.<\/p>\n\n\n\n<p>La vigencia del uso de los datos para las finalidades aceptadas se mantendr\u00e1 mientras dure la relaci\u00f3n, en el momento de extinci\u00f3n de la misma, proceder\u00e1n a ser bloqueados, conservando solamente lo preceptivo legalmente en caso de no haber prescrito per\u00edodo de conservaci\u00f3n.<\/p>\n\n\n\n<p>Podr\u00e1 ejercitar sus derechos de acceso, rectificaci\u00f3n, cancelaci\u00f3n, oposici\u00f3n\u00a0y portabilidad en la direcci\u00f3n C\/Madera 9, 1\u00baB \u2013 Madrid C.I.F.: 26202279N &#8211;\u00a0<a href=\"mailto:infolacamaazul@gmail.com\">\u00a0<a href=\"mailto:infolacamaazul@gmail.com\">info@lacamaazul.es<\/a><\/a>. Pudiendo revocar el consentimiento prestado en este documento en cualquier momento.<\/p>\n\n\n\n<p>Si as\u00ed lo desea puede recurrir a la Autoridad de Control (Agencia Espa\u00f1ola de Protecci\u00f3n de Datos) para ejercitar sus derechos.<\/p>\n\n\n\n<p>En el caso del registro de una CUENTA DE CLIENTE&nbsp; ( \u00abREGISTRARSE\u00bb):<\/p>\n\n\n\n<p>El Responsable del tratamiento de estos datos es La Cama Azul C\/Madera 9, 1\u00baB \u2013 Madrid C.I.F.: 26202279N &#8211;\u00a0<a href=\"mailto:infolacamaazul@gmail.com\">\u00a0<a href=\"mailto:infolacamaazul@gmail.com\">info@lacamaazul.es<\/a><\/a>.<\/p>\n\n\n\n<p>Le informamos que sus datos personales, en aplicaci\u00f3n del Reglamento General de Protecci\u00f3n de \u00e1mbito europeo 679\/2016, ser\u00e1n utilizados para la realizaci\u00f3n de las gestiones y operaciones necesarias para el desarrollo de la relaci\u00f3n con usted, incluyendo emisi\u00f3n de presupuestos, facturaci\u00f3n y comunicaciones de esa \u00edndole, y tambi\u00e9n para mantener comunicaciones informativas sobre nuestros productos y servicios que puedan ser de su inter\u00e9s, requiriendo para ello su correo electr\u00f3nico. Con la marcaci\u00f3n de la casilla \u00abPrivacidad de los datos del cliente\u00bb, se entiende que consiente expresamente el uso de los datos para esa finalidad.<\/p>\n\n\n\n<p>Las finalidades aceptadas, permiten que bajo el inter\u00e9s leg\u00edtimo del&nbsp;tratamiento, se puedan utilizar dichos datos y cesi\u00f3n de datos a terceros con los que el Responsable trabaje, teniendo en cuenta los supuestos legalmente exigidos.<\/p>\n\n\n\n<p>Para el transporte de los productos comprados, los datos ser\u00e1n cedidos a la empresa de transporte<\/p>\n\n\n\n<p>La vigencia del uso de los datos para las finalidades aceptadas, se mantendr\u00e1 mientras dure la relaci\u00f3n, en el momento de extinci\u00f3n de la misma, proceder\u00e1n a ser bloqueados, conservando solamente lo preceptivo legalmente en caso de no haber prescrito per\u00edodo de conservaci\u00f3n.<\/p>\n\n\n\n<p>Podr\u00e1 ejercitar sus derechos de acceso, rectificaci\u00f3n, cancelaci\u00f3n, oposici\u00f3n\u00a0 y portabilidad en la direcci\u00f3n La Cama Azul C\/Madera 9, 1\u00baB \u2013 Madrid C.I.F.: 26202279N &#8211;\u00a0<a href=\"mailto:infolacamaazul@gmail.com\">\u00a0<a href=\"mailto:infolacamaazul@gmail.com\">info@lacamaazul.es<\/a><\/a>.<\/p>\n\n\n\n<p>Pudiendo revocar el consentimiento prestado en este documento en cualquier momento.<\/p>\n\n\n\n<p>Si as\u00ed lo desea puede recurrir a la Autoridad de Control (Agencia Espa\u00f1ola de Protecci\u00f3n de Datos) para ejercitar sus derechos.<\/p>","protected":false},"excerpt":{"rendered":"<p>Protecci\u00f3n de datos de car\u00e1cter personal: El responsable del tratamiento de estos datos es La Cama Azul C\/Madera 9, 1\u00baB \u2013 Madrid C.I.F.: 26202279N &#8211;\u00a0\u00a0info@lacamaazul.es. Los datos suministrados o manejados por el responsable en la p\u00e1gina web, siguen el estricto dictado de lo dispuesto en el RGPD. Todos los datos&hellip;<\/p>","protected":false},"author":2,"featured_media":0,"parent":0,"menu_order":0,"comment_status":"closed","ping_status":"closed","template":"","meta":{"footnotes":"","_joinchat":[]},"yoast_head":"<!-- This site is optimized with the Yoast SEO plugin v21.4 - https:\/\/yoast.com\/wordpress\/plugins\/seo\/ -->\n<title>Polit\u00edca de privacidad - La Cama Azul<\/title>\n<meta name=\"robots\" content=\"index, follow, max-snippet:-1, max-image-preview:large, max-video-preview:-1\" \/>\n<link rel=\"canonical\" href=\"https:\/\/lacamaazul.com\/es\/en\/politica-de-privacidad\/\" \/>\n<meta property=\"og:locale\" content=\"en_US\" \/>\n<meta property=\"og:type\" content=\"article\" \/>\n<meta property=\"og:title\" content=\"Polit\u00edca de privacidad - La Cama Azul\" \/>\n<meta property=\"og:description\" content=\"Protecci\u00f3n de datos de car\u00e1cter personal: El responsable del tratamiento de estos datos es La Cama Azul C\/Madera 9, 1\u00baB \u2013 Madrid C.I.F.: 26202279N &#8211;\u00a0\u00a0info@lacamaazul.es. Los datos suministrados o manejados por el responsable en la p\u00e1gina web, siguen el estricto dictado de lo dispuesto en el RGPD. Todos los datos&hellip;\" \/>\n<meta property=\"og:url\" content=\"https:\/\/lacamaazul.com\/es\/en\/politica-de-privacidad\/\" \/>\n<meta property=\"og:site_name\" content=\"La Cama Azul\" \/>\n<meta property=\"article:modified_time\" content=\"2024-11-11T17:18:43+00:00\" \/>\n<meta name=\"twitter:card\" content=\"summary_large_image\" \/>\n<meta name=\"twitter:label1\" content=\"Est. reading time\" \/>\n\t<meta name=\"twitter:data1\" content=\"4 minutes\" \/>\n<script type=\"application\/ld+json\" class=\"yoast-schema-graph\">{\"@context\":\"https:\/\/schema.org\",\"@graph\":[{\"@type\":\"WebPage\",\"@id\":\"https:\/\/lacamaazul.com\/es\/politica-de-privacidad\/\",\"url\":\"https:\/\/lacamaazul.com\/es\/politica-de-privacidad\/\",\"name\":\"Polit\u00edca de privacidad - La Cama Azul\",\"isPartOf\":{\"@id\":\"https:\/\/lacamaazul.com\/es\/#website\"},\"datePublished\":\"2022-07-05T07:16:41+00:00\",\"dateModified\":\"2024-11-11T17:18:43+00:00\",\"breadcrumb\":{\"@id\":\"https:\/\/lacamaazul.com\/es\/politica-de-privacidad\/#breadcrumb\"},\"inLanguage\":\"en-US\",\"potentialAction\":[{\"@type\":\"ReadAction\",\"target\":[\"https:\/\/lacamaazul.com\/es\/politica-de-privacidad\/\"]}]},{\"@type\":\"BreadcrumbList\",\"@id\":\"https:\/\/lacamaazul.com\/es\/politica-de-privacidad\/#breadcrumb\",\"itemListElement\":[{\"@type\":\"ListItem\",\"position\":1,\"name\":\"Portada\",\"item\":\"https:\/\/lacamaazul.com\/es\/\"},{\"@type\":\"ListItem\",\"position\":2,\"name\":\"Polit\u00edca de privacidad\"}]},{\"@type\":\"WebSite\",\"@id\":\"https:\/\/lacamaazul.com\/es\/#website\",\"url\":\"https:\/\/lacamaazul.com\/es\/\",\"name\":\"La Cama Azul\",\"description\":\"Tu Descanso con los mejores materiales\",\"publisher\":{\"@id\":\"https:\/\/lacamaazul.com\/es\/#organization\"},\"potentialAction\":[{\"@type\":\"SearchAction\",\"target\":{\"@type\":\"EntryPoint\",\"urlTemplate\":\"https:\/\/lacamaazul.com\/es\/?s={search_term_string}\"},\"query-input\":\"required name=search_term_string\"}],\"inLanguage\":\"en-US\"},{\"@type\":\"Organization\",\"@id\":\"https:\/\/lacamaazul.com\/es\/#organization\",\"name\":\"La Cama Azul\",\"url\":\"https:\/\/lacamaazul.com\/es\/\",\"logo\":{\"@type\":\"ImageObject\",\"inLanguage\":\"en-US\",\"@id\":\"https:\/\/lacamaazul.com\/es\/#\/schema\/logo\/image\/\",\"url\":\"https:\/\/lacamaazul.com\/es\/wp-content\/uploads\/2022\/07\/cropped-logo-nuevo2.png\",\"contentUrl\":\"https:\/\/lacamaazul.com\/es\/wp-content\/uploads\/2022\/07\/cropped-logo-nuevo2.png\",\"width\":163,\"height\":80,\"caption\":\"La Cama Azul\"},\"image\":{\"@id\":\"https:\/\/lacamaazul.com\/es\/#\/schema\/logo\/image\/\"}}]}<\/script>\n<!-- \/ Yoast SEO plugin. -->","yoast_head_json":{"title":"Polit\u00edca de privacidad - La Cama Azul","robots":{"index":"index","follow":"follow","max-snippet":"max-snippet:-1","max-image-preview":"max-image-preview:large","max-video-preview":"max-video-preview:-1"},"canonical":"https:\/\/lacamaazul.com\/es\/en\/politica-de-privacidad\/","og_locale":"en_US","og_type":"article","og_title":"Polit\u00edca de privacidad - La Cama Azul","og_description":"Protecci\u00f3n de datos de car\u00e1cter personal: El responsable del tratamiento de estos datos es La Cama Azul C\/Madera 9, 1\u00baB \u2013 Madrid C.I.F.: 26202279N &#8211;\u00a0\u00a0info@lacamaazul.es. Los datos suministrados o manejados por el responsable en la p\u00e1gina web, siguen el estricto dictado de lo dispuesto en el RGPD. Todos los datos&hellip;","og_url":"https:\/\/lacamaazul.com\/es\/en\/politica-de-privacidad\/","og_site_name":"La Cama Azul","article_modified_time":"2024-11-11T17:18:43+00:00","twitter_card":"summary_large_image","twitter_misc":{"Est. reading time":"4 minutes"},"schema":{"@context":"https:\/\/schema.org","@graph":[{"@type":"WebPage","@id":"https:\/\/lacamaazul.com\/es\/politica-de-privacidad\/","url":"https:\/\/lacamaazul.com\/es\/politica-de-privacidad\/","name":"Polit\u00edca de privacidad - La Cama Azul","isPartOf":{"@id":"https:\/\/lacamaazul.com\/es\/#website"},"datePublished":"2022-07-05T07:16:41+00:00","dateModified":"2024-11-11T17:18:43+00:00","breadcrumb":{"@id":"https:\/\/lacamaazul.com\/es\/politica-de-privacidad\/#breadcrumb"},"inLanguage":"en-US","potentialAction":[{"@type":"ReadAction","target":["https:\/\/lacamaazul.com\/es\/politica-de-privacidad\/"]}]},{"@type":"BreadcrumbList","@id":"https:\/\/lacamaazul.com\/es\/politica-de-privacidad\/#breadcrumb","itemListElement":[{"@type":"ListItem","position":1,"name":"Portada","item":"https:\/\/lacamaazul.com\/es\/"},{"@type":"ListItem","position":2,"name":"Polit\u00edca de privacidad"}]},{"@type":"WebSite","@id":"https:\/\/lacamaazul.com\/es\/#website","url":"https:\/\/lacamaazul.com\/es\/","name":"La Cama Azul","description":"Tu Descanso con los mejores materiales","publisher":{"@id":"https:\/\/lacamaazul.com\/es\/#organization"},"potentialAction":[{"@type":"SearchAction","target":{"@type":"EntryPoint","urlTemplate":"https:\/\/lacamaazul.com\/es\/?s={search_term_string}"},"query-input":"required name=search_term_string"}],"inLanguage":"en-US"},{"@type":"Organization","@id":"https:\/\/lacamaazul.com\/es\/#organization","name":"La Cama Azul","url":"https:\/\/lacamaazul.com\/es\/","logo":{"@type":"ImageObject","inLanguage":"en-US","@id":"https:\/\/lacamaazul.com\/es\/#\/schema\/logo\/image\/","url":"https:\/\/lacamaazul.com\/es\/wp-content\/uploads\/2022\/07\/cropped-logo-nuevo2.png","contentUrl":"https:\/\/lacamaazul.com\/es\/wp-content\/uploads\/2022\/07\/cropped-logo-nuevo2.png","width":163,"height":80,"caption":"La Cama Azul"},"image":{"@id":"https:\/\/lacamaazul.com\/es\/#\/schema\/logo\/image\/"}}]}},"_links":{"self":[{"href":"https:\/\/lacamaazul.com\/es\/en\/wp-json\/wp\/v2\/pages\/672"}],"collection":[{"href":"https:\/\/lacamaazul.com\/es\/en\/wp-json\/wp\/v2\/pages"}],"about":[{"href":"https:\/\/lacamaazul.com\/es\/en\/wp-json\/wp\/v2\/types\/page"}],"author":[{"embeddable":true,"href":"https:\/\/lacamaazul.com\/es\/en\/wp-json\/wp\/v2\/users\/2"}],"replies":[{"embeddable":true,"href":"https:\/\/lacamaazul.com\/es\/en\/wp-json\/wp\/v2\/comments?post=672"}],"version-history":[{"count":5,"href":"https:\/\/lacamaazul.com\/es\/en\/wp-json\/wp\/v2\/pages\/672\/revisions"}],"predecessor-version":[{"id":3415,"href":"https:\/\/lacamaazul.com\/es\/en\/wp-json\/wp\/v2\/pages\/672\/revisions\/3415"}],"wp:attachment":[{"href":"https:\/\/lacamaazul.com\/es\/en\/wp-json\/wp\/v2\/media?parent=672"}],"curies":[{"name":"wp","href":"https:\/\/api.w.org\/{rel}","templated":true}]}}