{"id":673,"date":"2022-07-05T07:16:51","date_gmt":"2022-07-05T07:16:51","guid":{"rendered":"http:\/\/lacamaazul.com\/?page_id=673"},"modified":"2022-07-07T10:34:32","modified_gmt":"2022-07-07T10:34:32","slug":"cookies","status":"publish","type":"page","link":"https:\/\/lacamaazul.com\/es\/en\/cookies\/","title":{"rendered":"Cookies"},"content":{"rendered":"<p>Uso de cookies<\/p>\n\n\n\n<p>Esta pol\u00edtica de cookies forma parte del&nbsp;aviso legal y la pol\u00edtica de privacidad&nbsp;que regulan la web&nbsp;www.lacamaazul.com&nbsp;y dem\u00e1s sitios web bajo la titularidad de LA CAMA AZUL y citados en los textos legales anteriormente mencionados.<\/p>\n\n\n\n<p>Definici\u00f3n<\/p>\n\n\n\n<p>Una cookie es un archivo de informaci\u00f3n que el servidor de los sitios web de&nbsp;<strong>LA CAMA AZUL<\/strong>&nbsp;env\u00eda al dispositivo (ordenador, smartphone, tablet, etc.) de quien accede a las p\u00e1ginas, para almacenar y recuperar informaci\u00f3n sobre la navegaci\u00f3n que se efect\u00faa desde dicho equipo.<\/p>\n\n\n\n<p>Existen una gran cantidad de gu\u00edas en las que se explica qu\u00e9 son las cookies y para qu\u00e9 se utilizan. Por nuestra parte, explicaremos c\u00f3mo afectan estas cookies a las p\u00e1ginas web de LA CAMA AZUL, pero en el caso de que se necesite m\u00e1s documentaci\u00f3n al respecto, puede consultarse la documentaci\u00f3n editada por la Agencia Espa\u00f1ola de Protecci\u00f3n de Datos en este enlace:&nbsp;<a href=\"http:\/\/www.interior.gob.es\/documents\/10180\/13073\/Guia_Cookies.pdf\/7c72c988-1e55-42b5-aeee-f7c46a319903\">Cookies<\/a>.<\/p>\n\n\n\n<p>Tipos de cookies<\/p>\n\n\n\n<p>1. Cookies propias<\/p>\n\n\n\n<p>Son las cookies que se instalan en el terminal del USUARIO desde la web de LA CAMA AZUL.<\/p>\n\n\n\n<p>2. Cookies de terceros<\/p>\n\n\n\n<p>Son las cookies que se instalan en el terminal del USUARIO desde un dominio o una p\u00e1gina web que no es gestionada por LA CAMA AZUL, sino por otra entidad que trata la informaci\u00f3n obtenida a trav\u00e9s de las cookies.<\/p>\n\n\n\n<p>3. Cookies de sesi\u00f3n<\/p>\n\n\n\n<p>Son un tipo de cookies dise\u00f1adas para recabar y almacenar datos mientras el usuario accede a una p\u00e1gina web.<\/p>\n\n\n\n<p>Se suelen emplear para almacenar informaci\u00f3n que solo interesa conservar para la prestaci\u00f3n del servicio solicitado por el usuario en una sola ocasi\u00f3n.<\/p>\n\n\n\n<p>4. Cookies persistentes<\/p>\n\n\n\n<p>Son un tipo de cookies en el que los datos siguen almacenados en el terminal y pueden ser accedidos y tratados durante un periodo definido por el responsable de la cookie, y que puede ir de unos minutos a varios a\u00f1os.<\/p>\n\n\n\n<p>5. Cookies de an\u00e1lisis<\/p>\n\n\n\n<p>Son las cookies que bien tratadas por LA CAMA AZUL o por terceros, nos permiten realizar an\u00e1lisis estad\u00edsticos tales como n\u00famero de usuarios que entran en la web o la utilizaci\u00f3n que hacen de la misma.<\/p>\n\n\n\n<p>Para ello analizamos la navegaci\u00f3n en la web con el fin de mejorar la prestaci\u00f3n de los servicios que ofrecemos.<\/p>\n\n\n\n<p>Uso de cookies<\/p>\n\n\n\n<p>LA CAMA AZUL utiliza diversos tipos de cookies, las cuales se detallan a continuaci\u00f3n.<\/p>\n\n\n\n<p>1. Cookies propias<\/p>\n\n\n\n<p>1.1. Cookies t\u00e9cnicas<\/p>\n\n\n\n<p>Son aqu\u00e9llas que permiten al USUARIO la navegaci\u00f3n a trav\u00e9s de la p\u00e1gina web y la utilizaci\u00f3n de las diferentes opciones o servicios que en ella existen como, por ejemplo, controlar el tr\u00e1fico y la comunicaci\u00f3n de datos, identificar la sesi\u00f3n, acceder a partes de acceso restringido, recordar los elementos que integran un pedido, realizar el proceso de compra de un pedido, realizar la solicitud de inscripci\u00f3n o participaci\u00f3n en un evento, utilizar elementos de seguridad durante la navegaci\u00f3n, almacenar contenidos para la difusi\u00f3n de videos o sonido o compartir contenidos a trav\u00e9s de redes sociales.<\/p>\n\n\n\n<p>1.2. Cookies de rendimiento<\/p>\n\n\n\n<p>Se trata de cookies que recogen informaci\u00f3n sobre c\u00f3mo utiliza el sitio web (por ejemplo, las p\u00e1ginas que visita o si se produce alg\u00fan error) y que tambi\u00e9n ayudan a LA CAMA AZUL a la localizaci\u00f3n y soluci\u00f3n de problemas de los sitios web.<\/p>\n\n\n\n<p>Toda la informaci\u00f3n recogida en las mismas es totalmente an\u00f3nima y nos ayuda a entender c\u00f3mo funciona nuestro sitio, realizando las mejoras oportunas para facilitar su navegaci\u00f3n.<\/p>\n\n\n\n<p>Dichas cookies permitir\u00e1n:<\/p>\n\n\n\n<ul><li>&nbsp;&nbsp;&nbsp;&nbsp;&nbsp;&nbsp;&nbsp;&nbsp;&nbsp;Que el USUARIO navegue por el sitio.<\/li><li>&nbsp;&nbsp;&nbsp;&nbsp;&nbsp;&nbsp;&nbsp;&nbsp;&nbsp;Que LA CAMA AZUL recompile informaci\u00f3n sobre c\u00f3mo el USUARIO utiliza la p\u00e1gina web, para as\u00ed entender la usabilidad del sitio, y ayudarnos a implementar las mejoras necesarias.<\/li><\/ul>\n\n\n\n<p>Estas cookies no recoger\u00e1n ninguna informaci\u00f3n sobre el USUARIO que pueda ser utilizada con fines publicitarios, o informaci\u00f3n acerca de sus preferencias (tales como sus datos de usuario) m\u00e1s all\u00e1 de esa visita en particular.<\/p>\n\n\n\n<p>2. Cookies de terceros<\/p>\n\n\n\n<p>2.1. Cookies anal\u00edticas<\/p>\n\n\n\n<p>Cookies de Google Analytics: son cookies de an\u00e1lisis que permiten el seguimiento y an\u00e1lisis del comportamiento de los USUARIOS de los sitios web a los que est\u00e1n vinculadas.<\/p>\n\n\n\n<p>La informaci\u00f3n recogida mediante este tipo de cookies se utiliza en la medici\u00f3n de la actividad de los sitios web, aplicaci\u00f3n o plataforma y para la elaboraci\u00f3n de perfiles de navegaci\u00f3n de los USUARIOS de dichos sitios, aplicaciones y plataformas, con el fin de introducir mejoras en funci\u00f3n del an\u00e1lisis de los datos de uso que hacen los USUARIOS del servicio.<\/p>\n\n\n\n<p>Google Analytics, almacena las cookies en servidores ubicados en Estados Unidos y se compromete a no compartirla con terceros, excepto en los casos en los que sea necesario para el funcionamiento del sistema o cuando la ley obligue a tal efecto.<\/p>\n\n\n\n<p>Seg\u00fan Google no guarda la direcci\u00f3n IP del USUARIO.<\/p>\n\n\n\n<p>Google Inc. es una compa\u00f1\u00eda adherida al Acuerdo de Puerto Seguro que garantiza que todos los datos transferidos ser\u00e1n tratados con un nivel de protecci\u00f3n acorde a la normativa europea. El USUARIO puede consultar informaci\u00f3n detallada a este respecto en este enlace:&nbsp;<a href=\"https:\/\/www.export.gov\/\">este enlace<\/a>.<\/p>\n\n\n\n<p>Si el USUARIO desea m\u00e1s informaci\u00f3n sobre el uso que Google da a las cookies puede acceder a la misma a trav\u00e9s de este otro enlace:&nbsp;<a href=\"https:\/\/developers.google.com\/analytics\/devguides\/collection\/analyticsjs\/cookie-usage?hl=es&amp;csw=1\">este enlace<\/a>.<\/p>\n\n\n\n<p>2.2. Cookies de Marketing:<\/p>\n\n\n\n<p>Dichas cookies son gestionadas por terceros, con lo que el USUARIO podr\u00e1 utilizar las herramientas de estos para restringir el uso de estas cookies.<\/p>\n\n\n\n<p>Algunas de las cookies se utilizan para enlazar a otras p\u00e1ginas web que proporcionan ciertos servicios a LA CAMA AZUL, como puede ser el caso de Facebook, Twitter o Google.<\/p>\n\n\n\n<p>Algunas de estas cookies modificar\u00e1n los anuncios de otras webs para adaptarlos a sus preferencias.<\/p>\n\n\n\n<p>Estas cookies permitir\u00e1n:<\/p>\n\n\n\n<ul><li>&nbsp;&nbsp;&nbsp;&nbsp;&nbsp;&nbsp;&nbsp;&nbsp;&nbsp;Enlazar con redes sociales<\/li><li>&nbsp;&nbsp;&nbsp;&nbsp;&nbsp;&nbsp;&nbsp;&nbsp;&nbsp;Pasar informaci\u00f3n sobre su visita a la p\u00e1gina de La Cama Azul.com para adaptar anuncios en otras p\u00e1ginas.<\/li><li>&nbsp;&nbsp;&nbsp;&nbsp;&nbsp;&nbsp;&nbsp;&nbsp;&nbsp;Asignar comisiones por ventas referidas a trav\u00e9s del programa de afiliados.<\/li><\/ul>\n\n\n\n<p><strong>2.2.1. De Doubleclick<\/strong><\/p>\n\n\n\n<p>Es una plataforma publicitaria que pertenece a Google.<\/p>\n\n\n\n<p>Las cookies de Doubleclick permiten mostrar publicidad en otros sitios web a los usuarios que previamente han visitado la Web.<\/p>\n\n\n\n<p><strong>2.2.2. De YouTube<\/strong><\/p>\n\n\n\n<p>En algunas partes de la web se utiliza YouTube para ofrecer v\u00eddeos propios.<\/p>\n\n\n\n<p>YouTube almacena informaci\u00f3n para poder generar estad\u00edsticas sobre las visitas de videos incrustados en otras p\u00e1ginas.<\/p>\n\n\n\n<p>En tanto que YouTube es titularidad de Google, se puede obtener m\u00e1s informaci\u00f3n de la pol\u00edtica de cookies en&nbsp;<a href=\"http:\/\/www.google.com\/intl\/es\/policies\/technologies\/cookies\/\">este enlace<\/a>.<\/p>\n\n\n\n<p><strong>2.2.3. Del chat de atenci\u00f3n a clientes<\/strong><\/p>\n\n\n\n<p>Se utilizan para el \u201clive chat\u201d (chat en vivo) para dar soporte y resolver dudas de forma directa a los clientes. Instala cookies para identificar al usuario y su dispositivo y conocer sus preferencias en cuanto al uso del m\u00f3dulo interno que gestiona el chat, as\u00ed como para conocer la preferencia del usuario para desactivar el \u201clive chat\u201d, y cesar el uso de cookies.<\/p>\n\n\n\n<p>El usuario podr\u00e1 -en cualquier momento- elegir qu\u00e9 cookies quiere que funcionen en este sitio web mediante la configuraci\u00f3n del navegador; por ejemplo:<\/p>\n\n\n\n<ul><li>&nbsp;&nbsp;&nbsp;&nbsp;&nbsp;&nbsp;&nbsp;&nbsp;&nbsp;Chrome, siguiendo&nbsp;<a href=\"http:\/\/support.google.com\/chrome\/bin\/answer.py?hl=es&amp;answer=95647\">estas instrucciones<\/a>.<\/li><li>&nbsp;&nbsp;&nbsp;&nbsp;&nbsp;&nbsp;&nbsp;&nbsp;&nbsp;Explorer, siguiendo&nbsp;<a href=\"https:\/\/support.microsoft.com\/es-es\/hub\/4338813\/windows-help\">estas instrucciones<\/a>.<\/li><li>&nbsp;&nbsp;&nbsp;&nbsp;&nbsp;&nbsp;&nbsp;&nbsp;&nbsp;Firefox, siguiendo&nbsp;<a href=\"https:\/\/support.mozilla.org\/es\/kb\/habilitar-y-deshabilitar-cookies-sitios-web-rastrear-preferencias\">estas instrucciones<\/a>.<\/li><li>&nbsp;&nbsp;&nbsp;&nbsp;&nbsp;&nbsp;&nbsp;&nbsp;&nbsp;Safari, siguiendo&nbsp;<a href=\"https:\/\/support.apple.com\/kb\/PH19214?viewlocale=es_ES&amp;locale=en_US\">estas instrucciones<\/a>.<\/li><li>&nbsp;&nbsp;&nbsp;&nbsp;&nbsp;&nbsp;&nbsp;&nbsp;&nbsp;Opera, siguiendo&nbsp;<a href=\"https:\/\/www.opera.com\/es\/terms\">estas instrucciones<\/a>.<\/li><\/ul>\n\n\n\n<p>Los navegadores web son las herramientas encargadas de almacenar las cookies y desde este lugar el USUARIO puede efectuar su derecho de eliminaci\u00f3n o desactivaci\u00f3n de las mismas.<\/p>\n\n\n\n<p>Ni esta web ni sus representantes legales pueden garantizar la correcta o incorrecta manipulaci\u00f3n de las cookies por parte de los mencionados navegadores.<\/p>\n\n\n\n<p>En algunos casos es necesario instalar cookies para que el navegador no olvide la decisi\u00f3n del USUARIO de no aceptaci\u00f3n de las mismas.<\/p>\n\n\n\n<p>La aceptaci\u00f3n de la presente pol\u00edtica de cookies implica que el USUARIO ha sido informado de una forma clara y completa sobre el uso de dispositivos de almacenamiento y recuperaci\u00f3n de datos (cookies) as\u00ed como que LA CAMA AZUL dispone del consentimiento del USUARIO para el uso de las mismas tal y como establece el art\u00edculo 22.2 de la Ley 34\/2002, de 11 de julio, de Servicios de la Sociedad de la Informaci\u00f3n y Comercio Electr\u00f3nico (LSSI-CE).<\/p>\n\n\n\n<p>Para cualquier duda o consulta acerca de esta pol\u00edtica de cookies el USUARIO puede ponerse en contacto con LA CAMA AZUL.<\/p>","protected":false},"excerpt":{"rendered":"<p>Uso de cookies Esta pol\u00edtica de cookies forma parte del&nbsp;aviso legal y la pol\u00edtica de privacidad&nbsp;que regulan la web&nbsp;www.lacamaazul.com&nbsp;y dem\u00e1s sitios web bajo la titularidad de LA CAMA AZUL y citados en los textos legales anteriormente mencionados. Definici\u00f3n Una cookie es un archivo de informaci\u00f3n que el servidor de los&hellip;<\/p>","protected":false},"author":2,"featured_media":0,"parent":0,"menu_order":0,"comment_status":"closed","ping_status":"closed","template":"","meta":{"footnotes":"","_joinchat":[]},"yoast_head":"<!-- This site is optimized with the Yoast SEO plugin v21.4 - https:\/\/yoast.com\/wordpress\/plugins\/seo\/ -->\n<title>Cookies - La Cama Azul<\/title>\n<meta name=\"robots\" content=\"index, follow, max-snippet:-1, max-image-preview:large, max-video-preview:-1\" \/>\n<link rel=\"canonical\" href=\"https:\/\/lacamaazul.com\/es\/en\/cookies\/\" \/>\n<meta property=\"og:locale\" content=\"en_US\" \/>\n<meta property=\"og:type\" content=\"article\" \/>\n<meta property=\"og:title\" content=\"Cookies - La Cama Azul\" \/>\n<meta property=\"og:description\" content=\"Uso de cookies Esta pol\u00edtica de cookies forma parte del&nbsp;aviso legal y la pol\u00edtica de privacidad&nbsp;que regulan la web&nbsp;www.lacamaazul.com&nbsp;y dem\u00e1s sitios web bajo la titularidad de LA CAMA AZUL y citados en los textos legales anteriormente mencionados. Definici\u00f3n Una cookie es un archivo de informaci\u00f3n que el servidor de los&hellip;\" \/>\n<meta property=\"og:url\" content=\"https:\/\/lacamaazul.com\/es\/en\/cookies\/\" \/>\n<meta property=\"og:site_name\" content=\"La Cama Azul\" \/>\n<meta property=\"article:modified_time\" content=\"2022-07-07T10:34:32+00:00\" \/>\n<meta name=\"twitter:card\" content=\"summary_large_image\" \/>\n<meta name=\"twitter:label1\" content=\"Est. reading time\" \/>\n\t<meta name=\"twitter:data1\" content=\"8 minutes\" \/>\n<script type=\"application\/ld+json\" class=\"yoast-schema-graph\">{\"@context\":\"https:\/\/schema.org\",\"@graph\":[{\"@type\":\"WebPage\",\"@id\":\"https:\/\/lacamaazul.com\/es\/en\/cookies\/\",\"url\":\"https:\/\/lacamaazul.com\/es\/en\/cookies\/\",\"name\":\"Cookies - La Cama Azul\",\"isPartOf\":{\"@id\":\"https:\/\/lacamaazul.com\/es\/#website\"},\"datePublished\":\"2022-07-05T07:16:51+00:00\",\"dateModified\":\"2022-07-07T10:34:32+00:00\",\"breadcrumb\":{\"@id\":\"https:\/\/lacamaazul.com\/es\/en\/cookies\/#breadcrumb\"},\"inLanguage\":\"en-US\",\"potentialAction\":[{\"@type\":\"ReadAction\",\"target\":[\"https:\/\/lacamaazul.com\/es\/en\/cookies\/\"]}]},{\"@type\":\"BreadcrumbList\",\"@id\":\"https:\/\/lacamaazul.com\/es\/en\/cookies\/#breadcrumb\",\"itemListElement\":[{\"@type\":\"ListItem\",\"position\":1,\"name\":\"Portada\",\"item\":\"https:\/\/lacamaazul.com\/es\/\"},{\"@type\":\"ListItem\",\"position\":2,\"name\":\"Cookies\"}]},{\"@type\":\"WebSite\",\"@id\":\"https:\/\/lacamaazul.com\/es\/#website\",\"url\":\"https:\/\/lacamaazul.com\/es\/\",\"name\":\"La Cama Azul\",\"description\":\"Tu Descanso con los mejores materiales\",\"publisher\":{\"@id\":\"https:\/\/lacamaazul.com\/es\/#organization\"},\"potentialAction\":[{\"@type\":\"SearchAction\",\"target\":{\"@type\":\"EntryPoint\",\"urlTemplate\":\"https:\/\/lacamaazul.com\/es\/?s={search_term_string}\"},\"query-input\":\"required name=search_term_string\"}],\"inLanguage\":\"en-US\"},{\"@type\":\"Organization\",\"@id\":\"https:\/\/lacamaazul.com\/es\/#organization\",\"name\":\"La Cama Azul\",\"url\":\"https:\/\/lacamaazul.com\/es\/\",\"logo\":{\"@type\":\"ImageObject\",\"inLanguage\":\"en-US\",\"@id\":\"https:\/\/lacamaazul.com\/es\/#\/schema\/logo\/image\/\",\"url\":\"https:\/\/lacamaazul.com\/es\/wp-content\/uploads\/2022\/07\/cropped-logo-nuevo2.png\",\"contentUrl\":\"https:\/\/lacamaazul.com\/es\/wp-content\/uploads\/2022\/07\/cropped-logo-nuevo2.png\",\"width\":163,\"height\":80,\"caption\":\"La Cama Azul\"},\"image\":{\"@id\":\"https:\/\/lacamaazul.com\/es\/#\/schema\/logo\/image\/\"}}]}<\/script>\n<!-- \/ Yoast SEO plugin. -->","yoast_head_json":{"title":"Cookies - La Cama Azul","robots":{"index":"index","follow":"follow","max-snippet":"max-snippet:-1","max-image-preview":"max-image-preview:large","max-video-preview":"max-video-preview:-1"},"canonical":"https:\/\/lacamaazul.com\/es\/en\/cookies\/","og_locale":"en_US","og_type":"article","og_title":"Cookies - La Cama Azul","og_description":"Uso de cookies Esta pol\u00edtica de cookies forma parte del&nbsp;aviso legal y la pol\u00edtica de privacidad&nbsp;que regulan la web&nbsp;www.lacamaazul.com&nbsp;y dem\u00e1s sitios web bajo la titularidad de LA CAMA AZUL y citados en los textos legales anteriormente mencionados. Definici\u00f3n Una cookie es un archivo de informaci\u00f3n que el servidor de los&hellip;","og_url":"https:\/\/lacamaazul.com\/es\/en\/cookies\/","og_site_name":"La Cama Azul","article_modified_time":"2022-07-07T10:34:32+00:00","twitter_card":"summary_large_image","twitter_misc":{"Est. reading time":"8 minutes"},"schema":{"@context":"https:\/\/schema.org","@graph":[{"@type":"WebPage","@id":"https:\/\/lacamaazul.com\/es\/en\/cookies\/","url":"https:\/\/lacamaazul.com\/es\/en\/cookies\/","name":"Cookies - La Cama Azul","isPartOf":{"@id":"https:\/\/lacamaazul.com\/es\/#website"},"datePublished":"2022-07-05T07:16:51+00:00","dateModified":"2022-07-07T10:34:32+00:00","breadcrumb":{"@id":"https:\/\/lacamaazul.com\/es\/en\/cookies\/#breadcrumb"},"inLanguage":"en-US","potentialAction":[{"@type":"ReadAction","target":["https:\/\/lacamaazul.com\/es\/en\/cookies\/"]}]},{"@type":"BreadcrumbList","@id":"https:\/\/lacamaazul.com\/es\/en\/cookies\/#breadcrumb","itemListElement":[{"@type":"ListItem","position":1,"name":"Portada","item":"https:\/\/lacamaazul.com\/es\/"},{"@type":"ListItem","position":2,"name":"Cookies"}]},{"@type":"WebSite","@id":"https:\/\/lacamaazul.com\/es\/#website","url":"https:\/\/lacamaazul.com\/es\/","name":"La Cama Azul","description":"Tu Descanso con los mejores materiales","publisher":{"@id":"https:\/\/lacamaazul.com\/es\/#organization"},"potentialAction":[{"@type":"SearchAction","target":{"@type":"EntryPoint","urlTemplate":"https:\/\/lacamaazul.com\/es\/?s={search_term_string}"},"query-input":"required name=search_term_string"}],"inLanguage":"en-US"},{"@type":"Organization","@id":"https:\/\/lacamaazul.com\/es\/#organization","name":"La Cama Azul","url":"https:\/\/lacamaazul.com\/es\/","logo":{"@type":"ImageObject","inLanguage":"en-US","@id":"https:\/\/lacamaazul.com\/es\/#\/schema\/logo\/image\/","url":"https:\/\/lacamaazul.com\/es\/wp-content\/uploads\/2022\/07\/cropped-logo-nuevo2.png","contentUrl":"https:\/\/lacamaazul.com\/es\/wp-content\/uploads\/2022\/07\/cropped-logo-nuevo2.png","width":163,"height":80,"caption":"La Cama Azul"},"image":{"@id":"https:\/\/lacamaazul.com\/es\/#\/schema\/logo\/image\/"}}]}},"_links":{"self":[{"href":"https:\/\/lacamaazul.com\/es\/en\/wp-json\/wp\/v2\/pages\/673"}],"collection":[{"href":"https:\/\/lacamaazul.com\/es\/en\/wp-json\/wp\/v2\/pages"}],"about":[{"href":"https:\/\/lacamaazul.com\/es\/en\/wp-json\/wp\/v2\/types\/page"}],"author":[{"embeddable":true,"href":"https:\/\/lacamaazul.com\/es\/en\/wp-json\/wp\/v2\/users\/2"}],"replies":[{"embeddable":true,"href":"https:\/\/lacamaazul.com\/es\/en\/wp-json\/wp\/v2\/comments?post=673"}],"version-history":[{"count":2,"href":"https:\/\/lacamaazul.com\/es\/en\/wp-json\/wp\/v2\/pages\/673\/revisions"}],"predecessor-version":[{"id":818,"href":"https:\/\/lacamaazul.com\/es\/en\/wp-json\/wp\/v2\/pages\/673\/revisions\/818"}],"wp:attachment":[{"href":"https:\/\/lacamaazul.com\/es\/en\/wp-json\/wp\/v2\/media?parent=673"}],"curies":[{"name":"wp","href":"https:\/\/api.w.org\/{rel}","templated":true}]}}