{"id":108,"date":"2022-06-23T15:46:54","date_gmt":"2022-06-23T15:46:54","guid":{"rendered":"http:\/\/lacamaazul.com\/?post_type=product&#038;p=108"},"modified":"2026-04-14T10:14:12","modified_gmt":"2026-04-14T10:14:12","slug":"somier-de-madera-de-haya-ecologico","status":"publish","type":"product","link":"https:\/\/lacamaazul.com\/es\/en\/tienda\/somier-de-madera-de-haya-ecologico\/","title":{"rendered":"Somier de madera de haya ecol\u00f3gico &#8211; PROMOCI\u00d3N (10%Dto)"},"content":{"rendered":"<div data-elementor-type=\"wp-post\" data-elementor-id=\"108\" class=\"elementor elementor-108\">\n\t\t\t\t\t\t<section class=\"elementor-section elementor-top-section elementor-element elementor-element-1a26bd4 elementor-section-boxed elementor-section-height-default elementor-section-height-default\" data-id=\"1a26bd4\" data-element_type=\"section\" data-settings=\"{&quot;ekit_has_onepagescroll_dot&quot;:&quot;yes&quot;}\">\n\t\t\t\t\t\t<div class=\"elementor-container elementor-column-gap-default\">\n\t\t\t\t\t<div class=\"elementor-column elementor-col-100 elementor-top-column elementor-element elementor-element-b237114\" data-id=\"b237114\" data-element_type=\"column\">\n\t\t\t<div class=\"elementor-widget-wrap elementor-element-populated\">\n\t\t\t\t\t\t<div class=\"elementor-element elementor-element-9c3b7fe elementor-widget elementor-widget-heading\" data-id=\"9c3b7fe\" data-element_type=\"widget\" data-settings=\"{&quot;ekit_we_effect_on&quot;:&quot;none&quot;}\" data-widget_type=\"heading.default\">\n\t\t\t\t<div class=\"elementor-widget-container\">\n\t\t\t\t\t<h2 class=\"elementor-heading-title elementor-size-default\">Natural Laminated Beech Wood Bed Frame\n<\/h2>\t\t\t\t<\/div>\n\t\t\t\t<\/div>\n\t\t\t\t<div class=\"elementor-element elementor-element-8ed6955 elementor-widget elementor-widget-text-editor\" data-id=\"8ed6955\" data-element_type=\"widget\" data-settings=\"{&quot;ekit_we_effect_on&quot;:&quot;none&quot;}\" data-widget_type=\"text-editor.default\">\n\t\t\t\t<div class=\"elementor-widget-container\">\n\t\t\t\t\t\t\t\t\t<p>100% handmade manufacturing<\/p>\t\t\t\t\t\t\t\t<\/div>\n\t\t\t\t<\/div>\n\t\t\t\t\t<\/div>\n\t\t<\/div>\n\t\t\t\t\t<\/div>\n\t\t<\/section>\n\t\t\t\t<section class=\"elementor-section elementor-top-section elementor-element elementor-element-336efd7 elementor-section-stretched elementor-section-boxed elementor-section-height-default elementor-section-height-default\" data-id=\"336efd7\" data-element_type=\"section\" data-settings=\"{&quot;stretch_section&quot;:&quot;section-stretched&quot;,&quot;background_background&quot;:&quot;classic&quot;,&quot;ekit_has_onepagescroll_dot&quot;:&quot;yes&quot;}\">\n\t\t\t\t\t\t<div class=\"elementor-container elementor-column-gap-default\">\n\t\t\t\t\t<div class=\"elementor-column elementor-col-33 elementor-top-column elementor-element elementor-element-9c76bbe\" data-id=\"9c76bbe\" data-element_type=\"column\">\n\t\t\t<div class=\"elementor-widget-wrap elementor-element-populated\">\n\t\t\t\t\t\t<div class=\"elementor-element elementor-element-0deffd8 elementor-view-default elementor-position-top elementor-mobile-position-top elementor-widget elementor-widget-icon-box\" data-id=\"0deffd8\" data-element_type=\"widget\" data-settings=\"{&quot;ekit_we_effect_on&quot;:&quot;none&quot;}\" data-widget_type=\"icon-box.default\">\n\t\t\t\t<div class=\"elementor-widget-container\">\n\t\t\t\t\t\t\t<div class=\"elementor-icon-box-wrapper\">\n\n\t\t\t\t\t\t<div class=\"elementor-icon-box-icon\">\n\t\t\t\t<span  class=\"elementor-icon\">\n\t\t\t\t<i aria-hidden=\"true\" class=\"icon icon-tools\"><\/i>\t\t\t\t<\/span>\n\t\t\t<\/div>\n\t\t\t\n\t\t\t\t\t\t<div class=\"elementor-icon-box-content\">\n\n\t\t\t\t\t\t\t\t\t<h4 class=\"elementor-icon-box-title\">\n\t\t\t\t\t\t<span  >\n\t\t\t\t\t\t\t100% Handmade Manufacturing\t\t\t\t\t\t<\/span>\n\t\t\t\t\t<\/h4>\n\t\t\t\t\n\t\t\t\t\t\t\t\t\t<p class=\"elementor-icon-box-description\">\n\t\t\t\t\t\tThe bed base is made of natural laminated beech wood and protected with natural varnishes, which guarantees its durability.\t\t\t\t\t<\/p>\n\t\t\t\t\n\t\t\t<\/div>\n\t\t\t\n\t\t<\/div>\n\t\t\t\t\t\t<\/div>\n\t\t\t\t<\/div>\n\t\t\t\t\t<\/div>\n\t\t<\/div>\n\t\t\t\t<div class=\"elementor-column elementor-col-33 elementor-top-column elementor-element elementor-element-84c9732\" data-id=\"84c9732\" data-element_type=\"column\">\n\t\t\t<div class=\"elementor-widget-wrap elementor-element-populated\">\n\t\t\t\t\t\t<div class=\"elementor-element elementor-element-d466cb6 elementor-view-default elementor-position-top elementor-mobile-position-top elementor-widget elementor-widget-icon-box\" data-id=\"d466cb6\" data-element_type=\"widget\" data-settings=\"{&quot;ekit_we_effect_on&quot;:&quot;none&quot;}\" data-widget_type=\"icon-box.default\">\n\t\t\t\t<div class=\"elementor-widget-container\">\n\t\t\t\t\t\t\t<div class=\"elementor-icon-box-wrapper\">\n\n\t\t\t\t\t\t<div class=\"elementor-icon-box-icon\">\n\t\t\t\t<span  class=\"elementor-icon\">\n\t\t\t\t<i aria-hidden=\"true\" class=\"icon icon-layers\"><\/i>\t\t\t\t<\/span>\n\t\t\t<\/div>\n\t\t\t\n\t\t\t\t\t\t<div class=\"elementor-icon-box-content\">\n\n\t\t\t\t\t\t\t\t\t<h4 class=\"elementor-icon-box-title\">\n\t\t\t\t\t\t<span  >\n\t\t\t\t\t\t\tSupport with adjustable slats\t\t\t\t\t\t<\/span>\n\t\t\t\t\t<\/h4>\n\t\t\t\t\n\t\t\t\t\t\t\t\t\t<p class=\"elementor-icon-box-description\">\n\t\t\t\t\t\tThe natural beech wood slats have levels of firmness in the lower back for a perfect customizable fit at any time. \n\t\t\t\t\t<\/p>\n\t\t\t\t\n\t\t\t<\/div>\n\t\t\t\n\t\t<\/div>\n\t\t\t\t\t\t<\/div>\n\t\t\t\t<\/div>\n\t\t\t\t\t<\/div>\n\t\t<\/div>\n\t\t\t\t<div class=\"elementor-column elementor-col-33 elementor-top-column elementor-element elementor-element-122058b\" data-id=\"122058b\" data-element_type=\"column\">\n\t\t\t<div class=\"elementor-widget-wrap elementor-element-populated\">\n\t\t\t\t\t\t<div class=\"elementor-element elementor-element-419a947 elementor-view-default elementor-position-top elementor-mobile-position-top elementor-widget elementor-widget-icon-box\" data-id=\"419a947\" data-element_type=\"widget\" data-settings=\"{&quot;ekit_we_effect_on&quot;:&quot;none&quot;}\" data-widget_type=\"icon-box.default\">\n\t\t\t\t<div class=\"elementor-widget-container\">\n\t\t\t\t\t\t\t<div class=\"elementor-icon-box-wrapper\">\n\n\t\t\t\t\t\t<div class=\"elementor-icon-box-icon\">\n\t\t\t\t<span  class=\"elementor-icon\">\n\t\t\t\t<i aria-hidden=\"true\" class=\"icon icon-move\"><\/i>\t\t\t\t<\/span>\n\t\t\t<\/div>\n\t\t\t\n\t\t\t\t\t\t<div class=\"elementor-icon-box-content\">\n\n\t\t\t\t\t\t\t\t\t<h4 class=\"elementor-icon-box-title\">\n\t\t\t\t\t\t<span  >\n\t\t\t\t\t\t\tAllows different positions \t\t\t\t\t\t<\/span>\n\t\t\t\t\t<\/h4>\n\t\t\t\t\n\t\t\t\t\t\t\t\t\t<p class=\"elementor-icon-box-description\">\n\t\t\t\t\t\tPossibility of adjusting, in a very easy and comfortable way, in 5 different positions both in head and feet for the position that is wanted at all times.\n\t\t\t\t\t<\/p>\n\t\t\t\t\n\t\t\t<\/div>\n\t\t\t\n\t\t<\/div>\n\t\t\t\t\t\t<\/div>\n\t\t\t\t<\/div>\n\t\t\t\t\t<\/div>\n\t\t<\/div>\n\t\t\t\t\t<\/div>\n\t\t<\/section>\n\t\t\t\t<section class=\"elementor-section elementor-top-section elementor-element elementor-element-e536945 elementor-section-stretched elementor-section-boxed elementor-section-height-default elementor-section-height-default\" data-id=\"e536945\" data-element_type=\"section\" data-settings=\"{&quot;stretch_section&quot;:&quot;section-stretched&quot;,&quot;background_background&quot;:&quot;classic&quot;,&quot;shape_divider_top&quot;:&quot;tilt&quot;,&quot;ekit_has_onepagescroll_dot&quot;:&quot;yes&quot;}\">\n\t\t\t\t\t<div class=\"elementor-shape elementor-shape-top\" data-negative=\"false\">\n\t\t\t<svg xmlns=\"http:\/\/www.w3.org\/2000\/svg\" viewbox=\"0 0 1000 100\" preserveaspectratio=\"none\">\n\t<path class=\"elementor-shape-fill\" d=\"M0,6V0h1000v100L0,6z\"\/>\n<\/svg>\t\t<\/div>\n\t\t\t\t\t<div class=\"elementor-container elementor-column-gap-default\">\n\t\t\t\t\t<div class=\"elementor-column elementor-col-100 elementor-top-column elementor-element elementor-element-4b5011e\" data-id=\"4b5011e\" data-element_type=\"column\">\n\t\t\t<div class=\"elementor-widget-wrap elementor-element-populated\">\n\t\t\t\t\t\t<div class=\"elementor-element elementor-element-ae533b4 elementor-widget elementor-widget-heading\" data-id=\"ae533b4\" data-element_type=\"widget\" data-settings=\"{&quot;ekit_we_effect_on&quot;:&quot;none&quot;}\" data-widget_type=\"heading.default\">\n\t\t\t\t<div class=\"elementor-widget-container\">\n\t\t\t\t\t<h2 class=\"elementor-heading-title elementor-size-default\"> Improve Your Rest...\n<\/h2>\t\t\t\t<\/div>\n\t\t\t\t<\/div>\n\t\t\t\t<div class=\"elementor-element elementor-element-c154feb elementor-widget elementor-widget-text-editor\" data-id=\"c154feb\" data-element_type=\"widget\" data-settings=\"{&quot;ekit_we_effect_on&quot;:&quot;none&quot;}\" data-widget_type=\"text-editor.default\">\n\t\t\t\t<div class=\"elementor-widget-container\">\n\t\t\t\t\t\t\t\t\t<p>You will be able to improve your rest by choosing the perfect combination of our products that will help you have the best restful rest.<\/p>\t\t\t\t\t\t\t\t<\/div>\n\t\t\t\t<\/div>\n\t\t\t\t<section class=\"elementor-section elementor-inner-section elementor-element elementor-element-118fe39 elementor-section-boxed elementor-section-height-default elementor-section-height-default\" data-id=\"118fe39\" data-element_type=\"section\" data-settings=\"{&quot;ekit_has_onepagescroll_dot&quot;:&quot;yes&quot;}\">\n\t\t\t\t\t\t<div class=\"elementor-container elementor-column-gap-default\">\n\t\t\t\t\t<div class=\"elementor-column elementor-col-33 elementor-inner-column elementor-element elementor-element-4ed2e9c\" data-id=\"4ed2e9c\" data-element_type=\"column\">\n\t\t\t<div class=\"elementor-widget-wrap elementor-element-populated\">\n\t\t\t\t\t\t<div class=\"elementor-element elementor-element-79f8f26 elementor-widget elementor-widget-image\" data-id=\"79f8f26\" data-element_type=\"widget\" data-settings=\"{&quot;ekit_we_effect_on&quot;:&quot;none&quot;}\" data-widget_type=\"image.default\">\n\t\t\t\t<div class=\"elementor-widget-container\">\n\t\t\t\t\t\t\t\t\t\t\t\t\t\t\t<img fetchpriority=\"high\" decoding=\"async\" width=\"768\" height=\"1024\" src=\"https:\/\/lacamaazul.com\/es\/wp-content\/uploads\/2022\/06\/FOTO-SOMIER-COLCHON.jpeg\" class=\"attachment-large size-large wp-image-270\" alt=\"\" srcset=\"https:\/\/lacamaazul.com\/es\/wp-content\/uploads\/2022\/06\/FOTO-SOMIER-COLCHON.jpeg 768w, https:\/\/lacamaazul.com\/es\/wp-content\/uploads\/2022\/06\/FOTO-SOMIER-COLCHON-225x300.jpeg 225w, https:\/\/lacamaazul.com\/es\/wp-content\/uploads\/2022\/06\/FOTO-SOMIER-COLCHON-113x150.jpeg 113w, https:\/\/lacamaazul.com\/es\/wp-content\/uploads\/2022\/06\/FOTO-SOMIER-COLCHON-600x800.jpeg 600w\" sizes=\"(max-width: 768px) 100vw, 768px\" \/>\t\t\t\t\t\t\t\t\t\t\t\t\t\t\t<\/div>\n\t\t\t\t<\/div>\n\t\t\t\t<div class=\"elementor-element elementor-element-84d6347 elementor-align-justify elementor-widget elementor-widget-button\" data-id=\"84d6347\" data-element_type=\"widget\" data-settings=\"{&quot;ekit_we_effect_on&quot;:&quot;none&quot;}\" data-widget_type=\"button.default\">\n\t\t\t\t<div class=\"elementor-widget-container\">\n\t\t\t\t\t\t\t\t\t<div class=\"elementor-button-wrapper\">\n\t\t\t\t\t<a class=\"elementor-button elementor-button-link elementor-size-sm\" href=\"http:\/\/lacamaazul.com\/es\/en\/tienda\/somier-colchon\/\">\n\t\t\t\t\t\t<span class=\"elementor-button-content-wrapper\">\n\t\t\t\t\t\t\t\t\t<span class=\"elementor-button-text\">BED FRAME + MATTRESS<\/span>\n\t\t\t\t\t<\/span>\n\t\t\t\t\t<\/a>\n\t\t\t\t<\/div>\n\t\t\t\t\t\t\t\t<\/div>\n\t\t\t\t<\/div>\n\t\t\t\t\t<\/div>\n\t\t<\/div>\n\t\t\t\t<div class=\"elementor-column elementor-col-33 elementor-inner-column elementor-element elementor-element-41968fc\" data-id=\"41968fc\" data-element_type=\"column\">\n\t\t\t<div class=\"elementor-widget-wrap elementor-element-populated\">\n\t\t\t\t\t\t<div class=\"elementor-element elementor-element-bf79eb4 elementor-widget elementor-widget-image\" data-id=\"bf79eb4\" data-element_type=\"widget\" data-settings=\"{&quot;ekit_we_effect_on&quot;:&quot;none&quot;}\" data-widget_type=\"image.default\">\n\t\t\t\t<div class=\"elementor-widget-container\">\n\t\t\t\t\t\t\t\t\t\t\t\t\t\t\t<img decoding=\"async\" width=\"768\" height=\"1024\" src=\"https:\/\/lacamaazul.com\/es\/wp-content\/uploads\/2022\/06\/FOTO-CUBRECOLCHON-MANTA.jpeg\" class=\"attachment-large size-large wp-image-268\" alt=\"\" srcset=\"https:\/\/lacamaazul.com\/es\/wp-content\/uploads\/2022\/06\/FOTO-CUBRECOLCHON-MANTA.jpeg 768w, https:\/\/lacamaazul.com\/es\/wp-content\/uploads\/2022\/06\/FOTO-CUBRECOLCHON-MANTA-225x300.jpeg 225w, https:\/\/lacamaazul.com\/es\/wp-content\/uploads\/2022\/06\/FOTO-CUBRECOLCHON-MANTA-113x150.jpeg 113w, https:\/\/lacamaazul.com\/es\/wp-content\/uploads\/2022\/06\/FOTO-CUBRECOLCHON-MANTA-600x800.jpeg 600w\" sizes=\"(max-width: 768px) 100vw, 768px\" \/>\t\t\t\t\t\t\t\t\t\t\t\t\t\t\t<\/div>\n\t\t\t\t<\/div>\n\t\t\t\t<div class=\"elementor-element elementor-element-16ba654 elementor-align-justify elementor-widget elementor-widget-button\" data-id=\"16ba654\" data-element_type=\"widget\" data-settings=\"{&quot;ekit_we_effect_on&quot;:&quot;none&quot;}\" data-widget_type=\"button.default\">\n\t\t\t\t<div class=\"elementor-widget-container\">\n\t\t\t\t\t\t\t\t\t<div class=\"elementor-button-wrapper\">\n\t\t\t\t\t<a class=\"elementor-button elementor-button-link elementor-size-sm\" href=\"http:\/\/lacamaazul.com\/es\/en\/tienda\/cubre-colchon-mas-manta\/\">\n\t\t\t\t\t\t<span class=\"elementor-button-content-wrapper\">\n\t\t\t\t\t\t\t\t\t<span class=\"elementor-button-text\">MATTRESS COVER + BLANKET<\/span>\n\t\t\t\t\t<\/span>\n\t\t\t\t\t<\/a>\n\t\t\t\t<\/div>\n\t\t\t\t\t\t\t\t<\/div>\n\t\t\t\t<\/div>\n\t\t\t\t\t<\/div>\n\t\t<\/div>\n\t\t\t\t<div class=\"elementor-column elementor-col-33 elementor-inner-column elementor-element elementor-element-160b676\" data-id=\"160b676\" data-element_type=\"column\">\n\t\t\t<div class=\"elementor-widget-wrap elementor-element-populated\">\n\t\t\t\t\t\t<div class=\"elementor-element elementor-element-5b5e5a6 elementor-widget elementor-widget-image\" data-id=\"5b5e5a6\" data-element_type=\"widget\" data-settings=\"{&quot;ekit_we_effect_on&quot;:&quot;none&quot;}\" data-widget_type=\"image.default\">\n\t\t\t\t<div class=\"elementor-widget-container\">\n\t\t\t\t\t\t\t\t\t\t\t\t\t\t\t<img decoding=\"async\" width=\"768\" height=\"1024\" src=\"https:\/\/lacamaazul.com\/es\/wp-content\/uploads\/2022\/06\/FOTO-CAMA-COMPLETA.jpeg\" class=\"attachment-large size-large wp-image-273\" alt=\"\" srcset=\"https:\/\/lacamaazul.com\/es\/wp-content\/uploads\/2022\/06\/FOTO-CAMA-COMPLETA.jpeg 768w, https:\/\/lacamaazul.com\/es\/wp-content\/uploads\/2022\/06\/FOTO-CAMA-COMPLETA-225x300.jpeg 225w, https:\/\/lacamaazul.com\/es\/wp-content\/uploads\/2022\/06\/FOTO-CAMA-COMPLETA-113x150.jpeg 113w, https:\/\/lacamaazul.com\/es\/wp-content\/uploads\/2022\/06\/FOTO-CAMA-COMPLETA-600x800.jpeg 600w\" sizes=\"(max-width: 768px) 100vw, 768px\" \/>\t\t\t\t\t\t\t\t\t\t\t\t\t\t\t<\/div>\n\t\t\t\t<\/div>\n\t\t\t\t<div class=\"elementor-element elementor-element-ad7e03d elementor-align-justify elementor-widget elementor-widget-button\" data-id=\"ad7e03d\" data-element_type=\"widget\" data-settings=\"{&quot;ekit_we_effect_on&quot;:&quot;none&quot;}\" data-widget_type=\"button.default\">\n\t\t\t\t<div class=\"elementor-widget-container\">\n\t\t\t\t\t\t\t\t\t<div class=\"elementor-button-wrapper\">\n\t\t\t\t\t<a class=\"elementor-button elementor-button-link elementor-size-sm\" href=\"http:\/\/lacamaazul.com\/es\/en\/tienda\/cama-completa\/\">\n\t\t\t\t\t\t<span class=\"elementor-button-content-wrapper\">\n\t\t\t\t\t\t\t\t\t<span class=\"elementor-button-text\">COMPLETE BED<\/span>\n\t\t\t\t\t<\/span>\n\t\t\t\t\t<\/a>\n\t\t\t\t<\/div>\n\t\t\t\t\t\t\t\t<\/div>\n\t\t\t\t<\/div>\n\t\t\t\t\t<\/div>\n\t\t<\/div>\n\t\t\t\t\t<\/div>\n\t\t<\/section>\n\t\t\t\t\t<\/div>\n\t\t<\/div>\n\t\t\t\t\t<\/div>\n\t\t<\/section>\n\t\t\t\t<\/div>","protected":false},"excerpt":{"rendered":"<p>Ours <strong>Ecological beech wood somier<\/strong> <b>LA CAMA AZUL <\/b>are made with 100% natural products.<\/p>\n<ul>\n<li>Natural laminated beech wood.<\/li>\n<li>Natural rubber pivot support.<\/li>\n<li>Adjustable beech slats.<\/li>\n<li>Natural beech legs.<\/li>\n<li>Manual adjustment in 5 positions on the head and foot, in a natural and comfortable way.<\/li>\n<li>16cm frame.<\/li>\n<\/ul>\n<p>The raw materials do not contain materials that are harmful to people or the environment and have the OEKO-TEX certificate, guaranteeing that they do not contain carcinogenic dyes.<\/p>\n<hr \/>\n<ul>\n<li>Delivery in 30 days.<\/li>\n<li>Garant\u00eda de \u00a03 a\u00f1os.<\/li>\n<li><a href=\"http:\/\/lacamaazul.com\/es\/en\/contacto\/\">Contact us<\/a> with any questions you have<\/li>\n<\/ul>","protected":false},"featured_media":2918,"comment_status":"open","ping_status":"closed","template":"","meta":{"_joinchat":[]},"product_cat":[16,17],"product_tag":[119,118,120],"yoast_head":"<!-- This site is optimized with the Yoast SEO plugin v21.4 - https:\/\/yoast.com\/wordpress\/plugins\/seo\/ -->\n<title>Somier de madera de haya ecol\u00f3gico - La Cama Azul<\/title>\n<meta name=\"description\" content=\"Somier de madera de haya ecol\u00f3gico. Somier de alta calidad y respetuoso con el medio ambiente. Cama ecol\u00f3gica - La Cama azul.\" \/>\n<meta name=\"robots\" content=\"index, follow, max-snippet:-1, max-image-preview:large, max-video-preview:-1\" \/>\n<link rel=\"canonical\" href=\"https:\/\/lacamaazul.com\/es\/en\/tienda\/somier-de-madera-de-haya-ecologico\/\" \/>\n<meta property=\"og:locale\" content=\"en_US\" \/>\n<meta property=\"og:type\" content=\"article\" \/>\n<meta property=\"og:title\" content=\"Somier de madera de haya ecol\u00f3gico - La Cama Azul\" \/>\n<meta property=\"og:description\" content=\"Somier de madera de haya ecol\u00f3gico. Somier de alta calidad y respetuoso con el medio ambiente. Cama ecol\u00f3gica - La Cama azul.\" \/>\n<meta property=\"og:url\" content=\"https:\/\/lacamaazul.com\/es\/en\/tienda\/somier-de-madera-de-haya-ecologico\/\" \/>\n<meta property=\"og:site_name\" content=\"La Cama Azul\" \/>\n<meta property=\"article:modified_time\" content=\"2026-04-14T10:14:12+00:00\" \/>\n<meta property=\"og:image\" content=\"https:\/\/lacamaazul.com\/es\/wp-content\/uploads\/2022\/06\/Somier-madera-de-haya-regulable-cabeza-pies-1.jpg\" \/>\n\t<meta property=\"og:image:width\" content=\"2000\" \/>\n\t<meta property=\"og:image:height\" content=\"1333\" \/>\n\t<meta property=\"og:image:type\" content=\"image\/jpeg\" \/>\n<meta name=\"twitter:card\" content=\"summary_large_image\" \/>\n<meta name=\"twitter:label1\" content=\"Est. reading time\" \/>\n\t<meta name=\"twitter:data1\" content=\"2 minutes\" \/>\n<script type=\"application\/ld+json\" class=\"yoast-schema-graph\">{\"@context\":\"https:\/\/schema.org\",\"@graph\":[{\"@type\":\"WebPage\",\"@id\":\"https:\/\/lacamaazul.com\/es\/tienda\/somier-de-madera-de-haya-ecologico\/\",\"url\":\"https:\/\/lacamaazul.com\/es\/tienda\/somier-de-madera-de-haya-ecologico\/\",\"name\":\"Somier de madera de haya ecol\u00f3gico - La Cama Azul\",\"isPartOf\":{\"@id\":\"https:\/\/lacamaazul.com\/es\/#website\"},\"datePublished\":\"2022-06-23T15:46:54+00:00\",\"dateModified\":\"2026-04-14T10:14:12+00:00\",\"description\":\"Somier de madera de haya ecol\u00f3gico. Somier de alta calidad y respetuoso con el medio ambiente. Cama ecol\u00f3gica - La Cama azul.\",\"breadcrumb\":{\"@id\":\"https:\/\/lacamaazul.com\/es\/tienda\/somier-de-madera-de-haya-ecologico\/#breadcrumb\"},\"inLanguage\":\"en-US\",\"potentialAction\":[{\"@type\":\"ReadAction\",\"target\":[\"https:\/\/lacamaazul.com\/es\/tienda\/somier-de-madera-de-haya-ecologico\/\"]}]},{\"@type\":\"BreadcrumbList\",\"@id\":\"https:\/\/lacamaazul.com\/es\/tienda\/somier-de-madera-de-haya-ecologico\/#breadcrumb\",\"itemListElement\":[{\"@type\":\"ListItem\",\"position\":1,\"name\":\"Portada\",\"item\":\"https:\/\/lacamaazul.com\/es\/\"},{\"@type\":\"ListItem\",\"position\":2,\"name\":\"Tienda\",\"item\":\"https:\/\/lacamaazul.com\/es\/en\/tienda\/\"},{\"@type\":\"ListItem\",\"position\":3,\"name\":\"Somier de madera de haya ecol\u00f3gico &#8211; PROMOCI\u00d3N (10%Dto)\"}]},{\"@type\":\"WebSite\",\"@id\":\"https:\/\/lacamaazul.com\/es\/#website\",\"url\":\"https:\/\/lacamaazul.com\/es\/\",\"name\":\"La Cama Azul\",\"description\":\"Tu Descanso con los mejores materiales\",\"publisher\":{\"@id\":\"https:\/\/lacamaazul.com\/es\/#organization\"},\"potentialAction\":[{\"@type\":\"SearchAction\",\"target\":{\"@type\":\"EntryPoint\",\"urlTemplate\":\"https:\/\/lacamaazul.com\/es\/?s={search_term_string}\"},\"query-input\":\"required name=search_term_string\"}],\"inLanguage\":\"en-US\"},{\"@type\":\"Organization\",\"@id\":\"https:\/\/lacamaazul.com\/es\/#organization\",\"name\":\"La Cama Azul\",\"url\":\"https:\/\/lacamaazul.com\/es\/\",\"logo\":{\"@type\":\"ImageObject\",\"inLanguage\":\"en-US\",\"@id\":\"https:\/\/lacamaazul.com\/es\/#\/schema\/logo\/image\/\",\"url\":\"https:\/\/lacamaazul.com\/es\/wp-content\/uploads\/2022\/07\/cropped-logo-nuevo2.png\",\"contentUrl\":\"https:\/\/lacamaazul.com\/es\/wp-content\/uploads\/2022\/07\/cropped-logo-nuevo2.png\",\"width\":163,\"height\":80,\"caption\":\"La Cama Azul\"},\"image\":{\"@id\":\"https:\/\/lacamaazul.com\/es\/#\/schema\/logo\/image\/\"}}]}<\/script>\n<!-- \/ Yoast SEO plugin. -->","yoast_head_json":{"title":"Somier de madera de haya ecol\u00f3gico - La Cama Azul","description":"Somier de madera de haya ecol\u00f3gico. Somier de alta calidad y respetuoso con el medio ambiente. Cama ecol\u00f3gica - La Cama azul.","robots":{"index":"index","follow":"follow","max-snippet":"max-snippet:-1","max-image-preview":"max-image-preview:large","max-video-preview":"max-video-preview:-1"},"canonical":"https:\/\/lacamaazul.com\/es\/en\/tienda\/somier-de-madera-de-haya-ecologico\/","og_locale":"en_US","og_type":"article","og_title":"Somier de madera de haya ecol\u00f3gico - La Cama Azul","og_description":"Somier de madera de haya ecol\u00f3gico. Somier de alta calidad y respetuoso con el medio ambiente. Cama ecol\u00f3gica - La Cama azul.","og_url":"https:\/\/lacamaazul.com\/es\/en\/tienda\/somier-de-madera-de-haya-ecologico\/","og_site_name":"La Cama Azul","article_modified_time":"2026-04-14T10:14:12+00:00","og_image":[{"width":2000,"height":1333,"url":"https:\/\/lacamaazul.com\/es\/wp-content\/uploads\/2022\/06\/Somier-madera-de-haya-regulable-cabeza-pies-1.jpg","type":"image\/jpeg"}],"twitter_card":"summary_large_image","twitter_misc":{"Est. reading time":"2 minutes"},"schema":{"@context":"https:\/\/schema.org","@graph":[{"@type":"WebPage","@id":"https:\/\/lacamaazul.com\/es\/tienda\/somier-de-madera-de-haya-ecologico\/","url":"https:\/\/lacamaazul.com\/es\/tienda\/somier-de-madera-de-haya-ecologico\/","name":"Somier de madera de haya ecol\u00f3gico - La Cama Azul","isPartOf":{"@id":"https:\/\/lacamaazul.com\/es\/#website"},"datePublished":"2022-06-23T15:46:54+00:00","dateModified":"2026-04-14T10:14:12+00:00","description":"Somier de madera de haya ecol\u00f3gico. Somier de alta calidad y respetuoso con el medio ambiente. Cama ecol\u00f3gica - La Cama azul.","breadcrumb":{"@id":"https:\/\/lacamaazul.com\/es\/tienda\/somier-de-madera-de-haya-ecologico\/#breadcrumb"},"inLanguage":"en-US","potentialAction":[{"@type":"ReadAction","target":["https:\/\/lacamaazul.com\/es\/tienda\/somier-de-madera-de-haya-ecologico\/"]}]},{"@type":"BreadcrumbList","@id":"https:\/\/lacamaazul.com\/es\/tienda\/somier-de-madera-de-haya-ecologico\/#breadcrumb","itemListElement":[{"@type":"ListItem","position":1,"name":"Portada","item":"https:\/\/lacamaazul.com\/es\/"},{"@type":"ListItem","position":2,"name":"Tienda","item":"https:\/\/lacamaazul.com\/es\/en\/tienda\/"},{"@type":"ListItem","position":3,"name":"Somier de madera de haya ecol\u00f3gico &#8211; PROMOCI\u00d3N (10%Dto)"}]},{"@type":"WebSite","@id":"https:\/\/lacamaazul.com\/es\/#website","url":"https:\/\/lacamaazul.com\/es\/","name":"La Cama Azul","description":"Tu Descanso con los mejores materiales","publisher":{"@id":"https:\/\/lacamaazul.com\/es\/#organization"},"potentialAction":[{"@type":"SearchAction","target":{"@type":"EntryPoint","urlTemplate":"https:\/\/lacamaazul.com\/es\/?s={search_term_string}"},"query-input":"required name=search_term_string"}],"inLanguage":"en-US"},{"@type":"Organization","@id":"https:\/\/lacamaazul.com\/es\/#organization","name":"La Cama Azul","url":"https:\/\/lacamaazul.com\/es\/","logo":{"@type":"ImageObject","inLanguage":"en-US","@id":"https:\/\/lacamaazul.com\/es\/#\/schema\/logo\/image\/","url":"https:\/\/lacamaazul.com\/es\/wp-content\/uploads\/2022\/07\/cropped-logo-nuevo2.png","contentUrl":"https:\/\/lacamaazul.com\/es\/wp-content\/uploads\/2022\/07\/cropped-logo-nuevo2.png","width":163,"height":80,"caption":"La Cama Azul"},"image":{"@id":"https:\/\/lacamaazul.com\/es\/#\/schema\/logo\/image\/"}}]}},"_links":{"self":[{"href":"https:\/\/lacamaazul.com\/es\/en\/wp-json\/wp\/v2\/product\/108"}],"collection":[{"href":"https:\/\/lacamaazul.com\/es\/en\/wp-json\/wp\/v2\/product"}],"about":[{"href":"https:\/\/lacamaazul.com\/es\/en\/wp-json\/wp\/v2\/types\/product"}],"replies":[{"embeddable":true,"href":"https:\/\/lacamaazul.com\/es\/en\/wp-json\/wp\/v2\/comments?post=108"}],"version-history":[{"count":82,"href":"https:\/\/lacamaazul.com\/es\/en\/wp-json\/wp\/v2\/product\/108\/revisions"}],"predecessor-version":[{"id":5900,"href":"https:\/\/lacamaazul.com\/es\/en\/wp-json\/wp\/v2\/product\/108\/revisions\/5900"}],"wp:featuredmedia":[{"embeddable":true,"href":"https:\/\/lacamaazul.com\/es\/en\/wp-json\/wp\/v2\/media\/2918"}],"wp:attachment":[{"href":"https:\/\/lacamaazul.com\/es\/en\/wp-json\/wp\/v2\/media?parent=108"}],"wp:term":[{"taxonomy":"product_cat","embeddable":true,"href":"https:\/\/lacamaazul.com\/es\/en\/wp-json\/wp\/v2\/product_cat?post=108"},{"taxonomy":"product_tag","embeddable":true,"href":"https:\/\/lacamaazul.com\/es\/en\/wp-json\/wp\/v2\/product_tag?post=108"}],"curies":[{"name":"wp","href":"https:\/\/api.w.org\/{rel}","templated":true}]}}