{"id":5926,"date":"2026-04-30T11:47:11","date_gmt":"2026-04-30T11:47:11","guid":{"rendered":"https:\/\/lacamaazul.com\/es\/?post_type=product&#038;p=5926"},"modified":"2026-05-06T18:41:28","modified_gmt":"2026-05-06T18:41:28","slug":"cojin-de-lactancia-de-lana-merina-algodon-ecologico","status":"publish","type":"product","link":"https:\/\/lacamaazul.com\/es\/en\/tienda\/cojin-de-lactancia-de-lana-merina-algodon-ecologico\/","title":{"rendered":"Coj\u00edn de lactancia de Lana merina ecol\u00f3gica"},"content":{"rendered":"<div data-elementor-type=\"wp-post\" data-elementor-id=\"5926\" class=\"elementor elementor-5926\">\n\t\t\t\t\t\t<section class=\"elementor-section elementor-top-section elementor-element elementor-element-4518e52 elementor-section-stretched elementor-section-boxed elementor-section-height-default elementor-section-height-default\" data-id=\"4518e52\" data-element_type=\"section\" data-settings=\"{&quot;stretch_section&quot;:&quot;section-stretched&quot;,&quot;background_background&quot;:&quot;classic&quot;,&quot;ekit_has_onepagescroll_dot&quot;:&quot;yes&quot;}\">\n\t\t\t\t\t\t<div class=\"elementor-container elementor-column-gap-default\">\n\t\t\t\t\t<div class=\"elementor-column elementor-col-100 elementor-top-column elementor-element elementor-element-fe0f134\" data-id=\"fe0f134\" data-element_type=\"column\">\n\t\t\t<div class=\"elementor-widget-wrap elementor-element-populated\">\n\t\t\t\t\t\t<div class=\"elementor-element elementor-element-ab9cca2 elementor-widget elementor-widget-heading\" data-id=\"ab9cca2\" data-element_type=\"widget\" data-settings=\"{&quot;ekit_we_effect_on&quot;:&quot;none&quot;}\" data-widget_type=\"heading.default\">\n\t\t\t\t<div class=\"elementor-widget-container\">\n\t\t\t\t\t<h2 class=\"elementor-heading-title elementor-size-default\">Coj\u00edn de Lactancia de Lana 100%  merina ecol\u00f3gica<\/h2>\t\t\t\t<\/div>\n\t\t\t\t<\/div>\n\t\t\t\t<div class=\"elementor-element elementor-element-5b2fa81 elementor-widget elementor-widget-text-editor\" data-id=\"5b2fa81\" data-element_type=\"widget\" data-settings=\"{&quot;ekit_we_effect_on&quot;:&quot;none&quot;}\" data-widget_type=\"text-editor.default\">\n\t\t\t\t<div class=\"elementor-widget-container\">\n\t\t\t\t\t\t\t\t\t<p><strong>The best rest for its natural properties.<\/strong><\/p>\t\t\t\t\t\t\t\t<\/div>\n\t\t\t\t<\/div>\n\t\t\t\t\t<\/div>\n\t\t<\/div>\n\t\t\t\t\t<\/div>\n\t\t<\/section>\n\t\t\t\t<section class=\"elementor-section elementor-top-section elementor-element elementor-element-336efd7 elementor-section-stretched elementor-section-boxed elementor-section-height-default elementor-section-height-default\" data-id=\"336efd7\" data-element_type=\"section\" data-settings=\"{&quot;stretch_section&quot;:&quot;section-stretched&quot;,&quot;background_background&quot;:&quot;classic&quot;,&quot;ekit_has_onepagescroll_dot&quot;:&quot;yes&quot;}\">\n\t\t\t\t\t\t<div class=\"elementor-container elementor-column-gap-default\">\n\t\t\t\t\t<div class=\"elementor-column elementor-col-33 elementor-top-column elementor-element elementor-element-9c76bbe\" data-id=\"9c76bbe\" data-element_type=\"column\">\n\t\t\t<div class=\"elementor-widget-wrap elementor-element-populated\">\n\t\t\t\t\t\t<div class=\"elementor-element elementor-element-0deffd8 elementor-view-default elementor-position-top elementor-mobile-position-top elementor-widget elementor-widget-icon-box\" data-id=\"0deffd8\" data-element_type=\"widget\" data-settings=\"{&quot;ekit_we_effect_on&quot;:&quot;none&quot;}\" data-widget_type=\"icon-box.default\">\n\t\t\t\t<div class=\"elementor-widget-container\">\n\t\t\t\t\t\t\t<div class=\"elementor-icon-box-wrapper\">\n\n\t\t\t\t\t\t<div class=\"elementor-icon-box-icon\">\n\t\t\t\t<span  class=\"elementor-icon\">\n\t\t\t\t<i aria-hidden=\"true\" class=\"fas fa-cloud\"><\/i>\t\t\t\t<\/span>\n\t\t\t<\/div>\n\t\t\t\n\t\t\t\t\t\t<div class=\"elementor-icon-box-content\">\n\n\t\t\t\t\t\t\t\t\t<h4 class=\"elementor-icon-box-title\">\n\t\t\t\t\t\t<span  >\n\t\t\t\t\t\t\tConfecci\u00f3n 100% artesanal\t\t\t\t\t\t<\/span>\n\t\t\t\t\t<\/h4>\n\t\t\t\t\n\t\t\t\t\t\t\t\t\t<p class=\"elementor-icon-box-description\">\n\t\t\t\t\t\tConfeccionado de forma artesanal con Lana merina  y algod\u00f3n ecol\u00f3gico, seleccionados por su suavidad, transpirabilidad y pureza natural.\t\t\t\t\t<\/p>\n\t\t\t\t\n\t\t\t<\/div>\n\t\t\t\n\t\t<\/div>\n\t\t\t\t\t\t<\/div>\n\t\t\t\t<\/div>\n\t\t\t\t\t<\/div>\n\t\t<\/div>\n\t\t\t\t<div class=\"elementor-column elementor-col-33 elementor-top-column elementor-element elementor-element-84c9732\" data-id=\"84c9732\" data-element_type=\"column\">\n\t\t\t<div class=\"elementor-widget-wrap elementor-element-populated\">\n\t\t\t\t\t\t<div class=\"elementor-element elementor-element-d466cb6 elementor-view-default elementor-position-top elementor-mobile-position-top elementor-widget elementor-widget-icon-box\" data-id=\"d466cb6\" data-element_type=\"widget\" data-settings=\"{&quot;ekit_we_effect_on&quot;:&quot;none&quot;}\" data-widget_type=\"icon-box.default\">\n\t\t\t\t<div class=\"elementor-widget-container\">\n\t\t\t\t\t\t\t<div class=\"elementor-icon-box-wrapper\">\n\n\t\t\t\t\t\t<div class=\"elementor-icon-box-icon\">\n\t\t\t\t<span  class=\"elementor-icon\">\n\t\t\t\t<i aria-hidden=\"true\" class=\"fas fa-water\"><\/i>\t\t\t\t<\/span>\n\t\t\t<\/div>\n\t\t\t\n\t\t\t\t\t\t<div class=\"elementor-icon-box-content\">\n\n\t\t\t\t\t\t\t\t\t<h4 class=\"elementor-icon-box-title\">\n\t\t\t\t\t\t<span  >\n\t\t\t\t\t\t\tRecommended washing\t\t\t\t\t\t<\/span>\n\t\t\t\t\t<\/h4>\n\t\t\t\t\n\t\t\t\t\t\t\t\t\t<p class=\"elementor-icon-box-description\">\n\t\t\t\t\t\tLavar a m\u00e1quina las dos fundas con cremallera en programa de agua fr\u00eda o m\u00e1ximo 30 \u00b0C, utilizando jab\u00f3n natural sin suavizantes ni blanqueadores qu\u00edmicos, para conservar la textura y el color del tejido.\t\t\t\t\t<\/p>\n\t\t\t\t\n\t\t\t<\/div>\n\t\t\t\n\t\t<\/div>\n\t\t\t\t\t\t<\/div>\n\t\t\t\t<\/div>\n\t\t\t\t\t<\/div>\n\t\t<\/div>\n\t\t\t\t<div class=\"elementor-column elementor-col-33 elementor-top-column elementor-element elementor-element-122058b\" data-id=\"122058b\" data-element_type=\"column\">\n\t\t\t<div class=\"elementor-widget-wrap elementor-element-populated\">\n\t\t\t\t\t\t<div class=\"elementor-element elementor-element-419a947 elementor-view-default elementor-position-top elementor-mobile-position-top elementor-widget elementor-widget-icon-box\" data-id=\"419a947\" data-element_type=\"widget\" data-settings=\"{&quot;ekit_we_effect_on&quot;:&quot;none&quot;}\" data-widget_type=\"icon-box.default\">\n\t\t\t\t<div class=\"elementor-widget-container\">\n\t\t\t\t\t\t\t<div class=\"elementor-icon-box-wrapper\">\n\n\t\t\t\t\t\t<div class=\"elementor-icon-box-icon\">\n\t\t\t\t<span  class=\"elementor-icon\">\n\t\t\t\t<i aria-hidden=\"true\" class=\"icon icon-cloud1\"><\/i>\t\t\t\t<\/span>\n\t\t\t<\/div>\n\t\t\t\n\t\t\t\t\t\t<div class=\"elementor-icon-box-content\">\n\n\t\t\t\t\t\t\t\t\t<h4 class=\"elementor-icon-box-title\">\n\t\t\t\t\t\t<span  >\n\t\t\t\t\t\t\tMaintenance tips\t\t\t\t\t\t<\/span>\n\t\t\t\t\t<\/h4>\n\t\t\t\t\n\t\t\t\t\t\t\t\t\t<p class=\"elementor-icon-box-description\">\n\t\t\t\t\t\tRecomendable quitar las dos fundas de lana merina y algod\u00f3n ecol\u00f3gico y airear la lana merina al sol, el mejor desinfectante.\t\t\t\t\t<\/p>\n\t\t\t\t\n\t\t\t<\/div>\n\t\t\t\n\t\t<\/div>\n\t\t\t\t\t\t<\/div>\n\t\t\t\t<\/div>\n\t\t\t\t\t<\/div>\n\t\t<\/div>\n\t\t\t\t\t<\/div>\n\t\t<\/section>\n\t\t\t\t<\/div>","protected":false},"excerpt":{"rendered":"<p>Comodidad real para uno de los momentos m\u00e1s importantes.<\/p>\n<ul>\n<li>Coj\u00edn de Lactancia de <strong>Lana 100% merina <\/strong>and <strong>Algod\u00f3n ecol\u00f3gico:\u00a0<\/strong>Relleno de lana merina con doble funda con cremallera extraible (interior de algod\u00f3n ecol\u00f3gico y exterior de lana merina). Esta combinaci\u00f3n crea un entorno suave, transpirable y libre de sint\u00e9ticos, evitando el exceso de calor y la sudoraci\u00f3n, algo clave en el contacto continuo con el beb\u00e9.<\/li>\n<li>Dispone de unas cintas con velcro para ajustarlo a la cintura de la madre y as\u00ed lograr una mayor comodidad. Medida: 60&#215;55.<\/li>\n<li>Dise\u00f1ado para acompa\u00f1ar tanto a la madre como al beb\u00e9 durante la lactancia, aportando una postura c\u00f3moda, natural y sin tensiones.<\/li>\n<li>La lana merina regula la temperatura de forma natural, manteniendo siempre un microclima seco y equilibrado, mientras que el dise\u00f1o ergon\u00f3mico ayuda a reducir la carga en brazos, hombros y espalda.<\/li>\n<\/ul>\n<p><a href=\"https:\/\/lacamaazul.com\/es\/en\/product-category\/bebes\/\">Sistema de descanso Baby LaCamaazul<\/a><\/p>\n<hr \/>\n<ul>\n<li>Delivery in 30 days.<\/li>\n<li>Garant\u00eda de 3 a\u00f1os.<\/li>\n<li><a href=\"http:\/\/lacamaazul.com\/es\/en\/contacto\/\">Contact us<\/a> with any questions you have<\/li>\n<\/ul>","protected":false},"featured_media":5959,"comment_status":"open","ping_status":"closed","template":"","meta":{"_joinchat":[]},"product_cat":[218,16,18],"product_tag":[212,206,219,220,222,223,207,221],"yoast_head":"<!-- This site is optimized with the Yoast SEO plugin v21.4 - https:\/\/yoast.com\/wordpress\/plugins\/seo\/ -->\n<title>Coj\u00edn de lactancia de Lana merina ecol\u00f3gica - La Cama Azul<\/title>\n<meta name=\"description\" content=\"Coj\u00edn de lactancia de Lana merina ecol\u00f3gica. Comodidad real para uno de los momentos m\u00e1s importantes de una madre y su beb\u00e9. La Cama azul\" \/>\n<meta name=\"robots\" content=\"index, follow, max-snippet:-1, max-image-preview:large, max-video-preview:-1\" \/>\n<link rel=\"canonical\" href=\"https:\/\/lacamaazul.com\/es\/en\/tienda\/cojin-de-lactancia-de-lana-merina-algodon-ecologico\/\" \/>\n<meta property=\"og:locale\" content=\"en_US\" \/>\n<meta property=\"og:type\" content=\"article\" \/>\n<meta property=\"og:title\" content=\"Coj\u00edn de lactancia de Lana merina ecol\u00f3gica - La Cama Azul\" \/>\n<meta property=\"og:description\" content=\"Coj\u00edn de lactancia de Lana merina ecol\u00f3gica. Comodidad real para uno de los momentos m\u00e1s importantes de una madre y su beb\u00e9. La Cama azul\" \/>\n<meta property=\"og:url\" content=\"https:\/\/lacamaazul.com\/es\/en\/tienda\/cojin-de-lactancia-de-lana-merina-algodon-ecologico\/\" \/>\n<meta property=\"og:site_name\" content=\"La Cama Azul\" \/>\n<meta property=\"article:modified_time\" content=\"2026-05-06T18:41:28+00:00\" \/>\n<meta property=\"og:image\" content=\"https:\/\/lacamaazul.com\/es\/wp-content\/uploads\/2026\/04\/cojin-lactancia-bebe-lana-merina-algodon-ecologico-1024x683.png\" \/>\n\t<meta property=\"og:image:width\" content=\"1024\" \/>\n\t<meta property=\"og:image:height\" content=\"683\" \/>\n\t<meta property=\"og:image:type\" content=\"image\/png\" \/>\n<meta name=\"twitter:card\" content=\"summary_large_image\" \/>\n<meta name=\"twitter:label1\" content=\"Est. reading time\" \/>\n\t<meta name=\"twitter:data1\" content=\"1 minute\" \/>\n<script type=\"application\/ld+json\" class=\"yoast-schema-graph\">{\"@context\":\"https:\/\/schema.org\",\"@graph\":[{\"@type\":\"WebPage\",\"@id\":\"https:\/\/lacamaazul.com\/es\/tienda\/cojin-de-lactancia-de-lana-merina-algodon-ecologico\/\",\"url\":\"https:\/\/lacamaazul.com\/es\/tienda\/cojin-de-lactancia-de-lana-merina-algodon-ecologico\/\",\"name\":\"Coj\u00edn de lactancia de Lana merina ecol\u00f3gica - La Cama Azul\",\"isPartOf\":{\"@id\":\"https:\/\/lacamaazul.com\/es\/#website\"},\"datePublished\":\"2026-04-30T11:47:11+00:00\",\"dateModified\":\"2026-05-06T18:41:28+00:00\",\"description\":\"Coj\u00edn de lactancia de Lana merina ecol\u00f3gica. Comodidad real para uno de los momentos m\u00e1s importantes de una madre y su beb\u00e9. La Cama azul\",\"breadcrumb\":{\"@id\":\"https:\/\/lacamaazul.com\/es\/tienda\/cojin-de-lactancia-de-lana-merina-algodon-ecologico\/#breadcrumb\"},\"inLanguage\":\"en-US\",\"potentialAction\":[{\"@type\":\"ReadAction\",\"target\":[\"https:\/\/lacamaazul.com\/es\/tienda\/cojin-de-lactancia-de-lana-merina-algodon-ecologico\/\"]}]},{\"@type\":\"BreadcrumbList\",\"@id\":\"https:\/\/lacamaazul.com\/es\/tienda\/cojin-de-lactancia-de-lana-merina-algodon-ecologico\/#breadcrumb\",\"itemListElement\":[{\"@type\":\"ListItem\",\"position\":1,\"name\":\"Portada\",\"item\":\"https:\/\/lacamaazul.com\/es\/\"},{\"@type\":\"ListItem\",\"position\":2,\"name\":\"Tienda\",\"item\":\"https:\/\/lacamaazul.com\/es\/en\/tienda\/\"},{\"@type\":\"ListItem\",\"position\":3,\"name\":\"Coj\u00edn de lactancia de Lana merina ecol\u00f3gica\"}]},{\"@type\":\"WebSite\",\"@id\":\"https:\/\/lacamaazul.com\/es\/#website\",\"url\":\"https:\/\/lacamaazul.com\/es\/\",\"name\":\"La Cama Azul\",\"description\":\"Tu Descanso con los mejores materiales\",\"publisher\":{\"@id\":\"https:\/\/lacamaazul.com\/es\/#organization\"},\"potentialAction\":[{\"@type\":\"SearchAction\",\"target\":{\"@type\":\"EntryPoint\",\"urlTemplate\":\"https:\/\/lacamaazul.com\/es\/?s={search_term_string}\"},\"query-input\":\"required name=search_term_string\"}],\"inLanguage\":\"en-US\"},{\"@type\":\"Organization\",\"@id\":\"https:\/\/lacamaazul.com\/es\/#organization\",\"name\":\"La Cama Azul\",\"url\":\"https:\/\/lacamaazul.com\/es\/\",\"logo\":{\"@type\":\"ImageObject\",\"inLanguage\":\"en-US\",\"@id\":\"https:\/\/lacamaazul.com\/es\/#\/schema\/logo\/image\/\",\"url\":\"https:\/\/lacamaazul.com\/es\/wp-content\/uploads\/2022\/07\/cropped-logo-nuevo2.png\",\"contentUrl\":\"https:\/\/lacamaazul.com\/es\/wp-content\/uploads\/2022\/07\/cropped-logo-nuevo2.png\",\"width\":163,\"height\":80,\"caption\":\"La Cama Azul\"},\"image\":{\"@id\":\"https:\/\/lacamaazul.com\/es\/#\/schema\/logo\/image\/\"}}]}<\/script>\n<!-- \/ Yoast SEO plugin. -->","yoast_head_json":{"title":"Coj\u00edn de lactancia de Lana merina ecol\u00f3gica - La Cama Azul","description":"Coj\u00edn de lactancia de Lana merina ecol\u00f3gica. Comodidad real para uno de los momentos m\u00e1s importantes de una madre y su beb\u00e9. La Cama azul","robots":{"index":"index","follow":"follow","max-snippet":"max-snippet:-1","max-image-preview":"max-image-preview:large","max-video-preview":"max-video-preview:-1"},"canonical":"https:\/\/lacamaazul.com\/es\/en\/tienda\/cojin-de-lactancia-de-lana-merina-algodon-ecologico\/","og_locale":"en_US","og_type":"article","og_title":"Coj\u00edn de lactancia de Lana merina ecol\u00f3gica - La Cama Azul","og_description":"Coj\u00edn de lactancia de Lana merina ecol\u00f3gica. Comodidad real para uno de los momentos m\u00e1s importantes de una madre y su beb\u00e9. La Cama azul","og_url":"https:\/\/lacamaazul.com\/es\/en\/tienda\/cojin-de-lactancia-de-lana-merina-algodon-ecologico\/","og_site_name":"La Cama Azul","article_modified_time":"2026-05-06T18:41:28+00:00","og_image":[{"width":1024,"height":683,"url":"https:\/\/lacamaazul.com\/es\/wp-content\/uploads\/2026\/04\/cojin-lactancia-bebe-lana-merina-algodon-ecologico-1024x683.png","type":"image\/png"}],"twitter_card":"summary_large_image","twitter_misc":{"Est. reading time":"1 minute"},"schema":{"@context":"https:\/\/schema.org","@graph":[{"@type":"WebPage","@id":"https:\/\/lacamaazul.com\/es\/tienda\/cojin-de-lactancia-de-lana-merina-algodon-ecologico\/","url":"https:\/\/lacamaazul.com\/es\/tienda\/cojin-de-lactancia-de-lana-merina-algodon-ecologico\/","name":"Coj\u00edn de lactancia de Lana merina ecol\u00f3gica - La Cama Azul","isPartOf":{"@id":"https:\/\/lacamaazul.com\/es\/#website"},"datePublished":"2026-04-30T11:47:11+00:00","dateModified":"2026-05-06T18:41:28+00:00","description":"Coj\u00edn de lactancia de Lana merina ecol\u00f3gica. Comodidad real para uno de los momentos m\u00e1s importantes de una madre y su beb\u00e9. La Cama azul","breadcrumb":{"@id":"https:\/\/lacamaazul.com\/es\/tienda\/cojin-de-lactancia-de-lana-merina-algodon-ecologico\/#breadcrumb"},"inLanguage":"en-US","potentialAction":[{"@type":"ReadAction","target":["https:\/\/lacamaazul.com\/es\/tienda\/cojin-de-lactancia-de-lana-merina-algodon-ecologico\/"]}]},{"@type":"BreadcrumbList","@id":"https:\/\/lacamaazul.com\/es\/tienda\/cojin-de-lactancia-de-lana-merina-algodon-ecologico\/#breadcrumb","itemListElement":[{"@type":"ListItem","position":1,"name":"Portada","item":"https:\/\/lacamaazul.com\/es\/"},{"@type":"ListItem","position":2,"name":"Tienda","item":"https:\/\/lacamaazul.com\/es\/en\/tienda\/"},{"@type":"ListItem","position":3,"name":"Coj\u00edn de lactancia de Lana merina ecol\u00f3gica"}]},{"@type":"WebSite","@id":"https:\/\/lacamaazul.com\/es\/#website","url":"https:\/\/lacamaazul.com\/es\/","name":"La Cama Azul","description":"Tu Descanso con los mejores materiales","publisher":{"@id":"https:\/\/lacamaazul.com\/es\/#organization"},"potentialAction":[{"@type":"SearchAction","target":{"@type":"EntryPoint","urlTemplate":"https:\/\/lacamaazul.com\/es\/?s={search_term_string}"},"query-input":"required name=search_term_string"}],"inLanguage":"en-US"},{"@type":"Organization","@id":"https:\/\/lacamaazul.com\/es\/#organization","name":"La Cama Azul","url":"https:\/\/lacamaazul.com\/es\/","logo":{"@type":"ImageObject","inLanguage":"en-US","@id":"https:\/\/lacamaazul.com\/es\/#\/schema\/logo\/image\/","url":"https:\/\/lacamaazul.com\/es\/wp-content\/uploads\/2022\/07\/cropped-logo-nuevo2.png","contentUrl":"https:\/\/lacamaazul.com\/es\/wp-content\/uploads\/2022\/07\/cropped-logo-nuevo2.png","width":163,"height":80,"caption":"La Cama Azul"},"image":{"@id":"https:\/\/lacamaazul.com\/es\/#\/schema\/logo\/image\/"}}]}},"_links":{"self":[{"href":"https:\/\/lacamaazul.com\/es\/en\/wp-json\/wp\/v2\/product\/5926"}],"collection":[{"href":"https:\/\/lacamaazul.com\/es\/en\/wp-json\/wp\/v2\/product"}],"about":[{"href":"https:\/\/lacamaazul.com\/es\/en\/wp-json\/wp\/v2\/types\/product"}],"replies":[{"embeddable":true,"href":"https:\/\/lacamaazul.com\/es\/en\/wp-json\/wp\/v2\/comments?post=5926"}],"version-history":[{"count":26,"href":"https:\/\/lacamaazul.com\/es\/en\/wp-json\/wp\/v2\/product\/5926\/revisions"}],"predecessor-version":[{"id":5982,"href":"https:\/\/lacamaazul.com\/es\/en\/wp-json\/wp\/v2\/product\/5926\/revisions\/5982"}],"wp:featuredmedia":[{"embeddable":true,"href":"https:\/\/lacamaazul.com\/es\/en\/wp-json\/wp\/v2\/media\/5959"}],"wp:attachment":[{"href":"https:\/\/lacamaazul.com\/es\/en\/wp-json\/wp\/v2\/media?parent=5926"}],"wp:term":[{"taxonomy":"product_cat","embeddable":true,"href":"https:\/\/lacamaazul.com\/es\/en\/wp-json\/wp\/v2\/product_cat?post=5926"},{"taxonomy":"product_tag","embeddable":true,"href":"https:\/\/lacamaazul.com\/es\/en\/wp-json\/wp\/v2\/product_tag?post=5926"}],"curies":[{"name":"wp","href":"https:\/\/api.w.org\/{rel}","templated":true}]}}