{"id":6090,"date":"2026-05-13T10:59:24","date_gmt":"2026-05-13T10:59:24","guid":{"rendered":"https:\/\/lacamaazul.com\/es\/?post_type=product&#038;p=6090"},"modified":"2026-05-13T18:43:42","modified_gmt":"2026-05-13T18:43:42","slug":"cuna-para-bebe-de-madera-de-haya-ecologica","status":"publish","type":"product","link":"https:\/\/lacamaazul.com\/es\/en\/tienda\/cuna-para-bebe-de-madera-de-haya-ecologica\/","title":{"rendered":"Cuna para beb\u00e9 de madera de haya ecol\u00f3gica"},"content":{"rendered":"<div data-elementor-type=\"wp-post\" data-elementor-id=\"6090\" class=\"elementor elementor-6090\">\n\t\t\t\t\t\t<section class=\"elementor-section elementor-top-section elementor-element elementor-element-1a26bd4 elementor-section-boxed elementor-section-height-default elementor-section-height-default\" data-id=\"1a26bd4\" data-element_type=\"section\" data-settings=\"{&quot;ekit_has_onepagescroll_dot&quot;:&quot;yes&quot;}\">\n\t\t\t\t\t\t<div class=\"elementor-container elementor-column-gap-default\">\n\t\t\t\t\t<div class=\"elementor-column elementor-col-100 elementor-top-column elementor-element elementor-element-b237114\" data-id=\"b237114\" data-element_type=\"column\">\n\t\t\t<div class=\"elementor-widget-wrap elementor-element-populated\">\n\t\t\t\t\t\t<div class=\"elementor-element elementor-element-8ed6955 elementor-widget elementor-widget-text-editor\" data-id=\"8ed6955\" data-element_type=\"widget\" data-settings=\"{&quot;ekit_we_effect_on&quot;:&quot;none&quot;}\" data-widget_type=\"text-editor.default\">\n\t\t\t\t<div class=\"elementor-widget-container\">\n\t\t\t\t\t\t\t\t\t<p>100% handmade manufacturing<\/p>\t\t\t\t\t\t\t\t<\/div>\n\t\t\t\t<\/div>\n\t\t\t\t\t<\/div>\n\t\t<\/div>\n\t\t\t\t\t<\/div>\n\t\t<\/section>\n\t\t\t\t<section class=\"elementor-section elementor-top-section elementor-element elementor-element-336efd7 elementor-section-stretched elementor-section-boxed elementor-section-height-default elementor-section-height-default\" data-id=\"336efd7\" data-element_type=\"section\" data-settings=\"{&quot;stretch_section&quot;:&quot;section-stretched&quot;,&quot;background_background&quot;:&quot;classic&quot;,&quot;ekit_has_onepagescroll_dot&quot;:&quot;yes&quot;}\">\n\t\t\t\t\t\t<div class=\"elementor-container elementor-column-gap-default\">\n\t\t\t\t\t<div class=\"elementor-column elementor-col-33 elementor-top-column elementor-element elementor-element-9c76bbe\" data-id=\"9c76bbe\" data-element_type=\"column\">\n\t\t\t<div class=\"elementor-widget-wrap elementor-element-populated\">\n\t\t\t\t\t\t<div class=\"elementor-element elementor-element-0deffd8 elementor-view-default elementor-position-top elementor-mobile-position-top elementor-widget elementor-widget-icon-box\" data-id=\"0deffd8\" data-element_type=\"widget\" data-settings=\"{&quot;ekit_we_effect_on&quot;:&quot;none&quot;}\" data-widget_type=\"icon-box.default\">\n\t\t\t\t<div class=\"elementor-widget-container\">\n\t\t\t\t\t\t\t<div class=\"elementor-icon-box-wrapper\">\n\n\t\t\t\t\t\t<div class=\"elementor-icon-box-icon\">\n\t\t\t\t<span  class=\"elementor-icon\">\n\t\t\t\t<i aria-hidden=\"true\" class=\"icon icon-tools\"><\/i>\t\t\t\t<\/span>\n\t\t\t<\/div>\n\t\t\t\n\t\t\t\t\t\t<div class=\"elementor-icon-box-content\">\n\n\t\t\t\t\t\t\t\t\t<h4 class=\"elementor-icon-box-title\">\n\t\t\t\t\t\t<span  >\n\t\t\t\t\t\t\t100% Handmade Manufacturing\t\t\t\t\t\t<\/span>\n\t\t\t\t\t<\/h4>\n\t\t\t\t\n\t\t\t\t\t\t\t\t\t<p class=\"elementor-icon-box-description\">\n\t\t\t\t\t\tHecha con madera de haya laminada natural y protegido con barnices naturales lo que garantiza su durabilidad.\t\t\t\t\t<\/p>\n\t\t\t\t\n\t\t\t<\/div>\n\t\t\t\n\t\t<\/div>\n\t\t\t\t\t\t<\/div>\n\t\t\t\t<\/div>\n\t\t\t\t\t<\/div>\n\t\t<\/div>\n\t\t\t\t<div class=\"elementor-column elementor-col-33 elementor-top-column elementor-element elementor-element-84c9732\" data-id=\"84c9732\" data-element_type=\"column\">\n\t\t\t<div class=\"elementor-widget-wrap elementor-element-populated\">\n\t\t\t\t\t\t<div class=\"elementor-element elementor-element-d466cb6 elementor-view-default elementor-position-top elementor-mobile-position-top elementor-widget elementor-widget-icon-box\" data-id=\"d466cb6\" data-element_type=\"widget\" data-settings=\"{&quot;ekit_we_effect_on&quot;:&quot;none&quot;}\" data-widget_type=\"icon-box.default\">\n\t\t\t\t<div class=\"elementor-widget-container\">\n\t\t\t\t\t\t\t<div class=\"elementor-icon-box-wrapper\">\n\n\t\t\t\t\t\t<div class=\"elementor-icon-box-icon\">\n\t\t\t\t<span  class=\"elementor-icon\">\n\t\t\t\t<i aria-hidden=\"true\" class=\"icon icon-layers\"><\/i>\t\t\t\t<\/span>\n\t\t\t<\/div>\n\t\t\t\n\t\t\t\t\t\t<div class=\"elementor-icon-box-content\">\n\n\t\t\t\t\t\t\t\t\t<h4 class=\"elementor-icon-box-title\">\n\t\t\t\t\t\t<span  >\n\t\t\t\t\t\t\tTratamiento de la madera\t\t\t\t\t\t<\/span>\n\t\t\t\t\t<\/h4>\n\t\t\t\t\n\t\t\t\t\t\t\t\t\t<p class=\"elementor-icon-box-description\">\n\t\t\t\t\t\tMadera barnizada con aceites naturales (vegetales) para no obstruir el poro de la madera y mantenga sus propiedades naturales.\n\t\t\t\t\t<\/p>\n\t\t\t\t\n\t\t\t<\/div>\n\t\t\t\n\t\t<\/div>\n\t\t\t\t\t\t<\/div>\n\t\t\t\t<\/div>\n\t\t\t\t\t<\/div>\n\t\t<\/div>\n\t\t\t\t<div class=\"elementor-column elementor-col-33 elementor-top-column elementor-element elementor-element-122058b\" data-id=\"122058b\" data-element_type=\"column\">\n\t\t\t<div class=\"elementor-widget-wrap elementor-element-populated\">\n\t\t\t\t\t\t<div class=\"elementor-element elementor-element-419a947 elementor-view-default elementor-position-top elementor-mobile-position-top elementor-widget elementor-widget-icon-box\" data-id=\"419a947\" data-element_type=\"widget\" data-settings=\"{&quot;ekit_we_effect_on&quot;:&quot;none&quot;}\" data-widget_type=\"icon-box.default\">\n\t\t\t\t<div class=\"elementor-widget-container\">\n\t\t\t\t\t\t\t<div class=\"elementor-icon-box-wrapper\">\n\n\t\t\t\t\t\t<div class=\"elementor-icon-box-icon\">\n\t\t\t\t<span  class=\"elementor-icon\">\n\t\t\t\t<i aria-hidden=\"true\" class=\"icon icon-move\"><\/i>\t\t\t\t<\/span>\n\t\t\t<\/div>\n\t\t\t\n\t\t\t\t\t\t<div class=\"elementor-icon-box-content\">\n\n\t\t\t\t\t\t\t\t\t<h4 class=\"elementor-icon-box-title\">\n\t\t\t\t\t\t<span  >\n\t\t\t\t\t\t\tMaintenance tips\t\t\t\t\t\t<\/span>\n\t\t\t\t\t<\/h4>\n\t\t\t\t\n\t\t\t\t\t\t\t\t\t<p class=\"elementor-icon-box-description\">\n\t\t\t\t\t\tPasar un pa\u00f1o suave ligeramente h\u00famedo para retirar polvo y restos.\nSecar despu\u00e9s con un pa\u00f1o seco para evitar que la humedad permanezca sobre la madera.\n\t\t\t\t\t<\/p>\n\t\t\t\t\n\t\t\t<\/div>\n\t\t\t\n\t\t<\/div>\n\t\t\t\t\t\t<\/div>\n\t\t\t\t<\/div>\n\t\t\t\t\t<\/div>\n\t\t<\/div>\n\t\t\t\t\t<\/div>\n\t\t<\/section>\n\t\t\t\t<\/div>","protected":false},"excerpt":{"rendered":"<p>Comodidad real para uno de los momentos m\u00e1s importantes.<\/p>\n<ul>\n<li><strong>Cuna de<\/strong> <strong>de madera de haya laminada 100% natural y ecol\u00f3gico<\/strong>\u00a0<b>LA CAMA AZUL <\/b>\u00a0fabricada con productos 100% naturales:\n<ul>\n<li>\u00a0Madera barnizada con aceites naturales (vegetales) para no obstruir el poro de la madera, ya que la madera de haya <strong>es una gran ionizadora.<\/strong>\u00a0Emite iones negativos lo que ayuda a neutralizar los positivos que acumulamos en nuestro cuerpo, haciendo ese efecto tormenta tan relajante.<\/li>\n<\/ul>\n<\/li>\n<\/ul>\n<p><a href=\"https:\/\/lacamaazul.com\/es\/en\/tienda\/cuna-bebe-madera-haya-ecologica\/\">Sistema de descanso baby LaCamaazul<\/a><\/p>\n<hr \/>\n<ul>\n<li>Delivery in 30 days.<\/li>\n<li>Garant\u00eda de \u00a03 a\u00f1os.<\/li>\n<li><a href=\"http:\/\/lacamaazul.com\/es\/en\/contacto\/\">Contact us<\/a> with any questions you have<\/li>\n<\/ul>","protected":false},"featured_media":6134,"comment_status":"open","ping_status":"closed","template":"","meta":{"_joinchat":[]},"product_cat":[232,26],"product_tag":[244,247,254,246,253],"yoast_head":"<!-- This site is optimized with the Yoast SEO plugin v21.4 - https:\/\/yoast.com\/wordpress\/plugins\/seo\/ -->\n<title>Cuna para beb\u00e9 de madera de haya ecol\u00f3gica - La Cama Azul<\/title>\n<meta name=\"description\" content=\"Cuna para beb\u00e9 de madera de haya laminada ecol\u00f3gica. Alta calidad y respetuoso con el medio ambiente. Cama ecol\u00f3gica - La Cama azul.\" \/>\n<meta name=\"robots\" content=\"index, follow, max-snippet:-1, max-image-preview:large, max-video-preview:-1\" \/>\n<link rel=\"canonical\" href=\"https:\/\/lacamaazul.com\/es\/en\/tienda\/cuna-para-bebe-de-madera-de-haya-ecologica\/\" \/>\n<meta property=\"og:locale\" content=\"en_US\" \/>\n<meta property=\"og:type\" content=\"article\" \/>\n<meta property=\"og:title\" content=\"Cuna para beb\u00e9 de madera de haya ecol\u00f3gica - La Cama Azul\" \/>\n<meta property=\"og:description\" content=\"Cuna para beb\u00e9 de madera de haya laminada ecol\u00f3gica. Alta calidad y respetuoso con el medio ambiente. Cama ecol\u00f3gica - La Cama azul.\" \/>\n<meta property=\"og:url\" content=\"https:\/\/lacamaazul.com\/es\/en\/tienda\/cuna-para-bebe-de-madera-de-haya-ecologica\/\" \/>\n<meta property=\"og:site_name\" content=\"La Cama Azul\" \/>\n<meta property=\"article:modified_time\" content=\"2026-05-13T18:43:42+00:00\" \/>\n<meta property=\"og:image\" content=\"https:\/\/lacamaazul.com\/es\/wp-content\/uploads\/2026\/05\/Cuna-bebe-madera-de-haya-ecologica-1-1-1024x768.png\" \/>\n\t<meta property=\"og:image:width\" content=\"1024\" \/>\n\t<meta property=\"og:image:height\" content=\"768\" \/>\n\t<meta property=\"og:image:type\" content=\"image\/png\" \/>\n<meta name=\"twitter:card\" content=\"summary_large_image\" \/>\n<meta name=\"twitter:label1\" content=\"Est. reading time\" \/>\n\t<meta name=\"twitter:data1\" content=\"1 minute\" \/>\n<script type=\"application\/ld+json\" class=\"yoast-schema-graph\">{\"@context\":\"https:\/\/schema.org\",\"@graph\":[{\"@type\":\"WebPage\",\"@id\":\"https:\/\/lacamaazul.com\/es\/tienda\/cuna-para-bebe-de-madera-de-haya-ecologica\/\",\"url\":\"https:\/\/lacamaazul.com\/es\/tienda\/cuna-para-bebe-de-madera-de-haya-ecologica\/\",\"name\":\"Cuna para beb\u00e9 de madera de haya ecol\u00f3gica - La Cama Azul\",\"isPartOf\":{\"@id\":\"https:\/\/lacamaazul.com\/es\/#website\"},\"datePublished\":\"2026-05-13T10:59:24+00:00\",\"dateModified\":\"2026-05-13T18:43:42+00:00\",\"description\":\"Cuna para beb\u00e9 de madera de haya laminada ecol\u00f3gica. Alta calidad y respetuoso con el medio ambiente. Cama ecol\u00f3gica - La Cama azul.\",\"breadcrumb\":{\"@id\":\"https:\/\/lacamaazul.com\/es\/tienda\/cuna-para-bebe-de-madera-de-haya-ecologica\/#breadcrumb\"},\"inLanguage\":\"en-US\",\"potentialAction\":[{\"@type\":\"ReadAction\",\"target\":[\"https:\/\/lacamaazul.com\/es\/tienda\/cuna-para-bebe-de-madera-de-haya-ecologica\/\"]}]},{\"@type\":\"BreadcrumbList\",\"@id\":\"https:\/\/lacamaazul.com\/es\/tienda\/cuna-para-bebe-de-madera-de-haya-ecologica\/#breadcrumb\",\"itemListElement\":[{\"@type\":\"ListItem\",\"position\":1,\"name\":\"Portada\",\"item\":\"https:\/\/lacamaazul.com\/es\/\"},{\"@type\":\"ListItem\",\"position\":2,\"name\":\"Tienda\",\"item\":\"https:\/\/lacamaazul.com\/es\/en\/tienda\/\"},{\"@type\":\"ListItem\",\"position\":3,\"name\":\"Cuna para beb\u00e9 de madera de haya ecol\u00f3gica\"}]},{\"@type\":\"WebSite\",\"@id\":\"https:\/\/lacamaazul.com\/es\/#website\",\"url\":\"https:\/\/lacamaazul.com\/es\/\",\"name\":\"La Cama Azul\",\"description\":\"Tu Descanso con los mejores materiales\",\"publisher\":{\"@id\":\"https:\/\/lacamaazul.com\/es\/#organization\"},\"potentialAction\":[{\"@type\":\"SearchAction\",\"target\":{\"@type\":\"EntryPoint\",\"urlTemplate\":\"https:\/\/lacamaazul.com\/es\/?s={search_term_string}\"},\"query-input\":\"required name=search_term_string\"}],\"inLanguage\":\"en-US\"},{\"@type\":\"Organization\",\"@id\":\"https:\/\/lacamaazul.com\/es\/#organization\",\"name\":\"La Cama Azul\",\"url\":\"https:\/\/lacamaazul.com\/es\/\",\"logo\":{\"@type\":\"ImageObject\",\"inLanguage\":\"en-US\",\"@id\":\"https:\/\/lacamaazul.com\/es\/#\/schema\/logo\/image\/\",\"url\":\"https:\/\/lacamaazul.com\/es\/wp-content\/uploads\/2022\/07\/cropped-logo-nuevo2.png\",\"contentUrl\":\"https:\/\/lacamaazul.com\/es\/wp-content\/uploads\/2022\/07\/cropped-logo-nuevo2.png\",\"width\":163,\"height\":80,\"caption\":\"La Cama Azul\"},\"image\":{\"@id\":\"https:\/\/lacamaazul.com\/es\/#\/schema\/logo\/image\/\"}}]}<\/script>\n<!-- \/ Yoast SEO plugin. -->","yoast_head_json":{"title":"Cuna para beb\u00e9 de madera de haya ecol\u00f3gica - La Cama Azul","description":"Cuna para beb\u00e9 de madera de haya laminada ecol\u00f3gica. Alta calidad y respetuoso con el medio ambiente. Cama ecol\u00f3gica - La Cama azul.","robots":{"index":"index","follow":"follow","max-snippet":"max-snippet:-1","max-image-preview":"max-image-preview:large","max-video-preview":"max-video-preview:-1"},"canonical":"https:\/\/lacamaazul.com\/es\/en\/tienda\/cuna-para-bebe-de-madera-de-haya-ecologica\/","og_locale":"en_US","og_type":"article","og_title":"Cuna para beb\u00e9 de madera de haya ecol\u00f3gica - La Cama Azul","og_description":"Cuna para beb\u00e9 de madera de haya laminada ecol\u00f3gica. Alta calidad y respetuoso con el medio ambiente. Cama ecol\u00f3gica - La Cama azul.","og_url":"https:\/\/lacamaazul.com\/es\/en\/tienda\/cuna-para-bebe-de-madera-de-haya-ecologica\/","og_site_name":"La Cama Azul","article_modified_time":"2026-05-13T18:43:42+00:00","og_image":[{"width":1024,"height":768,"url":"https:\/\/lacamaazul.com\/es\/wp-content\/uploads\/2026\/05\/Cuna-bebe-madera-de-haya-ecologica-1-1-1024x768.png","type":"image\/png"}],"twitter_card":"summary_large_image","twitter_misc":{"Est. reading time":"1 minute"},"schema":{"@context":"https:\/\/schema.org","@graph":[{"@type":"WebPage","@id":"https:\/\/lacamaazul.com\/es\/tienda\/cuna-para-bebe-de-madera-de-haya-ecologica\/","url":"https:\/\/lacamaazul.com\/es\/tienda\/cuna-para-bebe-de-madera-de-haya-ecologica\/","name":"Cuna para beb\u00e9 de madera de haya ecol\u00f3gica - La Cama Azul","isPartOf":{"@id":"https:\/\/lacamaazul.com\/es\/#website"},"datePublished":"2026-05-13T10:59:24+00:00","dateModified":"2026-05-13T18:43:42+00:00","description":"Cuna para beb\u00e9 de madera de haya laminada ecol\u00f3gica. Alta calidad y respetuoso con el medio ambiente. Cama ecol\u00f3gica - La Cama azul.","breadcrumb":{"@id":"https:\/\/lacamaazul.com\/es\/tienda\/cuna-para-bebe-de-madera-de-haya-ecologica\/#breadcrumb"},"inLanguage":"en-US","potentialAction":[{"@type":"ReadAction","target":["https:\/\/lacamaazul.com\/es\/tienda\/cuna-para-bebe-de-madera-de-haya-ecologica\/"]}]},{"@type":"BreadcrumbList","@id":"https:\/\/lacamaazul.com\/es\/tienda\/cuna-para-bebe-de-madera-de-haya-ecologica\/#breadcrumb","itemListElement":[{"@type":"ListItem","position":1,"name":"Portada","item":"https:\/\/lacamaazul.com\/es\/"},{"@type":"ListItem","position":2,"name":"Tienda","item":"https:\/\/lacamaazul.com\/es\/en\/tienda\/"},{"@type":"ListItem","position":3,"name":"Cuna para beb\u00e9 de madera de haya ecol\u00f3gica"}]},{"@type":"WebSite","@id":"https:\/\/lacamaazul.com\/es\/#website","url":"https:\/\/lacamaazul.com\/es\/","name":"La Cama Azul","description":"Tu Descanso con los mejores materiales","publisher":{"@id":"https:\/\/lacamaazul.com\/es\/#organization"},"potentialAction":[{"@type":"SearchAction","target":{"@type":"EntryPoint","urlTemplate":"https:\/\/lacamaazul.com\/es\/?s={search_term_string}"},"query-input":"required name=search_term_string"}],"inLanguage":"en-US"},{"@type":"Organization","@id":"https:\/\/lacamaazul.com\/es\/#organization","name":"La Cama Azul","url":"https:\/\/lacamaazul.com\/es\/","logo":{"@type":"ImageObject","inLanguage":"en-US","@id":"https:\/\/lacamaazul.com\/es\/#\/schema\/logo\/image\/","url":"https:\/\/lacamaazul.com\/es\/wp-content\/uploads\/2022\/07\/cropped-logo-nuevo2.png","contentUrl":"https:\/\/lacamaazul.com\/es\/wp-content\/uploads\/2022\/07\/cropped-logo-nuevo2.png","width":163,"height":80,"caption":"La Cama Azul"},"image":{"@id":"https:\/\/lacamaazul.com\/es\/#\/schema\/logo\/image\/"}}]}},"_links":{"self":[{"href":"https:\/\/lacamaazul.com\/es\/en\/wp-json\/wp\/v2\/product\/6090"}],"collection":[{"href":"https:\/\/lacamaazul.com\/es\/en\/wp-json\/wp\/v2\/product"}],"about":[{"href":"https:\/\/lacamaazul.com\/es\/en\/wp-json\/wp\/v2\/types\/product"}],"replies":[{"embeddable":true,"href":"https:\/\/lacamaazul.com\/es\/en\/wp-json\/wp\/v2\/comments?post=6090"}],"version-history":[{"count":10,"href":"https:\/\/lacamaazul.com\/es\/en\/wp-json\/wp\/v2\/product\/6090\/revisions"}],"predecessor-version":[{"id":6135,"href":"https:\/\/lacamaazul.com\/es\/en\/wp-json\/wp\/v2\/product\/6090\/revisions\/6135"}],"wp:featuredmedia":[{"embeddable":true,"href":"https:\/\/lacamaazul.com\/es\/en\/wp-json\/wp\/v2\/media\/6134"}],"wp:attachment":[{"href":"https:\/\/lacamaazul.com\/es\/en\/wp-json\/wp\/v2\/media?parent=6090"}],"wp:term":[{"taxonomy":"product_cat","embeddable":true,"href":"https:\/\/lacamaazul.com\/es\/en\/wp-json\/wp\/v2\/product_cat?post=6090"},{"taxonomy":"product_tag","embeddable":true,"href":"https:\/\/lacamaazul.com\/es\/en\/wp-json\/wp\/v2\/product_tag?post=6090"}],"curies":[{"name":"wp","href":"https:\/\/api.w.org\/{rel}","templated":true}]}}