{"id":366,"date":"2022-06-27T15:51:25","date_gmt":"2022-06-27T15:51:25","guid":{"rendered":"http:\/\/lacamaazul.com\/?post_type=product&#038;p=366"},"modified":"2026-02-02T23:25:26","modified_gmt":"2026-02-02T23:25:26","slug":"kit-bebes","status":"publish","type":"product","link":"https:\/\/lacamaazul.com\/es\/tienda\/kit-bebes\/","title":{"rendered":"Kit beb\u00e9s &#8211; PRECIO ESPECIAL"},"content":{"rendered":"\t\t<div data-elementor-type=\"wp-post\" data-elementor-id=\"366\" class=\"elementor elementor-366\">\n\t\t\t\t\t\t<section class=\"elementor-section elementor-top-section elementor-element elementor-element-1a26bd4 elementor-section-boxed elementor-section-height-default elementor-section-height-default\" data-id=\"1a26bd4\" data-element_type=\"section\" data-settings=\"{&quot;ekit_has_onepagescroll_dot&quot;:&quot;yes&quot;}\">\n\t\t\t\t\t\t<div class=\"elementor-container elementor-column-gap-default\">\n\t\t\t\t\t<div class=\"elementor-column elementor-col-100 elementor-top-column elementor-element elementor-element-b237114\" data-id=\"b237114\" data-element_type=\"column\">\n\t\t\t<div class=\"elementor-widget-wrap elementor-element-populated\">\n\t\t\t\t\t\t<div class=\"elementor-element elementor-element-9c3b7fe elementor-widget elementor-widget-heading\" data-id=\"9c3b7fe\" data-element_type=\"widget\" data-settings=\"{&quot;ekit_we_effect_on&quot;:&quot;none&quot;}\" data-widget_type=\"heading.default\">\n\t\t\t\t<div class=\"elementor-widget-container\">\n\t\t\t\t\t<h2 class=\"elementor-heading-title elementor-size-default\">Kit Para beb\u00e9s<\/h2>\t\t\t\t<\/div>\n\t\t\t\t<\/div>\n\t\t\t\t<div class=\"elementor-element elementor-element-8ed6955 elementor-widget elementor-widget-text-editor\" data-id=\"8ed6955\" data-element_type=\"widget\" data-settings=\"{&quot;ekit_we_effect_on&quot;:&quot;none&quot;}\" data-widget_type=\"text-editor.default\">\n\t\t\t\t<div class=\"elementor-widget-container\">\n\t\t\t\t\t\t\t\t\t<p>El mejor descanso con propiedades terap\u00e9uticas<\/p>\t\t\t\t\t\t\t\t<\/div>\n\t\t\t\t<\/div>\n\t\t\t\t\t<\/div>\n\t\t<\/div>\n\t\t\t\t\t<\/div>\n\t\t<\/section>\n\t\t\t\t<section class=\"elementor-section elementor-top-section elementor-element elementor-element-336efd7 elementor-section-stretched elementor-section-boxed elementor-section-height-default elementor-section-height-default\" data-id=\"336efd7\" data-element_type=\"section\" data-settings=\"{&quot;stretch_section&quot;:&quot;section-stretched&quot;,&quot;background_background&quot;:&quot;classic&quot;,&quot;ekit_has_onepagescroll_dot&quot;:&quot;yes&quot;}\">\n\t\t\t\t\t\t<div class=\"elementor-container elementor-column-gap-default\">\n\t\t\t\t\t<div class=\"elementor-column elementor-col-25 elementor-top-column elementor-element elementor-element-9c76bbe\" data-id=\"9c76bbe\" data-element_type=\"column\">\n\t\t\t<div class=\"elementor-widget-wrap elementor-element-populated\">\n\t\t\t\t\t\t<div class=\"elementor-element elementor-element-0deffd8 elementor-view-default elementor-position-top elementor-mobile-position-top elementor-widget elementor-widget-icon-box\" data-id=\"0deffd8\" data-element_type=\"widget\" data-settings=\"{&quot;ekit_we_effect_on&quot;:&quot;none&quot;}\" data-widget_type=\"icon-box.default\">\n\t\t\t\t<div class=\"elementor-widget-container\">\n\t\t\t\t\t\t\t<div class=\"elementor-icon-box-wrapper\">\n\n\t\t\t\t\t\t<div class=\"elementor-icon-box-icon\">\n\t\t\t\t<span  class=\"elementor-icon\">\n\t\t\t\t<i aria-hidden=\"true\" class=\"icon icon-Leaf\"><\/i>\t\t\t\t<\/span>\n\t\t\t<\/div>\n\t\t\t\n\t\t\t\t\t\t<div class=\"elementor-icon-box-content\">\n\n\t\t\t\t\t\t\t\t\t<h4 class=\"elementor-icon-box-title\">\n\t\t\t\t\t\t<span  >\n\t\t\t\t\t\t\tMateriales 100% naturales\t\t\t\t\t\t<\/span>\n\t\t\t\t\t<\/h4>\n\t\t\t\t\n\t\t\t\t\t\t\t\t\t<p class=\"elementor-icon-box-description\">\n\t\t\t\t\t\tFabricado con Lana merina ecol\u00f3gica y funda de algod\u00f3n org\u00e1nico. Materiales premium, org\u00e1nicos y transpirables.\n\n\t\t\t\t\t<\/p>\n\t\t\t\t\n\t\t\t<\/div>\n\t\t\t\n\t\t<\/div>\n\t\t\t\t\t\t<\/div>\n\t\t\t\t<\/div>\n\t\t\t\t\t<\/div>\n\t\t<\/div>\n\t\t\t\t<div class=\"elementor-column elementor-col-25 elementor-top-column elementor-element elementor-element-84c9732\" data-id=\"84c9732\" data-element_type=\"column\">\n\t\t\t<div class=\"elementor-widget-wrap elementor-element-populated\">\n\t\t\t\t\t\t<div class=\"elementor-element elementor-element-28b98a5 elementor-view-default elementor-position-top elementor-mobile-position-top elementor-widget elementor-widget-icon-box\" data-id=\"28b98a5\" data-element_type=\"widget\" data-settings=\"{&quot;ekit_we_effect_on&quot;:&quot;none&quot;}\" data-widget_type=\"icon-box.default\">\n\t\t\t\t<div class=\"elementor-widget-container\">\n\t\t\t\t\t\t\t<div class=\"elementor-icon-box-wrapper\">\n\n\t\t\t\t\t\t<div class=\"elementor-icon-box-icon\">\n\t\t\t\t<span  class=\"elementor-icon\">\n\t\t\t\t<i aria-hidden=\"true\" class=\"fas fa-temperature-low\"><\/i>\t\t\t\t<\/span>\n\t\t\t<\/div>\n\t\t\t\n\t\t\t\t\t\t<div class=\"elementor-icon-box-content\">\n\n\t\t\t\t\t\t\t\t\t<h4 class=\"elementor-icon-box-title\">\n\t\t\t\t\t\t<span  >\n\t\t\t\t\t\t\tTermo clim\u00e1tica\t\t\t\t\t\t<\/span>\n\t\t\t\t\t<\/h4>\n\t\t\t\t\n\t\t\t\t\t\t\t\t\t<p class=\"elementor-icon-box-description\">\n\t\t\t\t\t\tSus propiedades naturales la convierten en el mejor material termorregulador conocido. Adem\u00e1s es\u00a0hipoalerg\u00e9nica y no genera electricidad est\u00e1tica.\n\n\t\t\t\t\t<\/p>\n\t\t\t\t\n\t\t\t<\/div>\n\t\t\t\n\t\t<\/div>\n\t\t\t\t\t\t<\/div>\n\t\t\t\t<\/div>\n\t\t\t\t\t<\/div>\n\t\t<\/div>\n\t\t\t\t<div class=\"elementor-column elementor-col-25 elementor-top-column elementor-element elementor-element-36f37ff\" data-id=\"36f37ff\" data-element_type=\"column\">\n\t\t\t<div class=\"elementor-widget-wrap elementor-element-populated\">\n\t\t\t\t\t\t<div class=\"elementor-element elementor-element-d466cb6 elementor-view-default elementor-position-top elementor-mobile-position-top elementor-widget elementor-widget-icon-box\" data-id=\"d466cb6\" data-element_type=\"widget\" data-settings=\"{&quot;ekit_we_effect_on&quot;:&quot;none&quot;}\" data-widget_type=\"icon-box.default\">\n\t\t\t\t<div class=\"elementor-widget-container\">\n\t\t\t\t\t\t\t<div class=\"elementor-icon-box-wrapper\">\n\n\t\t\t\t\t\t<div class=\"elementor-icon-box-icon\">\n\t\t\t\t<span  class=\"elementor-icon\">\n\t\t\t\t<i aria-hidden=\"true\" class=\"icon icon-cloud1\"><\/i>\t\t\t\t<\/span>\n\t\t\t<\/div>\n\t\t\t\n\t\t\t\t\t\t<div class=\"elementor-icon-box-content\">\n\n\t\t\t\t\t\t\t\t\t<h4 class=\"elementor-icon-box-title\">\n\t\t\t\t\t\t<span  >\n\t\t\t\t\t\t\tMantenimiento Lana merina ecol\u00f3gica\t\t\t\t\t\t<\/span>\n\t\t\t\t\t<\/h4>\n\t\t\t\t\n\t\t\t\t\t\t\t\t\t<p class=\"elementor-icon-box-description\">\n\t\t\t\t\t\tLa Lana se saca y se deja airear bien. Se aconseja abrir la lana con las manos para que coja su forma. No es necesario lavarla, la\u00a0lana\u00a0no coge olores ni \u00e1caros.\n\t\t\t\t\t<\/p>\n\t\t\t\t\n\t\t\t<\/div>\n\t\t\t\n\t\t<\/div>\n\t\t\t\t\t\t<\/div>\n\t\t\t\t<\/div>\n\t\t\t\t\t<\/div>\n\t\t<\/div>\n\t\t\t\t<div class=\"elementor-column elementor-col-25 elementor-top-column elementor-element elementor-element-513bce5\" data-id=\"513bce5\" data-element_type=\"column\">\n\t\t\t<div class=\"elementor-widget-wrap elementor-element-populated\">\n\t\t\t\t\t\t<div class=\"elementor-element elementor-element-577ec41 elementor-view-default elementor-position-top elementor-mobile-position-top elementor-widget elementor-widget-icon-box\" data-id=\"577ec41\" data-element_type=\"widget\" data-settings=\"{&quot;ekit_we_effect_on&quot;:&quot;none&quot;}\" data-widget_type=\"icon-box.default\">\n\t\t\t\t<div class=\"elementor-widget-container\">\n\t\t\t\t\t\t\t<div class=\"elementor-icon-box-wrapper\">\n\n\t\t\t\t\t\t<div class=\"elementor-icon-box-icon\">\n\t\t\t\t<span  class=\"elementor-icon\">\n\t\t\t\t<i aria-hidden=\"true\" class=\"fas fa-water\"><\/i>\t\t\t\t<\/span>\n\t\t\t<\/div>\n\t\t\t\n\t\t\t\t\t\t<div class=\"elementor-icon-box-content\">\n\n\t\t\t\t\t\t\t\t\t<h4 class=\"elementor-icon-box-title\">\n\t\t\t\t\t\t<span  >\n\t\t\t\t\t\t\tLavado recomendado\t\t\t\t\t\t<\/span>\n\t\t\t\t\t<\/h4>\n\t\t\t\t\n\t\t\t\t\t\t\t\t\t<p class=\"elementor-icon-box-description\">\n\t\t\t\t\t\tLavado en programa de agua fr\u00eda y jab\u00f3n natural para el optimo mantenimiento.\n\t\t\t\t\t<\/p>\n\t\t\t\t\n\t\t\t<\/div>\n\t\t\t\n\t\t<\/div>\n\t\t\t\t\t\t<\/div>\n\t\t\t\t<\/div>\n\t\t\t\t\t<\/div>\n\t\t<\/div>\n\t\t\t\t\t<\/div>\n\t\t<\/section>\n\t\t\t\t<\/div>\n\t\t","protected":false},"excerpt":{"rendered":"<p>El cubre colch\u00f3n y la manta son dos elementos fundamentales en el sistema de descanso LA CAMA AZUL:<\/p>\n<ul>\n<li>Cubre colch\u00f3n + manta (medidas 60x120cm)<\/li>\n<li>Fabricados con productos naturales 100%<\/li>\n<li>El cubre colch\u00f3n incorpora malla de hilo de cobre y toma de tierra para protecci\u00f3n y descarga de <a href=\"http:\/\/lacamaazul.com\/geopatias-y-campos-electromagneticos\/\"><b>campos electromagn\u00e9ticos<\/b><\/a>.<\/li>\n<li>La manta confeccionada con aut\u00e9ntica lana de oveja merina. La lana funciona como perfecto aislante contra las genopat\u00edas y es el mejor recubrimiento t\u00e9rmico. La lana absorbe la humedad creada por la transpiraci\u00f3n provocando un aumento de la temperatura corporal y evitando el enfriamiento de la piel.<\/li>\n<\/ul>\n<hr \/>\n<ul>\n<li>Entrega en 10 d\u00edas.<\/li>\n<li>Garant\u00eda 3 a\u00f1os.<\/li>\n<li><a href=\"http:\/\/lacamaazul.com\/contacto\/\">Cont\u00e1ctanos<\/a> con cualquier duda que tengas<\/li>\n<\/ul>\n","protected":false},"featured_media":85,"comment_status":"open","ping_status":"closed","template":"","meta":{"_joinchat":[]},"product_cat":[26,31],"product_tag":[],"yoast_head":"<!-- This site is optimized with the Yoast SEO plugin v21.4 - https:\/\/yoast.com\/wordpress\/plugins\/seo\/ -->\n<title>Kit beb\u00e9s - PRECIO ESPECIAL - La Cama Azul<\/title>\n<meta name=\"robots\" content=\"index, follow, max-snippet:-1, max-image-preview:large, max-video-preview:-1\" \/>\n<link rel=\"canonical\" href=\"https:\/\/lacamaazul.com\/es\/tienda\/kit-bebes\/\" \/>\n<meta property=\"og:locale\" content=\"es_ES\" \/>\n<meta property=\"og:type\" content=\"article\" \/>\n<meta property=\"og:title\" content=\"Kit beb\u00e9s - PRECIO ESPECIAL - La Cama Azul\" \/>\n<meta property=\"og:description\" content=\"El cubre colch\u00f3n y la manta son dos elementos fundamentales en el sistema de descanso LA CAMA AZUL:   Cubre colch\u00f3n + manta (medidas 60x120cm)  Fabricados con productos naturales 100%  El cubre colch\u00f3n incorpora malla de hilo de cobre y toma de tierra para protecci\u00f3n y descarga de campos electromagn\u00e9ticos.  La manta confeccionada con aut\u00e9ntica lana de oveja merina. La lana funciona como perfecto aislante contra las genopat\u00edas y es el mejor recubrimiento t\u00e9rmico. La lana absorbe la humedad creada por la transpiraci\u00f3n provocando un aumento de la temperatura corporal y evitando el enfriamiento de la piel.       Entrega en 10 d\u00edas.  Garant\u00eda 3 a\u00f1os.  Cont\u00e1ctanos con cualquier duda que tengas\" \/>\n<meta property=\"og:url\" content=\"https:\/\/lacamaazul.com\/es\/tienda\/kit-bebes\/\" \/>\n<meta property=\"og:site_name\" content=\"La Cama Azul\" \/>\n<meta property=\"article:modified_time\" content=\"2026-02-02T23:25:26+00:00\" \/>\n<meta property=\"og:image\" content=\"https:\/\/lacamaazul.com\/es\/wp-content\/uploads\/2022\/06\/kit-para-bebes.jpg\" \/>\n\t<meta property=\"og:image:width\" content=\"890\" \/>\n\t<meta property=\"og:image:height\" content=\"1091\" \/>\n\t<meta property=\"og:image:type\" content=\"image\/jpeg\" \/>\n<meta name=\"twitter:card\" content=\"summary_large_image\" \/>\n<meta name=\"twitter:label1\" content=\"Tiempo de lectura\" \/>\n\t<meta name=\"twitter:data1\" content=\"1 minuto\" \/>\n<script type=\"application\/ld+json\" class=\"yoast-schema-graph\">{\"@context\":\"https:\/\/schema.org\",\"@graph\":[{\"@type\":\"WebPage\",\"@id\":\"https:\/\/lacamaazul.com\/es\/tienda\/kit-bebes\/\",\"url\":\"https:\/\/lacamaazul.com\/es\/tienda\/kit-bebes\/\",\"name\":\"Kit beb\u00e9s - PRECIO ESPECIAL - La Cama Azul\",\"isPartOf\":{\"@id\":\"https:\/\/lacamaazul.com\/es\/#website\"},\"datePublished\":\"2022-06-27T15:51:25+00:00\",\"dateModified\":\"2026-02-02T23:25:26+00:00\",\"breadcrumb\":{\"@id\":\"https:\/\/lacamaazul.com\/es\/tienda\/kit-bebes\/#breadcrumb\"},\"inLanguage\":\"es\",\"potentialAction\":[{\"@type\":\"ReadAction\",\"target\":[\"https:\/\/lacamaazul.com\/es\/tienda\/kit-bebes\/\"]}]},{\"@type\":\"BreadcrumbList\",\"@id\":\"https:\/\/lacamaazul.com\/es\/tienda\/kit-bebes\/#breadcrumb\",\"itemListElement\":[{\"@type\":\"ListItem\",\"position\":1,\"name\":\"Portada\",\"item\":\"https:\/\/lacamaazul.com\/es\/\"},{\"@type\":\"ListItem\",\"position\":2,\"name\":\"Tienda\",\"item\":\"https:\/\/lacamaazul.com\/es\/en\/tienda\/\"},{\"@type\":\"ListItem\",\"position\":3,\"name\":\"Kit beb\u00e9s &#8211; PRECIO ESPECIAL\"}]},{\"@type\":\"WebSite\",\"@id\":\"https:\/\/lacamaazul.com\/es\/#website\",\"url\":\"https:\/\/lacamaazul.com\/es\/\",\"name\":\"La Cama Azul\",\"description\":\"Tu Descanso con los mejores materiales\",\"publisher\":{\"@id\":\"https:\/\/lacamaazul.com\/es\/#organization\"},\"potentialAction\":[{\"@type\":\"SearchAction\",\"target\":{\"@type\":\"EntryPoint\",\"urlTemplate\":\"https:\/\/lacamaazul.com\/es\/?s={search_term_string}\"},\"query-input\":\"required name=search_term_string\"}],\"inLanguage\":\"es\"},{\"@type\":\"Organization\",\"@id\":\"https:\/\/lacamaazul.com\/es\/#organization\",\"name\":\"La Cama Azul\",\"url\":\"https:\/\/lacamaazul.com\/es\/\",\"logo\":{\"@type\":\"ImageObject\",\"inLanguage\":\"es\",\"@id\":\"https:\/\/lacamaazul.com\/es\/#\/schema\/logo\/image\/\",\"url\":\"https:\/\/lacamaazul.com\/es\/wp-content\/uploads\/2022\/07\/cropped-logo-nuevo2.png\",\"contentUrl\":\"https:\/\/lacamaazul.com\/es\/wp-content\/uploads\/2022\/07\/cropped-logo-nuevo2.png\",\"width\":163,\"height\":80,\"caption\":\"La Cama Azul\"},\"image\":{\"@id\":\"https:\/\/lacamaazul.com\/es\/#\/schema\/logo\/image\/\"}}]}<\/script>\n<!-- \/ Yoast SEO plugin. -->","yoast_head_json":{"title":"Kit beb\u00e9s - PRECIO ESPECIAL - La Cama Azul","robots":{"index":"index","follow":"follow","max-snippet":"max-snippet:-1","max-image-preview":"max-image-preview:large","max-video-preview":"max-video-preview:-1"},"canonical":"https:\/\/lacamaazul.com\/es\/tienda\/kit-bebes\/","og_locale":"es_ES","og_type":"article","og_title":"Kit beb\u00e9s - PRECIO ESPECIAL - La Cama Azul","og_description":"El cubre colch\u00f3n y la manta son dos elementos fundamentales en el sistema de descanso LA CAMA AZUL:   Cubre colch\u00f3n + manta (medidas 60x120cm)  Fabricados con productos naturales 100%  El cubre colch\u00f3n incorpora malla de hilo de cobre y toma de tierra para protecci\u00f3n y descarga de campos electromagn\u00e9ticos.  La manta confeccionada con aut\u00e9ntica lana de oveja merina. La lana funciona como perfecto aislante contra las genopat\u00edas y es el mejor recubrimiento t\u00e9rmico. La lana absorbe la humedad creada por la transpiraci\u00f3n provocando un aumento de la temperatura corporal y evitando el enfriamiento de la piel.       Entrega en 10 d\u00edas.  Garant\u00eda 3 a\u00f1os.  Cont\u00e1ctanos con cualquier duda que tengas","og_url":"https:\/\/lacamaazul.com\/es\/tienda\/kit-bebes\/","og_site_name":"La Cama Azul","article_modified_time":"2026-02-02T23:25:26+00:00","og_image":[{"width":890,"height":1091,"url":"https:\/\/lacamaazul.com\/es\/wp-content\/uploads\/2022\/06\/kit-para-bebes.jpg","type":"image\/jpeg"}],"twitter_card":"summary_large_image","twitter_misc":{"Tiempo de lectura":"1 minuto"},"schema":{"@context":"https:\/\/schema.org","@graph":[{"@type":"WebPage","@id":"https:\/\/lacamaazul.com\/es\/tienda\/kit-bebes\/","url":"https:\/\/lacamaazul.com\/es\/tienda\/kit-bebes\/","name":"Kit beb\u00e9s - PRECIO ESPECIAL - La Cama Azul","isPartOf":{"@id":"https:\/\/lacamaazul.com\/es\/#website"},"datePublished":"2022-06-27T15:51:25+00:00","dateModified":"2026-02-02T23:25:26+00:00","breadcrumb":{"@id":"https:\/\/lacamaazul.com\/es\/tienda\/kit-bebes\/#breadcrumb"},"inLanguage":"es","potentialAction":[{"@type":"ReadAction","target":["https:\/\/lacamaazul.com\/es\/tienda\/kit-bebes\/"]}]},{"@type":"BreadcrumbList","@id":"https:\/\/lacamaazul.com\/es\/tienda\/kit-bebes\/#breadcrumb","itemListElement":[{"@type":"ListItem","position":1,"name":"Portada","item":"https:\/\/lacamaazul.com\/es\/"},{"@type":"ListItem","position":2,"name":"Tienda","item":"https:\/\/lacamaazul.com\/es\/en\/tienda\/"},{"@type":"ListItem","position":3,"name":"Kit beb\u00e9s &#8211; PRECIO ESPECIAL"}]},{"@type":"WebSite","@id":"https:\/\/lacamaazul.com\/es\/#website","url":"https:\/\/lacamaazul.com\/es\/","name":"La Cama Azul","description":"Tu Descanso con los mejores materiales","publisher":{"@id":"https:\/\/lacamaazul.com\/es\/#organization"},"potentialAction":[{"@type":"SearchAction","target":{"@type":"EntryPoint","urlTemplate":"https:\/\/lacamaazul.com\/es\/?s={search_term_string}"},"query-input":"required name=search_term_string"}],"inLanguage":"es"},{"@type":"Organization","@id":"https:\/\/lacamaazul.com\/es\/#organization","name":"La Cama Azul","url":"https:\/\/lacamaazul.com\/es\/","logo":{"@type":"ImageObject","inLanguage":"es","@id":"https:\/\/lacamaazul.com\/es\/#\/schema\/logo\/image\/","url":"https:\/\/lacamaazul.com\/es\/wp-content\/uploads\/2022\/07\/cropped-logo-nuevo2.png","contentUrl":"https:\/\/lacamaazul.com\/es\/wp-content\/uploads\/2022\/07\/cropped-logo-nuevo2.png","width":163,"height":80,"caption":"La Cama Azul"},"image":{"@id":"https:\/\/lacamaazul.com\/es\/#\/schema\/logo\/image\/"}}]}},"_links":{"self":[{"href":"https:\/\/lacamaazul.com\/es\/wp-json\/wp\/v2\/product\/366"}],"collection":[{"href":"https:\/\/lacamaazul.com\/es\/wp-json\/wp\/v2\/product"}],"about":[{"href":"https:\/\/lacamaazul.com\/es\/wp-json\/wp\/v2\/types\/product"}],"replies":[{"embeddable":true,"href":"https:\/\/lacamaazul.com\/es\/wp-json\/wp\/v2\/comments?post=366"}],"version-history":[{"count":18,"href":"https:\/\/lacamaazul.com\/es\/wp-json\/wp\/v2\/product\/366\/revisions"}],"predecessor-version":[{"id":4865,"href":"https:\/\/lacamaazul.com\/es\/wp-json\/wp\/v2\/product\/366\/revisions\/4865"}],"wp:featuredmedia":[{"embeddable":true,"href":"https:\/\/lacamaazul.com\/es\/wp-json\/wp\/v2\/media\/85"}],"wp:attachment":[{"href":"https:\/\/lacamaazul.com\/es\/wp-json\/wp\/v2\/media?parent=366"}],"wp:term":[{"taxonomy":"product_cat","embeddable":true,"href":"https:\/\/lacamaazul.com\/es\/wp-json\/wp\/v2\/product_cat?post=366"},{"taxonomy":"product_tag","embeddable":true,"href":"https:\/\/lacamaazul.com\/es\/wp-json\/wp\/v2\/product_tag?post=366"}],"curies":[{"name":"wp","href":"https:\/\/api.w.org\/{rel}","templated":true}]}}