{"id":4813,"date":"2025-12-05T12:52:23","date_gmt":"2025-12-05T12:52:23","guid":{"rendered":"https:\/\/lacamaazul.com\/es\/?post_type=product&#038;p=4813"},"modified":"2026-02-20T11:15:15","modified_gmt":"2026-02-20T11:15:15","slug":"cubre-colchon-manta-lana-merina-ecologica-precio-especial","status":"publish","type":"product","link":"https:\/\/lacamaazul.com\/es\/tienda\/cubre-colchon-manta-lana-merina-ecologica-precio-especial\/","title":{"rendered":"Cubre colch\u00f3n+ Manta Lana merina ecol\u00f3gica &#8211; PRECIO ESPECIAL"},"content":{"rendered":"\t\t<div data-elementor-type=\"wp-post\" data-elementor-id=\"4813\" class=\"elementor elementor-4813\">\n\t\t\t\t\t\t<section class=\"elementor-section elementor-top-section elementor-element elementor-element-1a26bd4 elementor-section-boxed elementor-section-height-default elementor-section-height-default\" data-id=\"1a26bd4\" data-element_type=\"section\" data-settings=\"{&quot;ekit_has_onepagescroll_dot&quot;:&quot;yes&quot;}\">\n\t\t\t\t\t\t<div class=\"elementor-container elementor-column-gap-default\">\n\t\t\t\t\t<div class=\"elementor-column elementor-col-100 elementor-top-column elementor-element elementor-element-b237114\" data-id=\"b237114\" data-element_type=\"column\">\n\t\t\t<div class=\"elementor-widget-wrap elementor-element-populated\">\n\t\t\t\t\t\t<div class=\"elementor-element elementor-element-9c3b7fe elementor-widget elementor-widget-heading\" data-id=\"9c3b7fe\" data-element_type=\"widget\" data-settings=\"{&quot;ekit_we_effect_on&quot;:&quot;none&quot;}\" data-widget_type=\"heading.default\">\n\t\t\t\t<div class=\"elementor-widget-container\">\n\t\t\t\t\t<h2 class=\"elementor-heading-title elementor-size-default\">Con l\u00e1tex 100% natural<\/h2>\t\t\t\t<\/div>\n\t\t\t\t<\/div>\n\t\t\t\t<div class=\"elementor-element elementor-element-8ed6955 elementor-widget elementor-widget-text-editor\" data-id=\"8ed6955\" data-element_type=\"widget\" data-settings=\"{&quot;ekit_we_effect_on&quot;:&quot;none&quot;}\" data-widget_type=\"text-editor.default\">\n\t\t\t\t<div class=\"elementor-widget-container\">\n\t\t\t\t\t\t\t\t\t<p>Fabricaci\u00f3n 100% artesanal<\/p>\t\t\t\t\t\t\t\t<\/div>\n\t\t\t\t<\/div>\n\t\t\t\t\t<\/div>\n\t\t<\/div>\n\t\t\t\t\t<\/div>\n\t\t<\/section>\n\t\t\t\t<section class=\"elementor-section elementor-top-section elementor-element elementor-element-336efd7 elementor-section-stretched elementor-section-boxed elementor-section-height-default elementor-section-height-default\" data-id=\"336efd7\" data-element_type=\"section\" data-settings=\"{&quot;stretch_section&quot;:&quot;section-stretched&quot;,&quot;background_background&quot;:&quot;classic&quot;,&quot;ekit_has_onepagescroll_dot&quot;:&quot;yes&quot;}\">\n\t\t\t\t\t\t<div class=\"elementor-container elementor-column-gap-default\">\n\t\t\t\t\t<div class=\"elementor-column elementor-col-33 elementor-top-column elementor-element elementor-element-9c76bbe\" data-id=\"9c76bbe\" data-element_type=\"column\">\n\t\t\t<div class=\"elementor-widget-wrap elementor-element-populated\">\n\t\t\t\t\t\t<div class=\"elementor-element elementor-element-0deffd8 elementor-view-default elementor-position-top elementor-mobile-position-top elementor-widget elementor-widget-icon-box\" data-id=\"0deffd8\" data-element_type=\"widget\" data-settings=\"{&quot;ekit_we_effect_on&quot;:&quot;none&quot;}\" data-widget_type=\"icon-box.default\">\n\t\t\t\t<div class=\"elementor-widget-container\">\n\t\t\t\t\t\t\t<div class=\"elementor-icon-box-wrapper\">\n\n\t\t\t\t\t\t<div class=\"elementor-icon-box-icon\">\n\t\t\t\t<span  class=\"elementor-icon\">\n\t\t\t\t<i aria-hidden=\"true\" class=\"fas fa-cloud\"><\/i>\t\t\t\t<\/span>\n\t\t\t<\/div>\n\t\t\t\n\t\t\t\t\t\t<div class=\"elementor-icon-box-content\">\n\n\t\t\t\t\t\t\t\t\t<h4 class=\"elementor-icon-box-title\">\n\t\t\t\t\t\t<span  >\n\t\t\t\t\t\t\tFunda algod\u00f3n ecol\u00f3gico\t\t\t\t\t\t<\/span>\n\t\t\t\t\t<\/h4>\n\t\t\t\t\n\t\t\t\t\t\t\t\t\t<p class=\"elementor-icon-box-description\">\n\t\t\t\t\t\tFunda con cremallera por todo el costado para un mantenimiento y lavado independiente y c\u00f3modo.\n\t\t\t\t\t<\/p>\n\t\t\t\t\n\t\t\t<\/div>\n\t\t\t\n\t\t<\/div>\n\t\t\t\t\t\t<\/div>\n\t\t\t\t<\/div>\n\t\t\t\t\t<\/div>\n\t\t<\/div>\n\t\t\t\t<div class=\"elementor-column elementor-col-33 elementor-top-column elementor-element elementor-element-84c9732\" data-id=\"84c9732\" data-element_type=\"column\">\n\t\t\t<div class=\"elementor-widget-wrap elementor-element-populated\">\n\t\t\t\t\t\t<div class=\"elementor-element elementor-element-d466cb6 elementor-view-default elementor-position-top elementor-mobile-position-top elementor-widget elementor-widget-icon-box\" data-id=\"d466cb6\" data-element_type=\"widget\" data-settings=\"{&quot;ekit_we_effect_on&quot;:&quot;none&quot;}\" data-widget_type=\"icon-box.default\">\n\t\t\t\t<div class=\"elementor-widget-container\">\n\t\t\t\t\t\t\t<div class=\"elementor-icon-box-wrapper\">\n\n\t\t\t\t\t\t<div class=\"elementor-icon-box-icon\">\n\t\t\t\t<span  class=\"elementor-icon\">\n\t\t\t\t<i aria-hidden=\"true\" class=\"fas fa-water\"><\/i>\t\t\t\t<\/span>\n\t\t\t<\/div>\n\t\t\t\n\t\t\t\t\t\t<div class=\"elementor-icon-box-content\">\n\n\t\t\t\t\t\t\t\t\t<h4 class=\"elementor-icon-box-title\">\n\t\t\t\t\t\t<span  >\n\t\t\t\t\t\t\tLavado recomendado\t\t\t\t\t\t<\/span>\n\t\t\t\t\t<\/h4>\n\t\t\t\t\n\t\t\t\t\t\t\t\t\t<p class=\"elementor-icon-box-description\">\n\t\t\t\t\t\tLavado en programa de agua fr\u00eda y jab\u00f3n natural para el optimo mantenimiento.\n\t\t\t\t\t<\/p>\n\t\t\t\t\n\t\t\t<\/div>\n\t\t\t\n\t\t<\/div>\n\t\t\t\t\t\t<\/div>\n\t\t\t\t<\/div>\n\t\t\t\t\t<\/div>\n\t\t<\/div>\n\t\t\t\t<div class=\"elementor-column elementor-col-33 elementor-top-column elementor-element elementor-element-122058b\" data-id=\"122058b\" data-element_type=\"column\">\n\t\t\t<div class=\"elementor-widget-wrap elementor-element-populated\">\n\t\t\t\t\t\t<div class=\"elementor-element elementor-element-419a947 elementor-view-default elementor-position-top elementor-mobile-position-top elementor-widget elementor-widget-icon-box\" data-id=\"419a947\" data-element_type=\"widget\" data-settings=\"{&quot;ekit_we_effect_on&quot;:&quot;none&quot;}\" data-widget_type=\"icon-box.default\">\n\t\t\t\t<div class=\"elementor-widget-container\">\n\t\t\t\t\t\t\t<div class=\"elementor-icon-box-wrapper\">\n\n\t\t\t\t\t\t<div class=\"elementor-icon-box-icon\">\n\t\t\t\t<span  class=\"elementor-icon\">\n\t\t\t\t<i aria-hidden=\"true\" class=\"icon icon-cloud1\"><\/i>\t\t\t\t<\/span>\n\t\t\t<\/div>\n\t\t\t\n\t\t\t\t\t\t<div class=\"elementor-icon-box-content\">\n\n\t\t\t\t\t\t\t\t\t<h4 class=\"elementor-icon-box-title\">\n\t\t\t\t\t\t<span  >\n\t\t\t\t\t\t\tConsejos mantenimiento\t\t\t\t\t\t<\/span>\n\t\t\t\t\t<\/h4>\n\t\t\t\t\n\t\t\t\t\t\t\t\t\t<p class=\"elementor-icon-box-description\">\n\t\t\t\t\t\tRecomendable una vez al a\u00f1o desenfundarlo completamente el colch\u00f3n, dejarlo ventilar un d\u00eda y darle la vuelta.\n\t\t\t\t\t<\/p>\n\t\t\t\t\n\t\t\t<\/div>\n\t\t\t\n\t\t<\/div>\n\t\t\t\t\t\t<\/div>\n\t\t\t\t<\/div>\n\t\t\t\t\t<\/div>\n\t\t<\/div>\n\t\t\t\t\t<\/div>\n\t\t<\/section>\n\t\t\t\t<section class=\"elementor-section elementor-top-section elementor-element elementor-element-e536945 elementor-section-stretched elementor-section-boxed elementor-section-height-default elementor-section-height-default\" data-id=\"e536945\" data-element_type=\"section\" data-settings=\"{&quot;stretch_section&quot;:&quot;section-stretched&quot;,&quot;background_background&quot;:&quot;classic&quot;,&quot;shape_divider_top&quot;:&quot;tilt&quot;,&quot;ekit_has_onepagescroll_dot&quot;:&quot;yes&quot;}\">\n\t\t\t\t\t<div class=\"elementor-shape elementor-shape-top\" data-negative=\"false\">\n\t\t\t<svg xmlns=\"http:\/\/www.w3.org\/2000\/svg\" viewBox=\"0 0 1000 100\" preserveAspectRatio=\"none\">\n\t<path class=\"elementor-shape-fill\" d=\"M0,6V0h1000v100L0,6z\"\/>\n<\/svg>\t\t<\/div>\n\t\t\t\t\t<div class=\"elementor-container elementor-column-gap-default\">\n\t\t\t\t\t<div class=\"elementor-column elementor-col-100 elementor-top-column elementor-element elementor-element-4b5011e\" data-id=\"4b5011e\" data-element_type=\"column\">\n\t\t\t<div class=\"elementor-widget-wrap elementor-element-populated\">\n\t\t\t\t\t\t<div class=\"elementor-element elementor-element-ae533b4 elementor-widget elementor-widget-heading\" data-id=\"ae533b4\" data-element_type=\"widget\" data-settings=\"{&quot;ekit_we_effect_on&quot;:&quot;none&quot;}\" data-widget_type=\"heading.default\">\n\t\t\t\t<div class=\"elementor-widget-container\">\n\t\t\t\t\t<h2 class=\"elementor-heading-title elementor-size-default\"> Mejora Tu Descanso\u2026\n<\/h2>\t\t\t\t<\/div>\n\t\t\t\t<\/div>\n\t\t\t\t<div class=\"elementor-element elementor-element-c154feb elementor-widget elementor-widget-text-editor\" data-id=\"c154feb\" data-element_type=\"widget\" data-settings=\"{&quot;ekit_we_effect_on&quot;:&quot;none&quot;}\" data-widget_type=\"text-editor.default\">\n\t\t\t\t<div class=\"elementor-widget-container\">\n\t\t\t\t\t\t\t\t\t<p>Podr\u00e1s mejorar tu descanso eligiendo la combinaci\u00f3n perfecta de nuestros productos que te ayude a tener el mejor descanso reparador.<\/p>\t\t\t\t\t\t\t\t<\/div>\n\t\t\t\t<\/div>\n\t\t\t\t<section class=\"elementor-section elementor-inner-section elementor-element elementor-element-5f12437 elementor-section-boxed elementor-section-height-default elementor-section-height-default\" data-id=\"5f12437\" data-element_type=\"section\" data-settings=\"{&quot;ekit_has_onepagescroll_dot&quot;:&quot;yes&quot;}\">\n\t\t\t\t\t\t<div class=\"elementor-container elementor-column-gap-default\">\n\t\t\t\t\t<div class=\"elementor-column elementor-col-33 elementor-inner-column elementor-element elementor-element-de83d68\" data-id=\"de83d68\" data-element_type=\"column\">\n\t\t\t<div class=\"elementor-widget-wrap elementor-element-populated\">\n\t\t\t\t\t\t<div class=\"elementor-element elementor-element-875e860 elementor-widget elementor-widget-image\" data-id=\"875e860\" data-element_type=\"widget\" data-settings=\"{&quot;ekit_we_effect_on&quot;:&quot;none&quot;}\" data-widget_type=\"image.default\">\n\t\t\t\t<div class=\"elementor-widget-container\">\n\t\t\t\t\t\t\t\t\t\t\t\t\t\t\t<img fetchpriority=\"high\" decoding=\"async\" width=\"768\" height=\"1024\" src=\"https:\/\/lacamaazul.com\/es\/wp-content\/uploads\/2022\/06\/FOTO-SOMIER-COLCHON.jpeg\" class=\"attachment-large size-large wp-image-270\" alt=\"\" srcset=\"https:\/\/lacamaazul.com\/es\/wp-content\/uploads\/2022\/06\/FOTO-SOMIER-COLCHON.jpeg 768w, https:\/\/lacamaazul.com\/es\/wp-content\/uploads\/2022\/06\/FOTO-SOMIER-COLCHON-225x300.jpeg 225w, https:\/\/lacamaazul.com\/es\/wp-content\/uploads\/2022\/06\/FOTO-SOMIER-COLCHON-113x150.jpeg 113w, https:\/\/lacamaazul.com\/es\/wp-content\/uploads\/2022\/06\/FOTO-SOMIER-COLCHON-600x800.jpeg 600w\" sizes=\"(max-width: 768px) 100vw, 768px\" \/>\t\t\t\t\t\t\t\t\t\t\t\t\t\t\t<\/div>\n\t\t\t\t<\/div>\n\t\t\t\t<div class=\"elementor-element elementor-element-d92cf10 elementor-align-justify elementor-widget elementor-widget-button\" data-id=\"d92cf10\" data-element_type=\"widget\" data-settings=\"{&quot;ekit_we_effect_on&quot;:&quot;none&quot;}\" data-widget_type=\"button.default\">\n\t\t\t\t<div class=\"elementor-widget-container\">\n\t\t\t\t\t\t\t\t\t<div class=\"elementor-button-wrapper\">\n\t\t\t\t\t<a class=\"elementor-button elementor-button-link elementor-size-sm\" href=\"http:\/\/lacamaazul.com\/tienda\/somier-colchon\/\">\n\t\t\t\t\t\t<span class=\"elementor-button-content-wrapper\">\n\t\t\t\t\t\t\t\t\t<span class=\"elementor-button-text\">SOMIER + COLCH\u00d3N<\/span>\n\t\t\t\t\t<\/span>\n\t\t\t\t\t<\/a>\n\t\t\t\t<\/div>\n\t\t\t\t\t\t\t\t<\/div>\n\t\t\t\t<\/div>\n\t\t\t\t\t<\/div>\n\t\t<\/div>\n\t\t\t\t<div class=\"elementor-column elementor-col-33 elementor-inner-column elementor-element elementor-element-082e58a\" data-id=\"082e58a\" data-element_type=\"column\">\n\t\t\t<div class=\"elementor-widget-wrap elementor-element-populated\">\n\t\t\t\t\t\t<div class=\"elementor-element elementor-element-fe2acc5 elementor-widget elementor-widget-image\" data-id=\"fe2acc5\" data-element_type=\"widget\" data-settings=\"{&quot;ekit_we_effect_on&quot;:&quot;none&quot;}\" data-widget_type=\"image.default\">\n\t\t\t\t<div class=\"elementor-widget-container\">\n\t\t\t\t\t\t\t\t\t\t\t\t\t\t\t<img decoding=\"async\" width=\"768\" height=\"1024\" src=\"https:\/\/lacamaazul.com\/es\/wp-content\/uploads\/2022\/06\/FOTO-CUBRECOLCHON-MANTA.jpeg\" class=\"attachment-large size-large wp-image-268\" alt=\"\" srcset=\"https:\/\/lacamaazul.com\/es\/wp-content\/uploads\/2022\/06\/FOTO-CUBRECOLCHON-MANTA.jpeg 768w, https:\/\/lacamaazul.com\/es\/wp-content\/uploads\/2022\/06\/FOTO-CUBRECOLCHON-MANTA-225x300.jpeg 225w, https:\/\/lacamaazul.com\/es\/wp-content\/uploads\/2022\/06\/FOTO-CUBRECOLCHON-MANTA-113x150.jpeg 113w, https:\/\/lacamaazul.com\/es\/wp-content\/uploads\/2022\/06\/FOTO-CUBRECOLCHON-MANTA-600x800.jpeg 600w\" sizes=\"(max-width: 768px) 100vw, 768px\" \/>\t\t\t\t\t\t\t\t\t\t\t\t\t\t\t<\/div>\n\t\t\t\t<\/div>\n\t\t\t\t<div class=\"elementor-element elementor-element-d923c85 elementor-align-justify elementor-widget elementor-widget-button\" data-id=\"d923c85\" data-element_type=\"widget\" data-settings=\"{&quot;ekit_we_effect_on&quot;:&quot;none&quot;}\" data-widget_type=\"button.default\">\n\t\t\t\t<div class=\"elementor-widget-container\">\n\t\t\t\t\t\t\t\t\t<div class=\"elementor-button-wrapper\">\n\t\t\t\t\t<a class=\"elementor-button elementor-button-link elementor-size-sm\" href=\"http:\/\/lacamaazul.com\/tienda\/cubre-colchon-mas-manta\/\">\n\t\t\t\t\t\t<span class=\"elementor-button-content-wrapper\">\n\t\t\t\t\t\t\t\t\t<span class=\"elementor-button-text\">CUBRE COLCH\u00d3N + MANTA<\/span>\n\t\t\t\t\t<\/span>\n\t\t\t\t\t<\/a>\n\t\t\t\t<\/div>\n\t\t\t\t\t\t\t\t<\/div>\n\t\t\t\t<\/div>\n\t\t\t\t\t<\/div>\n\t\t<\/div>\n\t\t\t\t<div class=\"elementor-column elementor-col-33 elementor-inner-column elementor-element elementor-element-50b128e\" data-id=\"50b128e\" data-element_type=\"column\">\n\t\t\t<div class=\"elementor-widget-wrap elementor-element-populated\">\n\t\t\t\t\t\t<div class=\"elementor-element elementor-element-df3702a elementor-widget elementor-widget-image\" data-id=\"df3702a\" data-element_type=\"widget\" data-settings=\"{&quot;ekit_we_effect_on&quot;:&quot;none&quot;}\" data-widget_type=\"image.default\">\n\t\t\t\t<div class=\"elementor-widget-container\">\n\t\t\t\t\t\t\t\t\t\t\t\t\t\t\t<img decoding=\"async\" width=\"768\" height=\"1024\" src=\"https:\/\/lacamaazul.com\/es\/wp-content\/uploads\/2022\/06\/FOTO-CAMA-COMPLETA.jpeg\" class=\"attachment-large size-large wp-image-273\" alt=\"\" srcset=\"https:\/\/lacamaazul.com\/es\/wp-content\/uploads\/2022\/06\/FOTO-CAMA-COMPLETA.jpeg 768w, https:\/\/lacamaazul.com\/es\/wp-content\/uploads\/2022\/06\/FOTO-CAMA-COMPLETA-225x300.jpeg 225w, https:\/\/lacamaazul.com\/es\/wp-content\/uploads\/2022\/06\/FOTO-CAMA-COMPLETA-113x150.jpeg 113w, https:\/\/lacamaazul.com\/es\/wp-content\/uploads\/2022\/06\/FOTO-CAMA-COMPLETA-600x800.jpeg 600w\" sizes=\"(max-width: 768px) 100vw, 768px\" \/>\t\t\t\t\t\t\t\t\t\t\t\t\t\t\t<\/div>\n\t\t\t\t<\/div>\n\t\t\t\t<div class=\"elementor-element elementor-element-6864f9c elementor-align-justify elementor-widget elementor-widget-button\" data-id=\"6864f9c\" data-element_type=\"widget\" data-settings=\"{&quot;ekit_we_effect_on&quot;:&quot;none&quot;}\" data-widget_type=\"button.default\">\n\t\t\t\t<div class=\"elementor-widget-container\">\n\t\t\t\t\t\t\t\t\t<div class=\"elementor-button-wrapper\">\n\t\t\t\t\t<a class=\"elementor-button elementor-button-link elementor-size-sm\" href=\"http:\/\/lacamaazul.com\/tienda\/cama-completa\/\">\n\t\t\t\t\t\t<span class=\"elementor-button-content-wrapper\">\n\t\t\t\t\t\t\t\t\t<span class=\"elementor-button-text\">CAMA COMPLETA<\/span>\n\t\t\t\t\t<\/span>\n\t\t\t\t\t<\/a>\n\t\t\t\t<\/div>\n\t\t\t\t\t\t\t\t<\/div>\n\t\t\t\t<\/div>\n\t\t\t\t\t<\/div>\n\t\t<\/div>\n\t\t\t\t\t<\/div>\n\t\t<\/section>\n\t\t\t\t\t<\/div>\n\t\t<\/div>\n\t\t\t\t\t<\/div>\n\t\t<\/section>\n\t\t\t\t<\/div>\n\t\t","protected":false},"excerpt":{"rendered":"<p>El <strong>Cubrecolch\u00f3n<\/strong> es una parte esencial del sistema de descanso de LaCamaAzul.<\/p>\n<ul>\n<li>Elaborado con productos 100% naturales.<\/li>\n<li>El Cubrecolch\u00f3n incorpora malla de hilo de cobre y toma de tierra para protecci\u00f3n y descarga de campos electromagn\u00e9ticos.<\/li>\n<li>Incorpora lana merino para aislar de las\u00a0<a href=\"http:\/\/lacamaazul.com\/geopatias-y-campos-electromagneticos\/\">geopat\u00edas<\/a>.<\/li>\n<\/ul>\n<p>La <strong>Manta de lana merina ecol\u00f3gica<\/strong> 100% natural es parte fundamental del sistema de descanso de <b>LaCamaAzul<\/b>.<\/p>\n<ul>\n<li>Confeccionada con aut\u00e9ntica lana de oveja merina, transpirable y termoreguladora.<\/li>\n<\/ul>\n<p><a href=\"https:\/\/lacamaazul.com\/es\/product-category\/cama-ecologica-materiales-100-naturales\/\">Sistema de descanso LaCamaazul<\/a><\/p>\n<hr \/>\n<ul>\n<li>Entrega en 10 d\u00edas laborables.<\/li>\n<li>Garant\u00eda de \u00a03 a\u00f1os.<\/li>\n<li><a href=\"http:\/\/lacamaazul.com\/contacto\/\">Cont\u00e1ctanos<\/a> con cualquier duda que tengas<\/li>\n<\/ul>\n","protected":false},"featured_media":3039,"comment_status":"open","ping_status":"closed","template":"","meta":{"_joinchat":[]},"product_cat":[16,18],"product_tag":[213,83],"yoast_head":"<!-- This site is optimized with the Yoast SEO plugin v21.4 - https:\/\/yoast.com\/wordpress\/plugins\/seo\/ -->\n<title>Cubre colch\u00f3n+ Manta Lana merina - PRECIO ESPECIAL<\/title>\n<meta name=\"description\" content=\"Cubre colch\u00f3n+ Manta Lana merina ecol\u00f3gica - PRECIO ESPECIAL.\" \/>\n<meta name=\"robots\" content=\"index, follow, max-snippet:-1, max-image-preview:large, max-video-preview:-1\" \/>\n<link rel=\"canonical\" href=\"https:\/\/lacamaazul.com\/es\/tienda\/cubre-colchon-manta-lana-merina-ecologica-precio-especial\/\" \/>\n<meta property=\"og:locale\" content=\"es_ES\" \/>\n<meta property=\"og:type\" content=\"article\" \/>\n<meta property=\"og:title\" content=\"Cubre colch\u00f3n+ Manta Lana merina - PRECIO ESPECIAL\" \/>\n<meta property=\"og:description\" content=\"Cubre colch\u00f3n+ Manta Lana merina ecol\u00f3gica - PRECIO ESPECIAL.\" \/>\n<meta property=\"og:url\" content=\"https:\/\/lacamaazul.com\/es\/tienda\/cubre-colchon-manta-lana-merina-ecologica-precio-especial\/\" \/>\n<meta property=\"og:site_name\" content=\"La Cama Azul\" \/>\n<meta property=\"article:modified_time\" content=\"2026-02-20T11:15:15+00:00\" \/>\n<meta property=\"og:image\" content=\"https:\/\/lacamaazul.com\/es\/wp-content\/uploads\/2022\/06\/Cubre-colchon-100-natural-organico.jpg\" \/>\n\t<meta property=\"og:image:width\" content=\"2000\" \/>\n\t<meta property=\"og:image:height\" content=\"1333\" \/>\n\t<meta property=\"og:image:type\" content=\"image\/jpeg\" \/>\n<meta name=\"twitter:card\" content=\"summary_large_image\" \/>\n<meta name=\"twitter:label1\" content=\"Tiempo de lectura\" \/>\n\t<meta name=\"twitter:data1\" content=\"2 minutos\" \/>\n<script type=\"application\/ld+json\" class=\"yoast-schema-graph\">{\"@context\":\"https:\/\/schema.org\",\"@graph\":[{\"@type\":\"WebPage\",\"@id\":\"https:\/\/lacamaazul.com\/es\/tienda\/cubre-colchon-manta-lana-merina-ecologica-precio-especial\/\",\"url\":\"https:\/\/lacamaazul.com\/es\/tienda\/cubre-colchon-manta-lana-merina-ecologica-precio-especial\/\",\"name\":\"Cubre colch\u00f3n+ Manta Lana merina - PRECIO ESPECIAL\",\"isPartOf\":{\"@id\":\"https:\/\/lacamaazul.com\/es\/#website\"},\"datePublished\":\"2025-12-05T12:52:23+00:00\",\"dateModified\":\"2026-02-20T11:15:15+00:00\",\"description\":\"Cubre colch\u00f3n+ Manta Lana merina ecol\u00f3gica - PRECIO ESPECIAL.\",\"breadcrumb\":{\"@id\":\"https:\/\/lacamaazul.com\/es\/tienda\/cubre-colchon-manta-lana-merina-ecologica-precio-especial\/#breadcrumb\"},\"inLanguage\":\"es\",\"potentialAction\":[{\"@type\":\"ReadAction\",\"target\":[\"https:\/\/lacamaazul.com\/es\/tienda\/cubre-colchon-manta-lana-merina-ecologica-precio-especial\/\"]}]},{\"@type\":\"BreadcrumbList\",\"@id\":\"https:\/\/lacamaazul.com\/es\/tienda\/cubre-colchon-manta-lana-merina-ecologica-precio-especial\/#breadcrumb\",\"itemListElement\":[{\"@type\":\"ListItem\",\"position\":1,\"name\":\"Portada\",\"item\":\"https:\/\/lacamaazul.com\/es\/\"},{\"@type\":\"ListItem\",\"position\":2,\"name\":\"Tienda\",\"item\":\"https:\/\/lacamaazul.com\/es\/en\/tienda\/\"},{\"@type\":\"ListItem\",\"position\":3,\"name\":\"Cubre colch\u00f3n+ Manta Lana merina ecol\u00f3gica &#8211; PRECIO ESPECIAL\"}]},{\"@type\":\"WebSite\",\"@id\":\"https:\/\/lacamaazul.com\/es\/#website\",\"url\":\"https:\/\/lacamaazul.com\/es\/\",\"name\":\"La Cama Azul\",\"description\":\"Tu Descanso con los mejores materiales\",\"publisher\":{\"@id\":\"https:\/\/lacamaazul.com\/es\/#organization\"},\"potentialAction\":[{\"@type\":\"SearchAction\",\"target\":{\"@type\":\"EntryPoint\",\"urlTemplate\":\"https:\/\/lacamaazul.com\/es\/?s={search_term_string}\"},\"query-input\":\"required name=search_term_string\"}],\"inLanguage\":\"es\"},{\"@type\":\"Organization\",\"@id\":\"https:\/\/lacamaazul.com\/es\/#organization\",\"name\":\"La Cama Azul\",\"url\":\"https:\/\/lacamaazul.com\/es\/\",\"logo\":{\"@type\":\"ImageObject\",\"inLanguage\":\"es\",\"@id\":\"https:\/\/lacamaazul.com\/es\/#\/schema\/logo\/image\/\",\"url\":\"https:\/\/lacamaazul.com\/es\/wp-content\/uploads\/2022\/07\/cropped-logo-nuevo2.png\",\"contentUrl\":\"https:\/\/lacamaazul.com\/es\/wp-content\/uploads\/2022\/07\/cropped-logo-nuevo2.png\",\"width\":163,\"height\":80,\"caption\":\"La Cama Azul\"},\"image\":{\"@id\":\"https:\/\/lacamaazul.com\/es\/#\/schema\/logo\/image\/\"}}]}<\/script>\n<!-- \/ Yoast SEO plugin. -->","yoast_head_json":{"title":"Cubre colch\u00f3n+ Manta Lana merina - PRECIO ESPECIAL","description":"Cubre colch\u00f3n+ Manta Lana merina ecol\u00f3gica - PRECIO ESPECIAL.","robots":{"index":"index","follow":"follow","max-snippet":"max-snippet:-1","max-image-preview":"max-image-preview:large","max-video-preview":"max-video-preview:-1"},"canonical":"https:\/\/lacamaazul.com\/es\/tienda\/cubre-colchon-manta-lana-merina-ecologica-precio-especial\/","og_locale":"es_ES","og_type":"article","og_title":"Cubre colch\u00f3n+ Manta Lana merina - PRECIO ESPECIAL","og_description":"Cubre colch\u00f3n+ Manta Lana merina ecol\u00f3gica - PRECIO ESPECIAL.","og_url":"https:\/\/lacamaazul.com\/es\/tienda\/cubre-colchon-manta-lana-merina-ecologica-precio-especial\/","og_site_name":"La Cama Azul","article_modified_time":"2026-02-20T11:15:15+00:00","og_image":[{"width":2000,"height":1333,"url":"https:\/\/lacamaazul.com\/es\/wp-content\/uploads\/2022\/06\/Cubre-colchon-100-natural-organico.jpg","type":"image\/jpeg"}],"twitter_card":"summary_large_image","twitter_misc":{"Tiempo de lectura":"2 minutos"},"schema":{"@context":"https:\/\/schema.org","@graph":[{"@type":"WebPage","@id":"https:\/\/lacamaazul.com\/es\/tienda\/cubre-colchon-manta-lana-merina-ecologica-precio-especial\/","url":"https:\/\/lacamaazul.com\/es\/tienda\/cubre-colchon-manta-lana-merina-ecologica-precio-especial\/","name":"Cubre colch\u00f3n+ Manta Lana merina - PRECIO ESPECIAL","isPartOf":{"@id":"https:\/\/lacamaazul.com\/es\/#website"},"datePublished":"2025-12-05T12:52:23+00:00","dateModified":"2026-02-20T11:15:15+00:00","description":"Cubre colch\u00f3n+ Manta Lana merina ecol\u00f3gica - PRECIO ESPECIAL.","breadcrumb":{"@id":"https:\/\/lacamaazul.com\/es\/tienda\/cubre-colchon-manta-lana-merina-ecologica-precio-especial\/#breadcrumb"},"inLanguage":"es","potentialAction":[{"@type":"ReadAction","target":["https:\/\/lacamaazul.com\/es\/tienda\/cubre-colchon-manta-lana-merina-ecologica-precio-especial\/"]}]},{"@type":"BreadcrumbList","@id":"https:\/\/lacamaazul.com\/es\/tienda\/cubre-colchon-manta-lana-merina-ecologica-precio-especial\/#breadcrumb","itemListElement":[{"@type":"ListItem","position":1,"name":"Portada","item":"https:\/\/lacamaazul.com\/es\/"},{"@type":"ListItem","position":2,"name":"Tienda","item":"https:\/\/lacamaazul.com\/es\/en\/tienda\/"},{"@type":"ListItem","position":3,"name":"Cubre colch\u00f3n+ Manta Lana merina ecol\u00f3gica &#8211; PRECIO ESPECIAL"}]},{"@type":"WebSite","@id":"https:\/\/lacamaazul.com\/es\/#website","url":"https:\/\/lacamaazul.com\/es\/","name":"La Cama Azul","description":"Tu Descanso con los mejores materiales","publisher":{"@id":"https:\/\/lacamaazul.com\/es\/#organization"},"potentialAction":[{"@type":"SearchAction","target":{"@type":"EntryPoint","urlTemplate":"https:\/\/lacamaazul.com\/es\/?s={search_term_string}"},"query-input":"required name=search_term_string"}],"inLanguage":"es"},{"@type":"Organization","@id":"https:\/\/lacamaazul.com\/es\/#organization","name":"La Cama Azul","url":"https:\/\/lacamaazul.com\/es\/","logo":{"@type":"ImageObject","inLanguage":"es","@id":"https:\/\/lacamaazul.com\/es\/#\/schema\/logo\/image\/","url":"https:\/\/lacamaazul.com\/es\/wp-content\/uploads\/2022\/07\/cropped-logo-nuevo2.png","contentUrl":"https:\/\/lacamaazul.com\/es\/wp-content\/uploads\/2022\/07\/cropped-logo-nuevo2.png","width":163,"height":80,"caption":"La Cama Azul"},"image":{"@id":"https:\/\/lacamaazul.com\/es\/#\/schema\/logo\/image\/"}}]}},"_links":{"self":[{"href":"https:\/\/lacamaazul.com\/es\/wp-json\/wp\/v2\/product\/4813"}],"collection":[{"href":"https:\/\/lacamaazul.com\/es\/wp-json\/wp\/v2\/product"}],"about":[{"href":"https:\/\/lacamaazul.com\/es\/wp-json\/wp\/v2\/types\/product"}],"replies":[{"embeddable":true,"href":"https:\/\/lacamaazul.com\/es\/wp-json\/wp\/v2\/comments?post=4813"}],"version-history":[{"count":4,"href":"https:\/\/lacamaazul.com\/es\/wp-json\/wp\/v2\/product\/4813\/revisions"}],"predecessor-version":[{"id":5292,"href":"https:\/\/lacamaazul.com\/es\/wp-json\/wp\/v2\/product\/4813\/revisions\/5292"}],"wp:featuredmedia":[{"embeddable":true,"href":"https:\/\/lacamaazul.com\/es\/wp-json\/wp\/v2\/media\/3039"}],"wp:attachment":[{"href":"https:\/\/lacamaazul.com\/es\/wp-json\/wp\/v2\/media?parent=4813"}],"wp:term":[{"taxonomy":"product_cat","embeddable":true,"href":"https:\/\/lacamaazul.com\/es\/wp-json\/wp\/v2\/product_cat?post=4813"},{"taxonomy":"product_tag","embeddable":true,"href":"https:\/\/lacamaazul.com\/es\/wp-json\/wp\/v2\/product_tag?post=4813"}],"curies":[{"name":"wp","href":"https:\/\/api.w.org\/{rel}","templated":true}]}}