{"id":5860,"date":"2026-04-12T19:35:10","date_gmt":"2026-04-12T19:35:10","guid":{"rendered":"https:\/\/lacamaazul.com\/es\/?post_type=product&#038;p=5860"},"modified":"2026-04-13T14:57:10","modified_gmt":"2026-04-13T14:57:10","slug":"somier-madera-de-haya-ecologico-colchon-latex-100-natural-promocion","status":"publish","type":"product","link":"https:\/\/lacamaazul.com\/es\/tienda\/somier-madera-de-haya-ecologico-colchon-latex-100-natural-promocion\/","title":{"rendered":"Somier madera de haya ecol\u00f3gico + Colch\u00f3n latex 100% natural &#8211; PROMOCI\u00d3N"},"content":{"rendered":"\t\t<div data-elementor-type=\"wp-post\" data-elementor-id=\"5860\" class=\"elementor elementor-5860\">\n\t\t\t\t\t\t<section class=\"elementor-section elementor-top-section elementor-element elementor-element-1a26bd4 elementor-section-boxed elementor-section-height-default elementor-section-height-default\" data-id=\"1a26bd4\" data-element_type=\"section\" data-settings=\"{&quot;ekit_has_onepagescroll_dot&quot;:&quot;yes&quot;}\">\n\t\t\t\t\t\t<div class=\"elementor-container elementor-column-gap-default\">\n\t\t\t\t\t<div class=\"elementor-column elementor-col-100 elementor-top-column elementor-element elementor-element-b237114\" data-id=\"b237114\" data-element_type=\"column\">\n\t\t\t<div class=\"elementor-widget-wrap elementor-element-populated\">\n\t\t\t\t\t\t<div class=\"elementor-element elementor-element-9c3b7fe elementor-widget elementor-widget-heading\" data-id=\"9c3b7fe\" data-element_type=\"widget\" data-settings=\"{&quot;ekit_we_effect_on&quot;:&quot;none&quot;}\" data-widget_type=\"heading.default\">\n\t\t\t\t<div class=\"elementor-widget-container\">\n\t\t\t\t\t<h2 class=\"elementor-heading-title elementor-size-default\">Somier de Madera de Haya Laminada natural\n<\/h2>\t\t\t\t<\/div>\n\t\t\t\t<\/div>\n\t\t\t\t<div class=\"elementor-element elementor-element-8ed6955 elementor-widget elementor-widget-text-editor\" data-id=\"8ed6955\" data-element_type=\"widget\" data-settings=\"{&quot;ekit_we_effect_on&quot;:&quot;none&quot;}\" data-widget_type=\"text-editor.default\">\n\t\t\t\t<div class=\"elementor-widget-container\">\n\t\t\t\t\t\t\t\t\t<p>Fabricaci\u00f3n 100% artesanal<\/p>\t\t\t\t\t\t\t\t<\/div>\n\t\t\t\t<\/div>\n\t\t\t\t\t<\/div>\n\t\t<\/div>\n\t\t\t\t\t<\/div>\n\t\t<\/section>\n\t\t\t\t<section class=\"elementor-section elementor-top-section elementor-element elementor-element-336efd7 elementor-section-stretched elementor-section-boxed elementor-section-height-default elementor-section-height-default\" data-id=\"336efd7\" data-element_type=\"section\" data-settings=\"{&quot;stretch_section&quot;:&quot;section-stretched&quot;,&quot;background_background&quot;:&quot;classic&quot;,&quot;ekit_has_onepagescroll_dot&quot;:&quot;yes&quot;}\">\n\t\t\t\t\t\t<div class=\"elementor-container elementor-column-gap-default\">\n\t\t\t\t\t<div class=\"elementor-column elementor-col-33 elementor-top-column elementor-element elementor-element-9c76bbe\" data-id=\"9c76bbe\" data-element_type=\"column\">\n\t\t\t<div class=\"elementor-widget-wrap elementor-element-populated\">\n\t\t\t\t\t\t<div class=\"elementor-element elementor-element-0deffd8 elementor-view-default elementor-position-top elementor-mobile-position-top elementor-widget elementor-widget-icon-box\" data-id=\"0deffd8\" data-element_type=\"widget\" data-settings=\"{&quot;ekit_we_effect_on&quot;:&quot;none&quot;}\" data-widget_type=\"icon-box.default\">\n\t\t\t\t<div class=\"elementor-widget-container\">\n\t\t\t\t\t\t\t<div class=\"elementor-icon-box-wrapper\">\n\n\t\t\t\t\t\t<div class=\"elementor-icon-box-icon\">\n\t\t\t\t<span  class=\"elementor-icon\">\n\t\t\t\t<i aria-hidden=\"true\" class=\"icon icon-tools\"><\/i>\t\t\t\t<\/span>\n\t\t\t<\/div>\n\t\t\t\n\t\t\t\t\t\t<div class=\"elementor-icon-box-content\">\n\n\t\t\t\t\t\t\t\t\t<h4 class=\"elementor-icon-box-title\">\n\t\t\t\t\t\t<span  >\n\t\t\t\t\t\t\tFabricaci\u00f3n 100% Artesanal\t\t\t\t\t\t<\/span>\n\t\t\t\t\t<\/h4>\n\t\t\t\t\n\t\t\t\t\t\t\t\t\t<p class=\"elementor-icon-box-description\">\n\t\t\t\t\t\tEl Somier est\u00e1 hecho con madera de haya laminada natural y protegido con barnices naturales lo que garantiza su durabilidad.\t\t\t\t\t<\/p>\n\t\t\t\t\n\t\t\t<\/div>\n\t\t\t\n\t\t<\/div>\n\t\t\t\t\t\t<\/div>\n\t\t\t\t<\/div>\n\t\t\t\t\t<\/div>\n\t\t<\/div>\n\t\t\t\t<div class=\"elementor-column elementor-col-33 elementor-top-column elementor-element elementor-element-84c9732\" data-id=\"84c9732\" data-element_type=\"column\">\n\t\t\t<div class=\"elementor-widget-wrap elementor-element-populated\">\n\t\t\t\t\t\t<div class=\"elementor-element elementor-element-d466cb6 elementor-view-default elementor-position-top elementor-mobile-position-top elementor-widget elementor-widget-icon-box\" data-id=\"d466cb6\" data-element_type=\"widget\" data-settings=\"{&quot;ekit_we_effect_on&quot;:&quot;none&quot;}\" data-widget_type=\"icon-box.default\">\n\t\t\t\t<div class=\"elementor-widget-container\">\n\t\t\t\t\t\t\t<div class=\"elementor-icon-box-wrapper\">\n\n\t\t\t\t\t\t<div class=\"elementor-icon-box-icon\">\n\t\t\t\t<span  class=\"elementor-icon\">\n\t\t\t\t<i aria-hidden=\"true\" class=\"icon icon-layers\"><\/i>\t\t\t\t<\/span>\n\t\t\t<\/div>\n\t\t\t\n\t\t\t\t\t\t<div class=\"elementor-icon-box-content\">\n\n\t\t\t\t\t\t\t\t\t<h4 class=\"elementor-icon-box-title\">\n\t\t\t\t\t\t<span  >\n\t\t\t\t\t\t\tSoporte con laminas ajustable\t\t\t\t\t\t<\/span>\n\t\t\t\t\t<\/h4>\n\t\t\t\t\n\t\t\t\t\t\t\t\t\t<p class=\"elementor-icon-box-description\">\n\t\t\t\t\t\tLas laminas de madera de haya natural disponen de niveles de firmeza en la zona lumbar para un perfecto ajuste personalizable en cualquier momento. \n\t\t\t\t\t<\/p>\n\t\t\t\t\n\t\t\t<\/div>\n\t\t\t\n\t\t<\/div>\n\t\t\t\t\t\t<\/div>\n\t\t\t\t<\/div>\n\t\t\t\t\t<\/div>\n\t\t<\/div>\n\t\t\t\t<div class=\"elementor-column elementor-col-33 elementor-top-column elementor-element elementor-element-122058b\" data-id=\"122058b\" data-element_type=\"column\">\n\t\t\t<div class=\"elementor-widget-wrap elementor-element-populated\">\n\t\t\t\t\t\t<div class=\"elementor-element elementor-element-419a947 elementor-view-default elementor-position-top elementor-mobile-position-top elementor-widget elementor-widget-icon-box\" data-id=\"419a947\" data-element_type=\"widget\" data-settings=\"{&quot;ekit_we_effect_on&quot;:&quot;none&quot;}\" data-widget_type=\"icon-box.default\">\n\t\t\t\t<div class=\"elementor-widget-container\">\n\t\t\t\t\t\t\t<div class=\"elementor-icon-box-wrapper\">\n\n\t\t\t\t\t\t<div class=\"elementor-icon-box-icon\">\n\t\t\t\t<span  class=\"elementor-icon\">\n\t\t\t\t<i aria-hidden=\"true\" class=\"icon icon-move\"><\/i>\t\t\t\t<\/span>\n\t\t\t<\/div>\n\t\t\t\n\t\t\t\t\t\t<div class=\"elementor-icon-box-content\">\n\n\t\t\t\t\t\t\t\t\t<h4 class=\"elementor-icon-box-title\">\n\t\t\t\t\t\t<span  >\n\t\t\t\t\t\t\tPermite Distintas posiciones \t\t\t\t\t\t<\/span>\n\t\t\t\t\t<\/h4>\n\t\t\t\t\n\t\t\t\t\t\t\t\t\t<p class=\"elementor-icon-box-description\">\n\t\t\t\t\t\tPosibilidad de ajustar, de manera muy f\u00e1cil y c\u00f3moda, en 5 posiciones distintas tanto en cabeza como en pies para la posici\u00f3n que se quiera en cada momento.\n\t\t\t\t\t<\/p>\n\t\t\t\t\n\t\t\t<\/div>\n\t\t\t\n\t\t<\/div>\n\t\t\t\t\t\t<\/div>\n\t\t\t\t<\/div>\n\t\t\t\t\t<\/div>\n\t\t<\/div>\n\t\t\t\t\t<\/div>\n\t\t<\/section>\n\t\t\t\t<section class=\"elementor-section elementor-top-section elementor-element elementor-element-e536945 elementor-section-stretched elementor-section-boxed elementor-section-height-default elementor-section-height-default\" data-id=\"e536945\" data-element_type=\"section\" data-settings=\"{&quot;stretch_section&quot;:&quot;section-stretched&quot;,&quot;background_background&quot;:&quot;classic&quot;,&quot;shape_divider_top&quot;:&quot;tilt&quot;,&quot;ekit_has_onepagescroll_dot&quot;:&quot;yes&quot;}\">\n\t\t\t\t\t<div class=\"elementor-shape elementor-shape-top\" data-negative=\"false\">\n\t\t\t<svg xmlns=\"http:\/\/www.w3.org\/2000\/svg\" viewBox=\"0 0 1000 100\" preserveAspectRatio=\"none\">\n\t<path class=\"elementor-shape-fill\" d=\"M0,6V0h1000v100L0,6z\"\/>\n<\/svg>\t\t<\/div>\n\t\t\t\t\t<div class=\"elementor-container elementor-column-gap-default\">\n\t\t\t\t\t<div class=\"elementor-column elementor-col-100 elementor-top-column elementor-element elementor-element-4b5011e\" data-id=\"4b5011e\" data-element_type=\"column\">\n\t\t\t<div class=\"elementor-widget-wrap elementor-element-populated\">\n\t\t\t\t\t\t<div class=\"elementor-element elementor-element-ae533b4 elementor-widget elementor-widget-heading\" data-id=\"ae533b4\" data-element_type=\"widget\" data-settings=\"{&quot;ekit_we_effect_on&quot;:&quot;none&quot;}\" data-widget_type=\"heading.default\">\n\t\t\t\t<div class=\"elementor-widget-container\">\n\t\t\t\t\t<h2 class=\"elementor-heading-title elementor-size-default\"> Mejora Tu Descanso\u2026\n<\/h2>\t\t\t\t<\/div>\n\t\t\t\t<\/div>\n\t\t\t\t<div class=\"elementor-element elementor-element-c154feb elementor-widget elementor-widget-text-editor\" data-id=\"c154feb\" data-element_type=\"widget\" data-settings=\"{&quot;ekit_we_effect_on&quot;:&quot;none&quot;}\" data-widget_type=\"text-editor.default\">\n\t\t\t\t<div class=\"elementor-widget-container\">\n\t\t\t\t\t\t\t\t\t<p>Podr\u00e1s mejorar tu descanso eligiendo la combinaci\u00f3n perfecta de nuestros productos que te ayude a tener el mejor descanso reparador.<\/p>\t\t\t\t\t\t\t\t<\/div>\n\t\t\t\t<\/div>\n\t\t\t\t<section class=\"elementor-section elementor-inner-section elementor-element elementor-element-118fe39 elementor-section-boxed elementor-section-height-default elementor-section-height-default\" data-id=\"118fe39\" data-element_type=\"section\" data-settings=\"{&quot;ekit_has_onepagescroll_dot&quot;:&quot;yes&quot;}\">\n\t\t\t\t\t\t<div class=\"elementor-container elementor-column-gap-default\">\n\t\t\t\t\t<div class=\"elementor-column elementor-col-33 elementor-inner-column elementor-element elementor-element-4ed2e9c\" data-id=\"4ed2e9c\" data-element_type=\"column\">\n\t\t\t<div class=\"elementor-widget-wrap elementor-element-populated\">\n\t\t\t\t\t\t<div class=\"elementor-element elementor-element-79f8f26 elementor-widget elementor-widget-image\" data-id=\"79f8f26\" data-element_type=\"widget\" data-settings=\"{&quot;ekit_we_effect_on&quot;:&quot;none&quot;}\" data-widget_type=\"image.default\">\n\t\t\t\t<div class=\"elementor-widget-container\">\n\t\t\t\t\t\t\t\t\t\t\t\t\t\t\t<img fetchpriority=\"high\" decoding=\"async\" width=\"768\" height=\"1024\" src=\"https:\/\/lacamaazul.com\/es\/wp-content\/uploads\/2022\/06\/FOTO-SOMIER-COLCHON.jpeg\" class=\"attachment-large size-large wp-image-270\" alt=\"\" srcset=\"https:\/\/lacamaazul.com\/es\/wp-content\/uploads\/2022\/06\/FOTO-SOMIER-COLCHON.jpeg 768w, https:\/\/lacamaazul.com\/es\/wp-content\/uploads\/2022\/06\/FOTO-SOMIER-COLCHON-225x300.jpeg 225w, https:\/\/lacamaazul.com\/es\/wp-content\/uploads\/2022\/06\/FOTO-SOMIER-COLCHON-113x150.jpeg 113w, https:\/\/lacamaazul.com\/es\/wp-content\/uploads\/2022\/06\/FOTO-SOMIER-COLCHON-600x800.jpeg 600w\" sizes=\"(max-width: 768px) 100vw, 768px\" \/>\t\t\t\t\t\t\t\t\t\t\t\t\t\t\t<\/div>\n\t\t\t\t<\/div>\n\t\t\t\t<div class=\"elementor-element elementor-element-84d6347 elementor-align-justify elementor-widget elementor-widget-button\" data-id=\"84d6347\" data-element_type=\"widget\" data-settings=\"{&quot;ekit_we_effect_on&quot;:&quot;none&quot;}\" data-widget_type=\"button.default\">\n\t\t\t\t<div class=\"elementor-widget-container\">\n\t\t\t\t\t\t\t\t\t<div class=\"elementor-button-wrapper\">\n\t\t\t\t\t<a class=\"elementor-button elementor-button-link elementor-size-sm\" href=\"http:\/\/lacamaazul.com\/tienda\/somier-colchon\/\">\n\t\t\t\t\t\t<span class=\"elementor-button-content-wrapper\">\n\t\t\t\t\t\t\t\t\t<span class=\"elementor-button-text\">SOMIER + COLCH\u00d3N<\/span>\n\t\t\t\t\t<\/span>\n\t\t\t\t\t<\/a>\n\t\t\t\t<\/div>\n\t\t\t\t\t\t\t\t<\/div>\n\t\t\t\t<\/div>\n\t\t\t\t\t<\/div>\n\t\t<\/div>\n\t\t\t\t<div class=\"elementor-column elementor-col-33 elementor-inner-column elementor-element elementor-element-41968fc\" data-id=\"41968fc\" data-element_type=\"column\">\n\t\t\t<div class=\"elementor-widget-wrap elementor-element-populated\">\n\t\t\t\t\t\t<div class=\"elementor-element elementor-element-bf79eb4 elementor-widget elementor-widget-image\" data-id=\"bf79eb4\" data-element_type=\"widget\" data-settings=\"{&quot;ekit_we_effect_on&quot;:&quot;none&quot;}\" data-widget_type=\"image.default\">\n\t\t\t\t<div class=\"elementor-widget-container\">\n\t\t\t\t\t\t\t\t\t\t\t\t\t\t\t<img decoding=\"async\" width=\"768\" height=\"1024\" src=\"https:\/\/lacamaazul.com\/es\/wp-content\/uploads\/2022\/06\/FOTO-CUBRECOLCHON-MANTA.jpeg\" class=\"attachment-large size-large wp-image-268\" alt=\"\" srcset=\"https:\/\/lacamaazul.com\/es\/wp-content\/uploads\/2022\/06\/FOTO-CUBRECOLCHON-MANTA.jpeg 768w, https:\/\/lacamaazul.com\/es\/wp-content\/uploads\/2022\/06\/FOTO-CUBRECOLCHON-MANTA-225x300.jpeg 225w, https:\/\/lacamaazul.com\/es\/wp-content\/uploads\/2022\/06\/FOTO-CUBRECOLCHON-MANTA-113x150.jpeg 113w, https:\/\/lacamaazul.com\/es\/wp-content\/uploads\/2022\/06\/FOTO-CUBRECOLCHON-MANTA-600x800.jpeg 600w\" sizes=\"(max-width: 768px) 100vw, 768px\" \/>\t\t\t\t\t\t\t\t\t\t\t\t\t\t\t<\/div>\n\t\t\t\t<\/div>\n\t\t\t\t<div class=\"elementor-element elementor-element-16ba654 elementor-align-justify elementor-widget elementor-widget-button\" data-id=\"16ba654\" data-element_type=\"widget\" data-settings=\"{&quot;ekit_we_effect_on&quot;:&quot;none&quot;}\" data-widget_type=\"button.default\">\n\t\t\t\t<div class=\"elementor-widget-container\">\n\t\t\t\t\t\t\t\t\t<div class=\"elementor-button-wrapper\">\n\t\t\t\t\t<a class=\"elementor-button elementor-button-link elementor-size-sm\" href=\"http:\/\/lacamaazul.com\/tienda\/cubre-colchon-mas-manta\/\">\n\t\t\t\t\t\t<span class=\"elementor-button-content-wrapper\">\n\t\t\t\t\t\t\t\t\t<span class=\"elementor-button-text\">CUBRE COLCH\u00d3N + MANTA<\/span>\n\t\t\t\t\t<\/span>\n\t\t\t\t\t<\/a>\n\t\t\t\t<\/div>\n\t\t\t\t\t\t\t\t<\/div>\n\t\t\t\t<\/div>\n\t\t\t\t\t<\/div>\n\t\t<\/div>\n\t\t\t\t<div class=\"elementor-column elementor-col-33 elementor-inner-column elementor-element elementor-element-160b676\" data-id=\"160b676\" data-element_type=\"column\">\n\t\t\t<div class=\"elementor-widget-wrap elementor-element-populated\">\n\t\t\t\t\t\t<div class=\"elementor-element elementor-element-5b5e5a6 elementor-widget elementor-widget-image\" data-id=\"5b5e5a6\" data-element_type=\"widget\" data-settings=\"{&quot;ekit_we_effect_on&quot;:&quot;none&quot;}\" data-widget_type=\"image.default\">\n\t\t\t\t<div class=\"elementor-widget-container\">\n\t\t\t\t\t\t\t\t\t\t\t\t\t\t\t<img decoding=\"async\" width=\"768\" height=\"1024\" src=\"https:\/\/lacamaazul.com\/es\/wp-content\/uploads\/2022\/06\/FOTO-CAMA-COMPLETA.jpeg\" class=\"attachment-large size-large wp-image-273\" alt=\"\" srcset=\"https:\/\/lacamaazul.com\/es\/wp-content\/uploads\/2022\/06\/FOTO-CAMA-COMPLETA.jpeg 768w, https:\/\/lacamaazul.com\/es\/wp-content\/uploads\/2022\/06\/FOTO-CAMA-COMPLETA-225x300.jpeg 225w, https:\/\/lacamaazul.com\/es\/wp-content\/uploads\/2022\/06\/FOTO-CAMA-COMPLETA-113x150.jpeg 113w, https:\/\/lacamaazul.com\/es\/wp-content\/uploads\/2022\/06\/FOTO-CAMA-COMPLETA-600x800.jpeg 600w\" sizes=\"(max-width: 768px) 100vw, 768px\" \/>\t\t\t\t\t\t\t\t\t\t\t\t\t\t\t<\/div>\n\t\t\t\t<\/div>\n\t\t\t\t<div class=\"elementor-element elementor-element-ad7e03d elementor-align-justify elementor-widget elementor-widget-button\" data-id=\"ad7e03d\" data-element_type=\"widget\" data-settings=\"{&quot;ekit_we_effect_on&quot;:&quot;none&quot;}\" data-widget_type=\"button.default\">\n\t\t\t\t<div class=\"elementor-widget-container\">\n\t\t\t\t\t\t\t\t\t<div class=\"elementor-button-wrapper\">\n\t\t\t\t\t<a class=\"elementor-button elementor-button-link elementor-size-sm\" href=\"http:\/\/lacamaazul.com\/tienda\/cama-completa\/\">\n\t\t\t\t\t\t<span class=\"elementor-button-content-wrapper\">\n\t\t\t\t\t\t\t\t\t<span class=\"elementor-button-text\">CAMA COMPLETA<\/span>\n\t\t\t\t\t<\/span>\n\t\t\t\t\t<\/a>\n\t\t\t\t<\/div>\n\t\t\t\t\t\t\t\t<\/div>\n\t\t\t\t<\/div>\n\t\t\t\t\t<\/div>\n\t\t<\/div>\n\t\t\t\t\t<\/div>\n\t\t<\/section>\n\t\t\t\t\t<\/div>\n\t\t<\/div>\n\t\t\t\t\t<\/div>\n\t\t<\/section>\n\t\t\t\t<\/div>\n\t\t","protected":false},"excerpt":{"rendered":"<p>Nuestro <strong>Somier de madera de haya ecol\u00f3gico<\/strong> est\u00e1 fabricado con productos 100% naturales.<\/p>\n<ul>\n<li>Madera de haya laminada natural con coporte pivotante de caucho natural.<\/li>\n<li>Patas y Lamas orientables de haya natural y Bastidor de 16cm.\u00a0Ajuste manualmente en 5 posiciones en la cabeza y el pie.<\/li>\n<li>Certificado OEKO-TEX garantizando que no poseen colorantes cancer\u00edgenos.<\/li>\n<\/ul>\n<p>El <strong>Colch\u00f3n Ecol\u00f3gico de L\u00e1tex org\u00e1nico 100% natural<\/strong>\u00a0 se compone de:<\/p>\n<ul>\n<li>Bloque de l\u00e1tex 100% natural de 80 kgs\/m3 de densidad, ergon\u00f3mico y adaptable con siete zonas de descanso diferentes.<\/li>\n<li>Se saca f\u00e1cilmente de su funda de algod\u00f3n 100% natural.\u00a0Ancho colch\u00f3n: 22cm.<\/li>\n<\/ul>\n<hr \/>\n<ul>\n<li>Entrega en 30 d\u00edas \/ Garant\u00eda de \u00a03 a\u00f1os.\u00a0<a href=\"http:\/\/lacamaazul.com\/contacto\/\">Cont\u00e1ctanos<\/a> con cualquier duda que tengas.<\/li>\n<\/ul>\n","protected":false},"featured_media":2918,"comment_status":"open","ping_status":"closed","template":"","meta":{"_joinchat":[]},"product_cat":[16,17],"product_tag":[119,118,120],"yoast_head":"<!-- This site is optimized with the Yoast SEO plugin v21.4 - https:\/\/yoast.com\/wordpress\/plugins\/seo\/ -->\n<title>Somier madera haya ecol\u00f3gico + Colch\u00f3n latex 100% natural - PROMOCI\u00d3N<\/title>\n<meta name=\"description\" content=\"Somier de madera de haya ecol\u00f3gico + Colch\u00f3n latex 100% natural - PROMOCI\u00d3N por tiempo limitado. Desc\u00fabrelo en La Cama azul.\" \/>\n<meta name=\"robots\" content=\"index, follow, max-snippet:-1, max-image-preview:large, max-video-preview:-1\" \/>\n<link rel=\"canonical\" href=\"https:\/\/lacamaazul.com\/es\/tienda\/somier-madera-de-haya-ecologico-colchon-latex-100-natural-promocion\/\" \/>\n<meta property=\"og:locale\" content=\"es_ES\" \/>\n<meta property=\"og:type\" content=\"article\" \/>\n<meta property=\"og:title\" content=\"Somier madera haya ecol\u00f3gico + Colch\u00f3n latex 100% natural - PROMOCI\u00d3N\" \/>\n<meta property=\"og:description\" content=\"Somier de madera de haya ecol\u00f3gico + Colch\u00f3n latex 100% natural - PROMOCI\u00d3N por tiempo limitado. Desc\u00fabrelo en La Cama azul.\" \/>\n<meta property=\"og:url\" content=\"https:\/\/lacamaazul.com\/es\/tienda\/somier-madera-de-haya-ecologico-colchon-latex-100-natural-promocion\/\" \/>\n<meta property=\"og:site_name\" content=\"La Cama Azul\" \/>\n<meta property=\"article:modified_time\" content=\"2026-04-13T14:57:10+00:00\" \/>\n<meta property=\"og:image\" content=\"https:\/\/lacamaazul.com\/es\/wp-content\/uploads\/2022\/06\/Somier-madera-de-haya-regulable-cabeza-pies-1.jpg\" \/>\n\t<meta property=\"og:image:width\" content=\"2000\" \/>\n\t<meta property=\"og:image:height\" content=\"1333\" \/>\n\t<meta property=\"og:image:type\" content=\"image\/jpeg\" \/>\n<meta name=\"twitter:card\" content=\"summary_large_image\" \/>\n<meta name=\"twitter:label1\" content=\"Tiempo de lectura\" \/>\n\t<meta name=\"twitter:data1\" content=\"2 minutos\" \/>\n<script type=\"application\/ld+json\" class=\"yoast-schema-graph\">{\"@context\":\"https:\/\/schema.org\",\"@graph\":[{\"@type\":\"WebPage\",\"@id\":\"https:\/\/lacamaazul.com\/es\/tienda\/somier-madera-de-haya-ecologico-colchon-latex-100-natural-promocion\/\",\"url\":\"https:\/\/lacamaazul.com\/es\/tienda\/somier-madera-de-haya-ecologico-colchon-latex-100-natural-promocion\/\",\"name\":\"Somier madera haya ecol\u00f3gico + Colch\u00f3n latex 100% natural - PROMOCI\u00d3N\",\"isPartOf\":{\"@id\":\"https:\/\/lacamaazul.com\/es\/#website\"},\"datePublished\":\"2026-04-12T19:35:10+00:00\",\"dateModified\":\"2026-04-13T14:57:10+00:00\",\"description\":\"Somier de madera de haya ecol\u00f3gico + Colch\u00f3n latex 100% natural - PROMOCI\u00d3N por tiempo limitado. Desc\u00fabrelo en La Cama azul.\",\"breadcrumb\":{\"@id\":\"https:\/\/lacamaazul.com\/es\/tienda\/somier-madera-de-haya-ecologico-colchon-latex-100-natural-promocion\/#breadcrumb\"},\"inLanguage\":\"es\",\"potentialAction\":[{\"@type\":\"ReadAction\",\"target\":[\"https:\/\/lacamaazul.com\/es\/tienda\/somier-madera-de-haya-ecologico-colchon-latex-100-natural-promocion\/\"]}]},{\"@type\":\"BreadcrumbList\",\"@id\":\"https:\/\/lacamaazul.com\/es\/tienda\/somier-madera-de-haya-ecologico-colchon-latex-100-natural-promocion\/#breadcrumb\",\"itemListElement\":[{\"@type\":\"ListItem\",\"position\":1,\"name\":\"Portada\",\"item\":\"https:\/\/lacamaazul.com\/es\/\"},{\"@type\":\"ListItem\",\"position\":2,\"name\":\"Tienda\",\"item\":\"https:\/\/lacamaazul.com\/es\/en\/tienda\/\"},{\"@type\":\"ListItem\",\"position\":3,\"name\":\"Somier madera de haya ecol\u00f3gico + Colch\u00f3n latex 100% natural &#8211; PROMOCI\u00d3N\"}]},{\"@type\":\"WebSite\",\"@id\":\"https:\/\/lacamaazul.com\/es\/#website\",\"url\":\"https:\/\/lacamaazul.com\/es\/\",\"name\":\"La Cama Azul\",\"description\":\"Tu Descanso con los mejores materiales\",\"publisher\":{\"@id\":\"https:\/\/lacamaazul.com\/es\/#organization\"},\"potentialAction\":[{\"@type\":\"SearchAction\",\"target\":{\"@type\":\"EntryPoint\",\"urlTemplate\":\"https:\/\/lacamaazul.com\/es\/?s={search_term_string}\"},\"query-input\":\"required name=search_term_string\"}],\"inLanguage\":\"es\"},{\"@type\":\"Organization\",\"@id\":\"https:\/\/lacamaazul.com\/es\/#organization\",\"name\":\"La Cama Azul\",\"url\":\"https:\/\/lacamaazul.com\/es\/\",\"logo\":{\"@type\":\"ImageObject\",\"inLanguage\":\"es\",\"@id\":\"https:\/\/lacamaazul.com\/es\/#\/schema\/logo\/image\/\",\"url\":\"https:\/\/lacamaazul.com\/es\/wp-content\/uploads\/2022\/07\/cropped-logo-nuevo2.png\",\"contentUrl\":\"https:\/\/lacamaazul.com\/es\/wp-content\/uploads\/2022\/07\/cropped-logo-nuevo2.png\",\"width\":163,\"height\":80,\"caption\":\"La Cama Azul\"},\"image\":{\"@id\":\"https:\/\/lacamaazul.com\/es\/#\/schema\/logo\/image\/\"}}]}<\/script>\n<!-- \/ Yoast SEO plugin. -->","yoast_head_json":{"title":"Somier madera haya ecol\u00f3gico + Colch\u00f3n latex 100% natural - PROMOCI\u00d3N","description":"Somier de madera de haya ecol\u00f3gico + Colch\u00f3n latex 100% natural - PROMOCI\u00d3N por tiempo limitado. Desc\u00fabrelo en La Cama azul.","robots":{"index":"index","follow":"follow","max-snippet":"max-snippet:-1","max-image-preview":"max-image-preview:large","max-video-preview":"max-video-preview:-1"},"canonical":"https:\/\/lacamaazul.com\/es\/tienda\/somier-madera-de-haya-ecologico-colchon-latex-100-natural-promocion\/","og_locale":"es_ES","og_type":"article","og_title":"Somier madera haya ecol\u00f3gico + Colch\u00f3n latex 100% natural - PROMOCI\u00d3N","og_description":"Somier de madera de haya ecol\u00f3gico + Colch\u00f3n latex 100% natural - PROMOCI\u00d3N por tiempo limitado. Desc\u00fabrelo en La Cama azul.","og_url":"https:\/\/lacamaazul.com\/es\/tienda\/somier-madera-de-haya-ecologico-colchon-latex-100-natural-promocion\/","og_site_name":"La Cama Azul","article_modified_time":"2026-04-13T14:57:10+00:00","og_image":[{"width":2000,"height":1333,"url":"https:\/\/lacamaazul.com\/es\/wp-content\/uploads\/2022\/06\/Somier-madera-de-haya-regulable-cabeza-pies-1.jpg","type":"image\/jpeg"}],"twitter_card":"summary_large_image","twitter_misc":{"Tiempo de lectura":"2 minutos"},"schema":{"@context":"https:\/\/schema.org","@graph":[{"@type":"WebPage","@id":"https:\/\/lacamaazul.com\/es\/tienda\/somier-madera-de-haya-ecologico-colchon-latex-100-natural-promocion\/","url":"https:\/\/lacamaazul.com\/es\/tienda\/somier-madera-de-haya-ecologico-colchon-latex-100-natural-promocion\/","name":"Somier madera haya ecol\u00f3gico + Colch\u00f3n latex 100% natural - PROMOCI\u00d3N","isPartOf":{"@id":"https:\/\/lacamaazul.com\/es\/#website"},"datePublished":"2026-04-12T19:35:10+00:00","dateModified":"2026-04-13T14:57:10+00:00","description":"Somier de madera de haya ecol\u00f3gico + Colch\u00f3n latex 100% natural - PROMOCI\u00d3N por tiempo limitado. Desc\u00fabrelo en La Cama azul.","breadcrumb":{"@id":"https:\/\/lacamaazul.com\/es\/tienda\/somier-madera-de-haya-ecologico-colchon-latex-100-natural-promocion\/#breadcrumb"},"inLanguage":"es","potentialAction":[{"@type":"ReadAction","target":["https:\/\/lacamaazul.com\/es\/tienda\/somier-madera-de-haya-ecologico-colchon-latex-100-natural-promocion\/"]}]},{"@type":"BreadcrumbList","@id":"https:\/\/lacamaazul.com\/es\/tienda\/somier-madera-de-haya-ecologico-colchon-latex-100-natural-promocion\/#breadcrumb","itemListElement":[{"@type":"ListItem","position":1,"name":"Portada","item":"https:\/\/lacamaazul.com\/es\/"},{"@type":"ListItem","position":2,"name":"Tienda","item":"https:\/\/lacamaazul.com\/es\/en\/tienda\/"},{"@type":"ListItem","position":3,"name":"Somier madera de haya ecol\u00f3gico + Colch\u00f3n latex 100% natural &#8211; PROMOCI\u00d3N"}]},{"@type":"WebSite","@id":"https:\/\/lacamaazul.com\/es\/#website","url":"https:\/\/lacamaazul.com\/es\/","name":"La Cama Azul","description":"Tu Descanso con los mejores materiales","publisher":{"@id":"https:\/\/lacamaazul.com\/es\/#organization"},"potentialAction":[{"@type":"SearchAction","target":{"@type":"EntryPoint","urlTemplate":"https:\/\/lacamaazul.com\/es\/?s={search_term_string}"},"query-input":"required name=search_term_string"}],"inLanguage":"es"},{"@type":"Organization","@id":"https:\/\/lacamaazul.com\/es\/#organization","name":"La Cama Azul","url":"https:\/\/lacamaazul.com\/es\/","logo":{"@type":"ImageObject","inLanguage":"es","@id":"https:\/\/lacamaazul.com\/es\/#\/schema\/logo\/image\/","url":"https:\/\/lacamaazul.com\/es\/wp-content\/uploads\/2022\/07\/cropped-logo-nuevo2.png","contentUrl":"https:\/\/lacamaazul.com\/es\/wp-content\/uploads\/2022\/07\/cropped-logo-nuevo2.png","width":163,"height":80,"caption":"La Cama Azul"},"image":{"@id":"https:\/\/lacamaazul.com\/es\/#\/schema\/logo\/image\/"}}]}},"_links":{"self":[{"href":"https:\/\/lacamaazul.com\/es\/wp-json\/wp\/v2\/product\/5860"}],"collection":[{"href":"https:\/\/lacamaazul.com\/es\/wp-json\/wp\/v2\/product"}],"about":[{"href":"https:\/\/lacamaazul.com\/es\/wp-json\/wp\/v2\/types\/product"}],"replies":[{"embeddable":true,"href":"https:\/\/lacamaazul.com\/es\/wp-json\/wp\/v2\/comments?post=5860"}],"version-history":[{"count":6,"href":"https:\/\/lacamaazul.com\/es\/wp-json\/wp\/v2\/product\/5860\/revisions"}],"predecessor-version":[{"id":5894,"href":"https:\/\/lacamaazul.com\/es\/wp-json\/wp\/v2\/product\/5860\/revisions\/5894"}],"wp:featuredmedia":[{"embeddable":true,"href":"https:\/\/lacamaazul.com\/es\/wp-json\/wp\/v2\/media\/2918"}],"wp:attachment":[{"href":"https:\/\/lacamaazul.com\/es\/wp-json\/wp\/v2\/media?parent=5860"}],"wp:term":[{"taxonomy":"product_cat","embeddable":true,"href":"https:\/\/lacamaazul.com\/es\/wp-json\/wp\/v2\/product_cat?post=5860"},{"taxonomy":"product_tag","embeddable":true,"href":"https:\/\/lacamaazul.com\/es\/wp-json\/wp\/v2\/product_tag?post=5860"}],"curies":[{"name":"wp","href":"https:\/\/api.w.org\/{rel}","templated":true}]}}